{"id":49153,"date":"2024-08-13T12:13:36","date_gmt":"2024-08-13T12:13:36","guid":{"rendered":"https:\/\/www.dewetron.com\/product\/uncategorized\/transportation-cases\/"},"modified":"2026-02-16T08:16:16","modified_gmt":"2026-02-16T08:16:16","slug":"transportkoffer","status":"publish","type":"product","link":"https:\/\/www.dewetron.com\/de\/produkte\/zubehoer\/transportkoffer\/","title":{"rendered":"Transportkoffer"},"content":{"rendered":"<div id=\"\" class=\"wp-block-product-filter-hero margin-bottom-none\">\n  <div class=\"container-fluid hero-section hero-wrapper p-0\">\n      <div class=\"position-relative\">\n          <!-- Diagonal Background -->\n          <div class=\"diagonal-bg  bg-midblue  d-none d-lg-block\"><\/div>\n        <div class=\"container\">\n          <div class=\"row main-content pt-7 pb-9\">\n            <div class=\"col-lg-6 offset-lg-1 image-content align-content-center download px-3 px-xl-0 px-xxl-0 order-lg-2 mb-5 mb-lg-0\">\n                                  <picture>\n                        <source\n                media=\"(max-width: 768px)\"\n                srcset=\"https:\/\/www.dewetron.com\/app\/uploads\/2024\/08\/Transportation-Box-DAQ-system-768x695.png, https:\/\/www.dewetron.com\/app\/uploads\/2024\/08\/Transportation-Box-DAQ-system.png 2x\"\n            \/>\n                    <source\n                media=\"(max-width: 900px)\"\n                srcset=\"https:\/\/www.dewetron.com\/app\/uploads\/2024\/08\/Transportation-Box-DAQ-system.png, https:\/\/www.dewetron.com\/app\/uploads\/2024\/08\/Transportation-Box-DAQ-system.png 2x\"\n            \/>\n                    <source\n                media=\"(max-width: 900px)\"\n                srcset=\"https:\/\/www.dewetron.com\/app\/uploads\/2024\/08\/Transportation-Box-DAQ-system.png, https:\/\/www.dewetron.com\/app\/uploads\/2024\/08\/Transportation-Box-DAQ-system.png 2x\"\n            \/>\n                    <source\n                media=\"(max-width: 900px)\"\n                srcset=\"https:\/\/www.dewetron.com\/app\/uploads\/2024\/08\/Transportation-Box-DAQ-system.png, https:\/\/www.dewetron.com\/app\/uploads\/2024\/08\/Transportation-Box-DAQ-system.png 2x\"\n            \/>\n                <img decoding=\"async\"\n        class=\"img-fluid\" size=\"full\" loading=\"eager\"\n        src=\"https:\/\/www.dewetron.com\/app\/uploads\/2024\/08\/Transportation-Box-DAQ-system.png\"\n        alt=\"\"\n        title=\"Safe and secure: Protect your DAQ system during transport with our robust transportation cases, available in both hard and soft options. \"\n        loading=\"lazy\"\n                    onerror=\"this.src = 'https:\/\/www.dewetron.com\/app\/themes\/dewetron\/public\/images\/fallback.8952c5.jpg'\"\n            >\n<\/picture>\n                                            <div class=\"downloads  d-none d-lg-block   \">\n    <div class=\"download-button\">\n      <button class=\"dewetron-btn\">\n        Downloads\n        <span class=\"download-list-opener\">\n          <svg width=\"12\" height=\"8\" viewBox=\"0 0 12 8\" fill=\"none\" xmlns=\"http:\/\/www.w3.org\/2000\/svg\">\n  <path d=\"M1 1L6 6L11 1\" stroke=\"#fff\" stroke-width=\"2\" stroke-linecap=\"round\"\/>\n<\/svg>        <\/span>\n      <\/button>\n    <\/div>\n    <div class=\"download-list-dropdown\">\n                                                                  <a href=\"https:\/\/ccc.dewetron.com\/dl\/produktkatalog\" class=\"file mt-1\" target=\"_blank\">\n                Produktkatalog\n              <\/a>\n                                  <\/div>\n  <\/div>\n            <\/div>\n            <div class=\"col-lg-5 text-content text-light order-lg-1\">\n                  <div class=\"hero-header-text content-wrapper\">\n  <div class=\"content\">\n          <div class=\"kicker mb-2\">\n          DAQ-Zubeh\u00f6r\n      <\/div>\n              <h3 class=\"h1\">TRANSPORTKOFFER<\/h1>\n              <h1 class=\"h3\">Zuverl\u00e4ssige Transportkoffer f\u00fcr Ihr Messsystem<\/h3>\n              <h4 class=\"text mb-5\">\n          <p>Transportieren Sie Ihr Datenerfassungssystem sicher mit unseren robusten Transportkoffern. Wir bieten sowohl Hartschalen- als auch Weichschalenkoffer an, die f\u00fcr einen sicheren Transport konzipiert sind. So k\u00f6nnen Sie die beste Option f\u00fcr Ihre spezifischen Anforderungen und Einsatzzwecke w\u00e4hlen. Egal, ob Sie maximalen Schutz oder Flexibilit\u00e4t ben\u00f6tigen, unsere Koffer sorgen daf\u00fcr, dass Ihr Messsystem sicher und einsatzbereit ankommt.<\/p>\n\n      <\/h4>\n              <div class=\"link-button d-flex flex-wrap\">\n                  <a class=\"dewetron-btn\" href=\"https:\/\/www.dewetron.com\/de\/kontakt\/\" target=\"\">\n          \n      <span>JETZT KONTAKTIEREN<\/span>\n      <\/a>\n                          <a class=\"dewetron-btn\" href=\"https:\/\/www.dewetron.com\/de\/demo\/\" target=\"\">\n          \n      <span>ONLINE-DEMO BUCHEN<\/span>\n      <\/a>\n                          <div class=\"downloads   d-lg-none  \">\n    <div class=\"download-button\">\n      <button class=\"dewetron-btn\">\n        Downloads\n        <span class=\"download-list-opener\">\n          <svg width=\"12\" height=\"8\" viewBox=\"0 0 12 8\" fill=\"none\" xmlns=\"http:\/\/www.w3.org\/2000\/svg\">\n  <path d=\"M1 1L6 6L11 1\" stroke=\"#fff\" stroke-width=\"2\" stroke-linecap=\"round\"\/>\n<\/svg>        <\/span>\n      <\/button>\n    <\/div>\n    <div class=\"download-list-dropdown\">\n                                                                  <a href=\"https:\/\/ccc.dewetron.com\/dl\/produktkatalog\" class=\"file mt-1\" target=\"_blank\">\n                Produktkatalog\n              <\/a>\n                                  <\/div>\n  <\/div>\n              <\/div>\n      <\/div>\n<\/div>\n            <\/div>\n          <\/div>\n        <\/div>\n      <\/div>\n  <\/div>\n<\/div>\n\n\n<div id=\"\" class=\"wp-block-text-image-tile-gray variant-1 margin-bottom-none\">\n  <div class=\"container-fluid pb-9  pt-9  bg-container\">\n    <div class=\"container position-relative\">\n      <div class=\"card\">\n        <div class=\"row flex-row flex-wrap align-items-center\">\n          <div class=\"content-wrapper col-12 col-lg-6 mt-7 mt-lg-0 \">\n            <div class=\"content\">\n              <div class=\"kicker mb-2\">\n                \n              <\/div>\n                              <h2 class=\"h2\">Hartschalenkoffer: Ultimativer Schutz f\u00fcr Ihr DAQ-System<\/h2>\n                                            <p class=\"mb-5\">\n                  <p>Unsere Hartschalenkoffer bieten maximalen Schutz f\u00fcr Ihr DAQ-System w\u00e4hrend des Transports. Diese Koffer sind f\u00fcr harte Bedingungen ausgelegt und sorgen daf\u00fcr, dass Ihre Ger\u00e4te sicher und unbesch\u00e4digt bleiben, egal, wohin Sie Ihre Arbeit f\u00fchrt. Sie sind ideal f\u00fcr raue Umgebungen geeignet und bieten einen zuverl\u00e4ssigen, dauerhaften Schutz f\u00fcr Ihre wertvollen Instrumente.<\/p>\n\n                <\/p>\n                            <div class=\"link-button d-flex flex-wrap\">\n                              <\/div>\n            <\/div>\n          <\/div>\n          <div class=\"image-wrapper col-12 col-lg-5  offset-lg-1  mb-2 mb-lg-0\">\n            <picture>\n                        <source\n                media=\"(max-width: 768px)\"\n                srcset=\"https:\/\/www.dewetron.com\/app\/uploads\/2024\/09\/DEWE-2600-transportation-case-open-and-closed-768x477.png, https:\/\/www.dewetron.com\/app\/uploads\/2024\/09\/DEWE-2600-transportation-case-open-and-closed.png 2x\"\n            \/>\n                    <source\n                media=\"(max-width: 900px)\"\n                srcset=\"https:\/\/www.dewetron.com\/app\/uploads\/2024\/09\/DEWE-2600-transportation-case-open-and-closed.png, https:\/\/www.dewetron.com\/app\/uploads\/2024\/09\/DEWE-2600-transportation-case-open-and-closed.png 2x\"\n            \/>\n                    <source\n                media=\"(max-width: 900px)\"\n                srcset=\"https:\/\/www.dewetron.com\/app\/uploads\/2024\/09\/DEWE-2600-transportation-case-open-and-closed.png, https:\/\/www.dewetron.com\/app\/uploads\/2024\/09\/DEWE-2600-transportation-case-open-and-closed.png 2x\"\n            \/>\n                    <source\n                media=\"(max-width: 900px)\"\n                srcset=\"https:\/\/www.dewetron.com\/app\/uploads\/2024\/09\/DEWE-2600-transportation-case-open-and-closed.png, https:\/\/www.dewetron.com\/app\/uploads\/2024\/09\/DEWE-2600-transportation-case-open-and-closed.png 2x\"\n            \/>\n                <img decoding=\"async\"\n        class=\"img-fluid\" size=\"full\"\n        src=\"https:\/\/www.dewetron.com\/app\/uploads\/2024\/09\/DEWE-2600-transportation-case-open-and-closed.png\"\n        alt=\"\"\n        title=\"\"\n        loading=\"lazy\"\n                    onerror=\"this.src = 'https:\/\/www.dewetron.com\/app\/themes\/dewetron\/public\/images\/fallback.8952c5.jpg'\"\n            >\n<\/picture>\n          <\/div>\n        <\/div>\n      <\/div>\n    <\/div>\n  <\/div>\n<\/div>\n\n\n<div id=\"\" class=\"wp-block-text-image-tile-gray variant-1 margin-bottom-none\">\n  <div class=\"container-fluid pb-9  pt-5  bg-container\">\n    <div class=\"container position-relative\">\n      <div class=\"card\">\n        <div class=\"row flex-row flex-wrap align-items-center\">\n          <div class=\"content-wrapper col-12 col-lg-6 mt-7 mt-lg-0 \">\n            <div class=\"content\">\n              <div class=\"kicker mb-2\">\n                \n              <\/div>\n                              <h2 class=\"h2\">Softcases: flexibler und leichter Schutz<\/h2>\n                                            <p class=\"mb-5\">\n                  <p>Unsere Softcases bieten eine leichte und flexible L\u00f6sung f\u00fcr den Transport Ihres DAQ-Systems. Sie wurden f\u00fcr eine einfache Handhabung entwickelt und bieten zuverl\u00e4ssigen Schutz, w\u00e4hrend sie gleichzeitig eine bequeme Handhabung und Portabilit\u00e4t erm\u00f6glichen. Sie eignen sich perfekt f\u00fcr Situationen, in denen Mobilit\u00e4t und Zug\u00e4nglichkeit wichtig sind, und sch\u00fctzen Ihre Ger\u00e4te, ohne dass sie den Platz eines Hartschalenkoffers ben\u00f6tigen.<\/p>\n\n                <\/p>\n                            <div class=\"link-button d-flex flex-wrap\">\n                              <\/div>\n            <\/div>\n          <\/div>\n          <div class=\"image-wrapper col-12 col-lg-5  offset-lg-1  mb-2 mb-lg-0\">\n            <picture>\n                        <source\n                media=\"(max-width: 768px)\"\n                srcset=\"https:\/\/www.dewetron.com\/app\/uploads\/2024\/09\/PUREC-protection-sleeve-768x576.png, https:\/\/www.dewetron.com\/app\/uploads\/2024\/09\/PUREC-protection-sleeve.png 2x\"\n            \/>\n                    <source\n                media=\"(max-width: 900px)\"\n                srcset=\"https:\/\/www.dewetron.com\/app\/uploads\/2024\/09\/PUREC-protection-sleeve.png, https:\/\/www.dewetron.com\/app\/uploads\/2024\/09\/PUREC-protection-sleeve.png 2x\"\n            \/>\n                    <source\n                media=\"(max-width: 900px)\"\n                srcset=\"https:\/\/www.dewetron.com\/app\/uploads\/2024\/09\/PUREC-protection-sleeve.png, https:\/\/www.dewetron.com\/app\/uploads\/2024\/09\/PUREC-protection-sleeve.png 2x\"\n            \/>\n                    <source\n                media=\"(max-width: 900px)\"\n                srcset=\"https:\/\/www.dewetron.com\/app\/uploads\/2024\/09\/PUREC-protection-sleeve.png, https:\/\/www.dewetron.com\/app\/uploads\/2024\/09\/PUREC-protection-sleeve.png 2x\"\n            \/>\n                <img decoding=\"async\"\n        class=\"img-fluid\" size=\"full\"\n        src=\"https:\/\/www.dewetron.com\/app\/uploads\/2024\/09\/PUREC-protection-sleeve.png\"\n        alt=\"\"\n        title=\"\"\n        loading=\"lazy\"\n                    onerror=\"this.src = 'https:\/\/www.dewetron.com\/app\/themes\/dewetron\/public\/images\/fallback.8952c5.jpg'\"\n            >\n<\/picture>\n          <\/div>\n        <\/div>\n      <\/div>\n    <\/div>\n  <\/div>\n<\/div>\n\n\n<div id=\"\" class=\"wp-block-claim-links-gray margin-bottom-none\">\n  <div class=\"container-fluid bg-container py-7 bg-darkgray\">\n    <div class=\"container position-relative\">\n      <div class=\"claim col-12 col-lg-8 offset-lg-2 text-center text-light\">\n                  <h3 class=\"h3 text-uppercase\">Ben\u00f6tigen Sie weitere Informationen \u00fcber Ihre Transportm\u00f6glichkeiten?<\/h3>\n                                  <div class=\"link-button d-flex flex-wrap mt-4 justify-content-center gap-4\">\n                          <a class=\"dewetron-btn\" href=\"https:\/\/www.dewetron.com\/de\/kontakt\/\" target=\"\">\n          \n      <span>Kontaktieren Sie uns <\/span>\n      <\/a>\n                                              <\/div>\n              <\/div>\n    <\/div>\n    <div class=\"triangle-left\">\n      <svg width=\"473\" height=\"469\" viewBox=\"0 0 473 469\" fill=\"none\" xmlns=\"http:\/\/www.w3.org\/2000\/svg\">\n<path d=\"M323.984 352.833H79.0486L13.0728 467.099V468.52H390.784L323.984 352.833Z\" fill=\"#B0B0AF\"\/>\n<path d=\"M134.967 0L-68 351.55L-2.02418 465.84L-0.810036 466.55L268.545 0H134.967Z\" fill=\"#B0B0AF\"\/>\n<path d=\"M472.154 352.833L275.853 12.8511L209.053 128.515L405.354 468.52L472.154 352.833Z\" fill=\"#B0B0AF\"\/>\n<\/svg>    <\/div>\n    <div class=\"triangle-right\">\n      <svg width=\"462\" height=\"644\" viewBox=\"0 0 462 644\" fill=\"none\" xmlns=\"http:\/\/www.w3.org\/2000\/svg\">\n<path d=\"M538.396 484.622H201.974L111.355 641.569V643.52H630.148L538.396 484.622Z\" fill=\"#B0B0AF\"\/>\n<path d=\"M278.779 0L0 482.86L90.6189 639.839L92.2865 640.814L462.251 0H278.779Z\" fill=\"#B0B0AF\"\/>\n<path d=\"M741.911 484.622L472.288 17.6514L380.537 176.518L650.159 643.52L741.911 484.622Z\" fill=\"#B0B0AF\"\/>\n<\/svg>    <\/div>\n  <\/div>\n<\/div>\n","protected":false},"featured_media":2594,"menu_order":148,"template":"","product_category":[367],"product_feature":[],"class_list":["post-49153","product","type-product","status-publish","has-post-thumbnail","hentry","product_category-zubehoer"],"acf":[],"yoast_head":"<!-- This site is optimized with the Yoast SEO Premium plugin v23.9 (Yoast SEO v27.2) - https:\/\/yoast.com\/product\/yoast-seo-premium-wordpress\/ -->\n<title>Transportkoffer f\u00fcr DEWETRON Messsysteme<\/title>\n<meta name=\"description\" content=\"Sch\u00fctzen Sie Ihr DEWETRON Messsystem w\u00e4hrend des Transports mit unseren Transportkoffern - robuste Hardcases oder flexible Softcases.\" \/>\n<meta name=\"robots\" content=\"index, follow, max-snippet:-1, max-image-preview:large, max-video-preview:-1\" \/>\n<link rel=\"canonical\" href=\"https:\/\/www.dewetron.com\/de\/produkte\/zubehoer\/transportkoffer\/\" \/>\n<meta property=\"og:locale\" content=\"de_DE\" \/>\n<meta property=\"og:type\" content=\"article\" \/>\n<meta property=\"og:title\" content=\"Transportkoffer\" \/>\n<meta property=\"og:description\" content=\"Sch\u00fctzen Sie Ihr DEWETRON Messsystem w\u00e4hrend des Transports mit unseren Transportkoffern - robuste Hardcases oder flexible Softcases.\" \/>\n<meta property=\"og:url\" content=\"https:\/\/www.dewetron.com\/de\/produkte\/zubehoer\/transportkoffer\/\" \/>\n<meta property=\"og:site_name\" content=\"DEWETRON\" \/>\n<meta property=\"article:publisher\" content=\"https:\/\/www.facebook.com\/dewetron.gmbh\" \/>\n<meta property=\"article:modified_time\" content=\"2026-02-16T08:16:16+00:00\" \/>\n<meta property=\"og:image\" content=\"https:\/\/www.dewetron.com\/app\/uploads\/2024\/08\/Transportation-Box-DAQ-system.png\" \/>\n\t<meta property=\"og:image:width\" content=\"900\" \/>\n\t<meta property=\"og:image:height\" content=\"815\" \/>\n\t<meta property=\"og:image:type\" content=\"image\/png\" \/>\n<meta name=\"twitter:card\" content=\"summary_large_image\" \/>\n<meta name=\"twitter:label1\" content=\"Est. reading time\" \/>\n\t<meta name=\"twitter:data1\" content=\"1 minute\" \/>\n<script type=\"application\/ld+json\" class=\"yoast-schema-graph\">{\"@context\":\"https:\/\/schema.org\",\"@graph\":[{\"@type\":\"WebPage\",\"@id\":\"https:\/\/www.dewetron.com\/de\/produkte\/zubehoer\/transportkoffer\/\",\"url\":\"https:\/\/www.dewetron.com\/de\/produkte\/zubehoer\/transportkoffer\/\",\"name\":\"Transportkoffer f\u00fcr DEWETRON Messsysteme\",\"isPartOf\":{\"@id\":\"https:\/\/www.dewetron.com\/de\/#website\"},\"primaryImageOfPage\":{\"@id\":\"https:\/\/www.dewetron.com\/de\/produkte\/zubehoer\/transportkoffer\/#primaryimage\"},\"image\":{\"@id\":\"https:\/\/www.dewetron.com\/de\/produkte\/zubehoer\/transportkoffer\/#primaryimage\"},\"thumbnailUrl\":\"https:\/\/www.dewetron.com\/app\/uploads\/2024\/08\/Transportation-Box-DAQ-system.png\",\"datePublished\":\"2024-08-13T12:13:36+00:00\",\"dateModified\":\"2026-02-16T08:16:16+00:00\",\"description\":\"Sch\u00fctzen Sie Ihr DEWETRON Messsystem w\u00e4hrend des Transports mit unseren Transportkoffern - robuste Hardcases oder flexible Softcases.\",\"breadcrumb\":{\"@id\":\"https:\/\/www.dewetron.com\/de\/produkte\/zubehoer\/transportkoffer\/#breadcrumb\"},\"inLanguage\":\"de-DE\",\"potentialAction\":[{\"@type\":\"ReadAction\",\"target\":[\"https:\/\/www.dewetron.com\/de\/produkte\/zubehoer\/transportkoffer\/\"]}]},{\"@type\":\"ImageObject\",\"inLanguage\":\"de-DE\",\"@id\":\"https:\/\/www.dewetron.com\/de\/produkte\/zubehoer\/transportkoffer\/#primaryimage\",\"url\":\"https:\/\/www.dewetron.com\/app\/uploads\/2024\/08\/Transportation-Box-DAQ-system.png\",\"contentUrl\":\"https:\/\/www.dewetron.com\/app\/uploads\/2024\/08\/Transportation-Box-DAQ-system.png\",\"width\":900,\"height\":815,\"caption\":\"Transportation Cases\"},{\"@type\":\"BreadcrumbList\",\"@id\":\"https:\/\/www.dewetron.com\/de\/produkte\/zubehoer\/transportkoffer\/#breadcrumb\",\"itemListElement\":[{\"@type\":\"ListItem\",\"position\":1,\"name\":\"Home\",\"item\":\"https:\/\/www.dewetron.com\/de\/\"},{\"@type\":\"ListItem\",\"position\":2,\"name\":\"Transportkoffer\"}]},{\"@type\":\"WebSite\",\"@id\":\"https:\/\/www.dewetron.com\/de\/#website\",\"url\":\"https:\/\/www.dewetron.com\/de\/\",\"name\":\"DEWETRON\",\"description\":\"\",\"publisher\":{\"@id\":\"https:\/\/www.dewetron.com\/de\/#organization\"},\"potentialAction\":[{\"@type\":\"SearchAction\",\"target\":{\"@type\":\"EntryPoint\",\"urlTemplate\":\"https:\/\/www.dewetron.com\/de\/?s={search_term_string}\"},\"query-input\":{\"@type\":\"PropertyValueSpecification\",\"valueRequired\":true,\"valueName\":\"search_term_string\"}}],\"inLanguage\":\"de-DE\"},{\"@type\":\"Organization\",\"@id\":\"https:\/\/www.dewetron.com\/de\/#organization\",\"name\":\"DEWETRON\",\"url\":\"https:\/\/www.dewetron.com\/de\/\",\"logo\":{\"@type\":\"ImageObject\",\"inLanguage\":\"de-DE\",\"@id\":\"https:\/\/www.dewetron.com\/de\/#\/schema\/logo\/image\/\",\"url\":\"https:\/\/www.dewetron.com\/app\/uploads\/2024\/08\/DEWETRON-logo-text-and-image.png\",\"contentUrl\":\"https:\/\/www.dewetron.com\/app\/uploads\/2024\/08\/DEWETRON-logo-text-and-image.png\",\"width\":900,\"height\":979,\"caption\":\"DEWETRON\"},\"image\":{\"@id\":\"https:\/\/www.dewetron.com\/de\/#\/schema\/logo\/image\/\"},\"sameAs\":[\"https:\/\/www.facebook.com\/dewetron.gmbh\",\"https:\/\/www.linkedin.com\/company\/dewetron\/\",\"https:\/\/www.instagram.com\/wearedewetron\/\",\"https:\/\/www.youtube.com\/channel\/UCE76NeVVgWF65etH8E1bOog\"]}]}<\/script>\n<!-- \/ Yoast SEO Premium plugin. -->","yoast_head_json":{"title":"Transportkoffer f\u00fcr DEWETRON Messsysteme","description":"Sch\u00fctzen Sie Ihr DEWETRON Messsystem w\u00e4hrend des Transports mit unseren Transportkoffern - robuste Hardcases oder flexible Softcases.","robots":{"index":"index","follow":"follow","max-snippet":"max-snippet:-1","max-image-preview":"max-image-preview:large","max-video-preview":"max-video-preview:-1"},"canonical":"https:\/\/www.dewetron.com\/de\/produkte\/zubehoer\/transportkoffer\/","og_locale":"de_DE","og_type":"article","og_title":"Transportkoffer","og_description":"Sch\u00fctzen Sie Ihr DEWETRON Messsystem w\u00e4hrend des Transports mit unseren Transportkoffern - robuste Hardcases oder flexible Softcases.","og_url":"https:\/\/www.dewetron.com\/de\/produkte\/zubehoer\/transportkoffer\/","og_site_name":"DEWETRON","article_publisher":"https:\/\/www.facebook.com\/dewetron.gmbh","article_modified_time":"2026-02-16T08:16:16+00:00","og_image":[{"width":900,"height":815,"url":"https:\/\/www.dewetron.com\/app\/uploads\/2024\/08\/Transportation-Box-DAQ-system.png","type":"image\/png"}],"twitter_card":"summary_large_image","twitter_misc":{"Est. reading time":"1 minute"},"schema":{"@context":"https:\/\/schema.org","@graph":[{"@type":"WebPage","@id":"https:\/\/www.dewetron.com\/de\/produkte\/zubehoer\/transportkoffer\/","url":"https:\/\/www.dewetron.com\/de\/produkte\/zubehoer\/transportkoffer\/","name":"Transportkoffer f\u00fcr DEWETRON Messsysteme","isPartOf":{"@id":"https:\/\/www.dewetron.com\/de\/#website"},"primaryImageOfPage":{"@id":"https:\/\/www.dewetron.com\/de\/produkte\/zubehoer\/transportkoffer\/#primaryimage"},"image":{"@id":"https:\/\/www.dewetron.com\/de\/produkte\/zubehoer\/transportkoffer\/#primaryimage"},"thumbnailUrl":"https:\/\/www.dewetron.com\/app\/uploads\/2024\/08\/Transportation-Box-DAQ-system.png","datePublished":"2024-08-13T12:13:36+00:00","dateModified":"2026-02-16T08:16:16+00:00","description":"Sch\u00fctzen Sie Ihr DEWETRON Messsystem w\u00e4hrend des Transports mit unseren Transportkoffern - robuste Hardcases oder flexible Softcases.","breadcrumb":{"@id":"https:\/\/www.dewetron.com\/de\/produkte\/zubehoer\/transportkoffer\/#breadcrumb"},"inLanguage":"de-DE","potentialAction":[{"@type":"ReadAction","target":["https:\/\/www.dewetron.com\/de\/produkte\/zubehoer\/transportkoffer\/"]}]},{"@type":"ImageObject","inLanguage":"de-DE","@id":"https:\/\/www.dewetron.com\/de\/produkte\/zubehoer\/transportkoffer\/#primaryimage","url":"https:\/\/www.dewetron.com\/app\/uploads\/2024\/08\/Transportation-Box-DAQ-system.png","contentUrl":"https:\/\/www.dewetron.com\/app\/uploads\/2024\/08\/Transportation-Box-DAQ-system.png","width":900,"height":815,"caption":"Transportation Cases"},{"@type":"BreadcrumbList","@id":"https:\/\/www.dewetron.com\/de\/produkte\/zubehoer\/transportkoffer\/#breadcrumb","itemListElement":[{"@type":"ListItem","position":1,"name":"Home","item":"https:\/\/www.dewetron.com\/de\/"},{"@type":"ListItem","position":2,"name":"Transportkoffer"}]},{"@type":"WebSite","@id":"https:\/\/www.dewetron.com\/de\/#website","url":"https:\/\/www.dewetron.com\/de\/","name":"DEWETRON","description":"","publisher":{"@id":"https:\/\/www.dewetron.com\/de\/#organization"},"potentialAction":[{"@type":"SearchAction","target":{"@type":"EntryPoint","urlTemplate":"https:\/\/www.dewetron.com\/de\/?s={search_term_string}"},"query-input":{"@type":"PropertyValueSpecification","valueRequired":true,"valueName":"search_term_string"}}],"inLanguage":"de-DE"},{"@type":"Organization","@id":"https:\/\/www.dewetron.com\/de\/#organization","name":"DEWETRON","url":"https:\/\/www.dewetron.com\/de\/","logo":{"@type":"ImageObject","inLanguage":"de-DE","@id":"https:\/\/www.dewetron.com\/de\/#\/schema\/logo\/image\/","url":"https:\/\/www.dewetron.com\/app\/uploads\/2024\/08\/DEWETRON-logo-text-and-image.png","contentUrl":"https:\/\/www.dewetron.com\/app\/uploads\/2024\/08\/DEWETRON-logo-text-and-image.png","width":900,"height":979,"caption":"DEWETRON"},"image":{"@id":"https:\/\/www.dewetron.com\/de\/#\/schema\/logo\/image\/"},"sameAs":["https:\/\/www.facebook.com\/dewetron.gmbh","https:\/\/www.linkedin.com\/company\/dewetron\/","https:\/\/www.instagram.com\/wearedewetron\/","https:\/\/www.youtube.com\/channel\/UCE76NeVVgWF65etH8E1bOog"]}]}},"_links":{"self":[{"href":"https:\/\/www.dewetron.com\/de\/wp-json\/wp\/v2\/product\/49153","targetHints":{"allow":["GET"]}}],"collection":[{"href":"https:\/\/www.dewetron.com\/de\/wp-json\/wp\/v2\/product"}],"about":[{"href":"https:\/\/www.dewetron.com\/de\/wp-json\/wp\/v2\/types\/product"}],"version-history":[{"count":8,"href":"https:\/\/www.dewetron.com\/de\/wp-json\/wp\/v2\/product\/49153\/revisions"}],"predecessor-version":[{"id":62982,"href":"https:\/\/www.dewetron.com\/de\/wp-json\/wp\/v2\/product\/49153\/revisions\/62982"}],"wp:featuredmedia":[{"embeddable":true,"href":"https:\/\/www.dewetron.com\/de\/wp-json\/wp\/v2\/media\/2594"}],"wp:attachment":[{"href":"https:\/\/www.dewetron.com\/de\/wp-json\/wp\/v2\/media?parent=49153"}],"wp:term":[{"taxonomy":"product_category","embeddable":true,"href":"https:\/\/www.dewetron.com\/de\/wp-json\/wp\/v2\/product_category?post=49153"},{"taxonomy":"product_feature","embeddable":true,"href":"https:\/\/www.dewetron.com\/de\/wp-json\/wp\/v2\/product_feature?post=49153"}],"curies":[{"name":"wp","href":"https:\/\/api.w.org\/{rel}","templated":true}]}}