{"id":49148,"date":"2024-07-22T08:33:43","date_gmt":"2024-07-22T08:33:43","guid":{"rendered":"https:\/\/www.dewetron.com\/product\/uncategorized\/transducer-supply-box\/"},"modified":"2025-10-28T11:49:50","modified_gmt":"2025-10-28T11:49:50","slug":"versorgungsbox-stromwandler","status":"publish","type":"product","link":"https:\/\/www.dewetron.com\/de\/produkte\/zubehoer\/versorgungsbox-stromwandler\/","title":{"rendered":"Versorgungsbox f\u00fcr Stromwandler"},"content":{"rendered":"<div id=\"\" class=\"wp-block-product-filter-hero margin-bottom-none\">\n  <div class=\"container-fluid hero-section hero-wrapper p-0\">\n      <div class=\"position-relative\">\n          <!-- Diagonal Background -->\n          <div class=\"diagonal-bg  bg-midblue  d-none d-lg-block\"><\/div>\n        <div class=\"container\">\n          <div class=\"row main-content pt-7 pb-9\">\n            <div class=\"col-lg-6 offset-lg-1 image-content align-content-center download px-3 px-xl-0 px-xxl-0 order-lg-2 mb-5 mb-lg-0\">\n                                  <picture>\n                        <source\n                media=\"(max-width: 768px)\"\n                srcset=\"https:\/\/www.dewetron.com\/app\/uploads\/2024\/09\/Current-supply-box-with-transducers-and-clamps-768x307.png, https:\/\/www.dewetron.com\/app\/uploads\/2024\/09\/Current-supply-box-with-transducers-and-clamps.png 2x\"\n            \/>\n                    <source\n                media=\"(max-width: 900px)\"\n                srcset=\"https:\/\/www.dewetron.com\/app\/uploads\/2024\/09\/Current-supply-box-with-transducers-and-clamps.png, https:\/\/www.dewetron.com\/app\/uploads\/2024\/09\/Current-supply-box-with-transducers-and-clamps.png 2x\"\n            \/>\n                    <source\n                media=\"(max-width: 900px)\"\n                srcset=\"https:\/\/www.dewetron.com\/app\/uploads\/2024\/09\/Current-supply-box-with-transducers-and-clamps.png, https:\/\/www.dewetron.com\/app\/uploads\/2024\/09\/Current-supply-box-with-transducers-and-clamps.png 2x\"\n            \/>\n                    <source\n                media=\"(max-width: 900px)\"\n                srcset=\"https:\/\/www.dewetron.com\/app\/uploads\/2024\/09\/Current-supply-box-with-transducers-and-clamps.png, https:\/\/www.dewetron.com\/app\/uploads\/2024\/09\/Current-supply-box-with-transducers-and-clamps.png 2x\"\n            \/>\n                <img decoding=\"async\"\n        class=\"img-fluid\" size=\"full\" loading=\"eager\"\n        src=\"https:\/\/www.dewetron.com\/app\/uploads\/2024\/09\/Current-supply-box-with-transducers-and-clamps.png\"\n        alt=\"\"\n        title=\"Expand your DAQ system with the DW2-CLAMP-DC-POWER-8, a compact and rugged transducer supply box that powers up to 8 current clamps.\"\n        loading=\"lazy\"\n                    onerror=\"this.src = 'https:\/\/www.dewetron.com\/app\/themes\/dewetron\/public\/images\/fallback.8952c5.jpg'\"\n            >\n<\/picture>\n                                                        <\/div>\n            <div class=\"col-lg-5 text-content text-light order-lg-1\">\n                  <div class=\"hero-header-text content-wrapper\">\n  <div class=\"content\">\n          <div class=\"kicker mb-2\">\n          Erweiterungsbox f\u00fcr Stromzangen\n      <\/div>\n              <h3 class=\"h1\">STROMWANDLER-VERSORGUNGSBOX<\/h1>\n              <h1 class=\"h3\">Verbinden Sie Ihr Messsystem mit bis zu 8 Stromzangen<\/h3>\n              <h4 class=\"text mb-5\">\n          <p>Die DW2-CLAMP-DC-POWER-8 ist eine kompakte Erweiterungsbox, mit der Sie bis zu 8 Stromzangen an DEWE2- oder DEWE3-Systeme anschlie\u00dfen k\u00f6nnen. Dank der integrierten Stromversorgung und einem Stromanschluss f\u00fcr das Messger\u00e4t ist diese robuste L\u00f6sung perfekt f\u00fcr eine einfache Integration und bietet eine zuverl\u00e4ssige Leistung.<\/p>\n\n      <\/h4>\n              <div class=\"link-button d-flex flex-wrap\">\n                  <a class=\"dewetron-btn\" href=\"https:\/\/www.dewetron.com\/de\/kontakt\/\" target=\"\">\n          \n      <span>Angebot anfordern<\/span>\n      <\/a>\n                          <a class=\"dewetron-btn\" href=\"https:\/\/www.dewetron.com\/de\/demo\/\" target=\"\">\n          \n      <span>ONLINE-DEMO BUCHEN<\/span>\n      <\/a>\n                      <\/div>\n      <\/div>\n<\/div>\n            <\/div>\n          <\/div>\n        <\/div>\n      <\/div>\n  <\/div>\n<\/div>\n\n\n<div id=\"\" class=\"wp-block-text-image-tile-gray variant-1 margin-bottom-none\">\n  <div class=\"container-fluid pb-9  pt-5  bg-container\">\n    <div class=\"container position-relative\">\n      <div class=\"card\">\n        <div class=\"row flex-row flex-wrap align-items-center\">\n          <div class=\"content-wrapper col-12 col-lg-6 mt-7 mt-lg-0 \">\n            <div class=\"content\">\n              <div class=\"kicker mb-2\">\n                \n              <\/div>\n                              <h2 class=\"h2\">ROBUSTE &#038; KOMPAKTE STROMWANDLERVERSORGUNG<\/h2>\n                                            <p class=\"mb-5\">\n                  <p>Die DW2-CLAMP-DC-POWER-8 erweitert die Einsatzm\u00f6glichkeiten Ihrer DEWE2- oder DEWE3-Systeme. Sie ist kompatibel mit den Ger\u00e4ten DEWE3-A4, DEWE3-M4 und DEWE2 und erm\u00f6glicht Ihnen, gleichzeitig mehr Kan\u00e4le zu \u00fcberwachen \u2013 flexibel und einfach.<\/p>\n\n                <\/p>\n                            <div class=\"link-button d-flex flex-wrap\">\n                              <\/div>\n            <\/div>\n          <\/div>\n          <div class=\"image-wrapper col-12 col-lg-5  offset-lg-1  mb-2 mb-lg-0\">\n            <picture>\n                        <source\n                media=\"(max-width: 768px)\"\n                srcset=\"https:\/\/www.dewetron.com\/app\/uploads\/2024\/09\/DW2-DC-CLAMP-POWER-8_left-front-view-768x422.png, https:\/\/www.dewetron.com\/app\/uploads\/2024\/09\/DW2-DC-CLAMP-POWER-8_left-front-view.png 2x\"\n            \/>\n                    <source\n                media=\"(max-width: 900px)\"\n                srcset=\"https:\/\/www.dewetron.com\/app\/uploads\/2024\/09\/DW2-DC-CLAMP-POWER-8_left-front-view.png, https:\/\/www.dewetron.com\/app\/uploads\/2024\/09\/DW2-DC-CLAMP-POWER-8_left-front-view.png 2x\"\n            \/>\n                    <source\n                media=\"(max-width: 900px)\"\n                srcset=\"https:\/\/www.dewetron.com\/app\/uploads\/2024\/09\/DW2-DC-CLAMP-POWER-8_left-front-view.png, https:\/\/www.dewetron.com\/app\/uploads\/2024\/09\/DW2-DC-CLAMP-POWER-8_left-front-view.png 2x\"\n            \/>\n                    <source\n                media=\"(max-width: 900px)\"\n                srcset=\"https:\/\/www.dewetron.com\/app\/uploads\/2024\/09\/DW2-DC-CLAMP-POWER-8_left-front-view.png, https:\/\/www.dewetron.com\/app\/uploads\/2024\/09\/DW2-DC-CLAMP-POWER-8_left-front-view.png 2x\"\n            \/>\n                <img decoding=\"async\"\n        class=\"img-fluid\" size=\"full\"\n        src=\"https:\/\/www.dewetron.com\/app\/uploads\/2024\/09\/DW2-DC-CLAMP-POWER-8_left-front-view.png\"\n        alt=\"\"\n        title=\"\"\n        loading=\"lazy\"\n                    onerror=\"this.src = 'https:\/\/www.dewetron.com\/app\/themes\/dewetron\/public\/images\/fallback.8952c5.jpg'\"\n            >\n<\/picture>\n          <\/div>\n        <\/div>\n      <\/div>\n    <\/div>\n  <\/div>\n<\/div>\n\n\n<div id=\"\" class=\"wp-block-text-image-tile-gray variant-1 margin-bottom-none\">\n  <div class=\"container-fluid pb-9  pt-5  bg-container\">\n    <div class=\"container position-relative\">\n      <div class=\"card\">\n        <div class=\"row flex-row flex-wrap align-items-center\">\n          <div class=\"content-wrapper col-12 col-lg-6 mt-7 mt-lg-0 \">\n            <div class=\"content\">\n              <div class=\"kicker mb-2\">\n                \n              <\/div>\n                              <h2 class=\"h2\">VERSORGUNG VON BIS ZU 8 STROMZANGEN<\/h2>\n                                            <p class=\"mb-5\">\n                  <p>Ausgestattet mit einem integrierten Netzteil liefert die Transducer Supply Box die n\u00f6tige Energie f\u00fcr bis zu acht Stromzangen und gew\u00e4hrleistet eine zuverl\u00e4ssige Leistung mit Spannungsoptionen von \u00b115 V und +9 V. Dar\u00fcber hinaus verf\u00fcgt die Box \u00fcber einen Stromversorgungsanschluss, der mit einer Reihe von Eingangsspannungen (11 bis 32 V<sub>DC<\/sub>) kompatibel ist, was sie vielseitig f\u00fcr verschiedene Anwendungen macht.<\/p>\n\n                <\/p>\n                            <div class=\"link-button d-flex flex-wrap\">\n                                  <a class=\"dewetron-btn\" href=\"https:\/\/www.dewetron.com\/de\/product\/zubehoer\/stromwandler-und-stromzangen\/\" target=\"\">\n          \n      <span>MEHR \u00dcBER UNSERE STROMZANGEN<\/span>\n      <\/a>\n                              <\/div>\n            <\/div>\n          <\/div>\n          <div class=\"image-wrapper col-12 col-lg-5  offset-lg-1  mb-2 mb-lg-0\">\n            <picture>\n                        <source\n                media=\"(max-width: 768px)\"\n                srcset=\"https:\/\/www.dewetron.com\/app\/uploads\/2024\/09\/Current-supply-box-with-transducers-and-clamps-768x307.png, https:\/\/www.dewetron.com\/app\/uploads\/2024\/09\/Current-supply-box-with-transducers-and-clamps.png 2x\"\n            \/>\n                    <source\n                media=\"(max-width: 900px)\"\n                srcset=\"https:\/\/www.dewetron.com\/app\/uploads\/2024\/09\/Current-supply-box-with-transducers-and-clamps.png, https:\/\/www.dewetron.com\/app\/uploads\/2024\/09\/Current-supply-box-with-transducers-and-clamps.png 2x\"\n            \/>\n                    <source\n                media=\"(max-width: 900px)\"\n                srcset=\"https:\/\/www.dewetron.com\/app\/uploads\/2024\/09\/Current-supply-box-with-transducers-and-clamps.png, https:\/\/www.dewetron.com\/app\/uploads\/2024\/09\/Current-supply-box-with-transducers-and-clamps.png 2x\"\n            \/>\n                    <source\n                media=\"(max-width: 900px)\"\n                srcset=\"https:\/\/www.dewetron.com\/app\/uploads\/2024\/09\/Current-supply-box-with-transducers-and-clamps.png, https:\/\/www.dewetron.com\/app\/uploads\/2024\/09\/Current-supply-box-with-transducers-and-clamps.png 2x\"\n            \/>\n                <img decoding=\"async\"\n        class=\"img-fluid\" size=\"full\"\n        src=\"https:\/\/www.dewetron.com\/app\/uploads\/2024\/09\/Current-supply-box-with-transducers-and-clamps.png\"\n        alt=\"\"\n        title=\"Expand your DAQ system with the DW2-CLAMP-DC-POWER-8, a compact and rugged transducer supply box that powers up to 8 current clamps.\"\n        loading=\"lazy\"\n                    onerror=\"this.src = 'https:\/\/www.dewetron.com\/app\/themes\/dewetron\/public\/images\/fallback.8952c5.jpg'\"\n            >\n<\/picture>\n          <\/div>\n        <\/div>\n      <\/div>\n    <\/div>\n  <\/div>\n<\/div>\n\n\n<div id=\"\" class=\"wp-block-text-image-tile-gray variant-1 margin-bottom-none\">\n  <div class=\"container-fluid pb-9  pt-5  bg-container\">\n    <div class=\"container position-relative\">\n      <div class=\"card\">\n        <div class=\"row flex-row flex-wrap align-items-center\">\n          <div class=\"content-wrapper col-12 col-lg-6 mt-7 mt-lg-0 \">\n            <div class=\"content\">\n              <div class=\"kicker mb-2\">\n                \n              <\/div>\n                              <h2 class=\"h2\">EINFACHER ANSCHLUSS <br \/>\r\n<\/h2>\n                                            <p class=\"mb-5\">\n                  <p>Die Transducer Supply Box ist mit allen DEWE2- und DEWE3-Instrumenten nutzbar, wurde jedoch speziell f\u00fcr den Einsatz mit DEWE2\/DEWE3-A4 und DEWE2\/DEWE3-M4 entwickelt. Die mechanische Verbindung gew\u00e4hrleistet eine besonders einfache Handhabung, Montage und Nutzung.<\/p>\n\n                <\/p>\n                            <div class=\"link-button d-flex flex-wrap\">\n                              <\/div>\n            <\/div>\n          <\/div>\n          <div class=\"image-wrapper col-12 col-lg-5  offset-lg-1  mb-2 mb-lg-0\">\n            <picture>\n                        <source\n                media=\"(max-width: 768px)\"\n                srcset=\"https:\/\/www.dewetron.com\/app\/uploads\/2024\/09\/DW2-CLAMP-POWER-DC-8-S1-with-DEWE3-A4-768x622.png, https:\/\/www.dewetron.com\/app\/uploads\/2024\/09\/DW2-CLAMP-POWER-DC-8-S1-with-DEWE3-A4.png 2x\"\n            \/>\n                    <source\n                media=\"(max-width: 900px)\"\n                srcset=\"https:\/\/www.dewetron.com\/app\/uploads\/2024\/09\/DW2-CLAMP-POWER-DC-8-S1-with-DEWE3-A4.png, https:\/\/www.dewetron.com\/app\/uploads\/2024\/09\/DW2-CLAMP-POWER-DC-8-S1-with-DEWE3-A4.png 2x\"\n            \/>\n                    <source\n                media=\"(max-width: 900px)\"\n                srcset=\"https:\/\/www.dewetron.com\/app\/uploads\/2024\/09\/DW2-CLAMP-POWER-DC-8-S1-with-DEWE3-A4.png, https:\/\/www.dewetron.com\/app\/uploads\/2024\/09\/DW2-CLAMP-POWER-DC-8-S1-with-DEWE3-A4.png 2x\"\n            \/>\n                    <source\n                media=\"(max-width: 900px)\"\n                srcset=\"https:\/\/www.dewetron.com\/app\/uploads\/2024\/09\/DW2-CLAMP-POWER-DC-8-S1-with-DEWE3-A4.png, https:\/\/www.dewetron.com\/app\/uploads\/2024\/09\/DW2-CLAMP-POWER-DC-8-S1-with-DEWE3-A4.png 2x\"\n            \/>\n                <img decoding=\"async\"\n        class=\"img-fluid\" size=\"full\"\n        src=\"https:\/\/www.dewetron.com\/app\/uploads\/2024\/09\/DW2-CLAMP-POWER-DC-8-S1-with-DEWE3-A4.png\"\n        alt=\"\"\n        title=\"\"\n        loading=\"lazy\"\n                    onerror=\"this.src = 'https:\/\/www.dewetron.com\/app\/themes\/dewetron\/public\/images\/fallback.8952c5.jpg'\"\n            >\n<\/picture>\n          <\/div>\n        <\/div>\n      <\/div>\n    <\/div>\n  <\/div>\n<\/div>\n","protected":false},"featured_media":4033,"menu_order":151,"template":"","product_category":[367],"product_feature":[],"class_list":["post-49148","product","type-product","status-publish","has-post-thumbnail","hentry","product_category-zubehoer"],"acf":[],"yoast_head":"<!-- This site is optimized with the Yoast SEO Premium plugin v23.9 (Yoast SEO v27.2) - https:\/\/yoast.com\/product\/yoast-seo-premium-wordpress\/ -->\n<title>Stromwandler-Versorgungsbox f\u00fcr bis zu 8 Stromzangen<\/title>\n<meta name=\"description\" content=\"Erweitern Sie Ihr DEWETRON Messsystem mit der DW2-CLAMP-DC-POWER-8: kompakt f\u00fcr die Versorgung von bis zu 8 Stromzangen.\" \/>\n<meta name=\"robots\" content=\"index, follow, max-snippet:-1, max-image-preview:large, max-video-preview:-1\" \/>\n<link rel=\"canonical\" href=\"https:\/\/www.dewetron.com\/de\/produkte\/zubehoer\/versorgungsbox-stromwandler\/\" \/>\n<meta property=\"og:locale\" content=\"de_DE\" \/>\n<meta property=\"og:type\" content=\"article\" \/>\n<meta property=\"og:title\" content=\"Versorgungsbox f\u00fcr Stromwandler\" \/>\n<meta property=\"og:description\" content=\"Erweitern Sie Ihr DEWETRON Messsystem mit der DW2-CLAMP-DC-POWER-8: kompakt f\u00fcr die Versorgung von bis zu 8 Stromzangen.\" \/>\n<meta property=\"og:url\" content=\"https:\/\/www.dewetron.com\/de\/produkte\/zubehoer\/versorgungsbox-stromwandler\/\" \/>\n<meta property=\"og:site_name\" content=\"DEWETRON\" \/>\n<meta property=\"article:publisher\" content=\"https:\/\/www.facebook.com\/dewetron.gmbh\" \/>\n<meta property=\"article:modified_time\" content=\"2025-10-28T11:49:50+00:00\" \/>\n<meta property=\"og:image\" content=\"https:\/\/www.dewetron.com\/app\/uploads\/2024\/09\/Current-supply-box-with-transducers-and-clamps.png\" \/>\n\t<meta property=\"og:image:width\" content=\"900\" \/>\n\t<meta property=\"og:image:height\" content=\"360\" \/>\n\t<meta property=\"og:image:type\" content=\"image\/png\" \/>\n<meta name=\"twitter:card\" content=\"summary_large_image\" \/>\n<meta name=\"twitter:label1\" content=\"Est. reading time\" \/>\n\t<meta name=\"twitter:data1\" content=\"1 minute\" \/>\n<script type=\"application\/ld+json\" class=\"yoast-schema-graph\">{\"@context\":\"https:\/\/schema.org\",\"@graph\":[{\"@type\":\"WebPage\",\"@id\":\"https:\/\/www.dewetron.com\/de\/produkte\/zubehoer\/versorgungsbox-stromwandler\/\",\"url\":\"https:\/\/www.dewetron.com\/de\/produkte\/zubehoer\/versorgungsbox-stromwandler\/\",\"name\":\"Stromwandler-Versorgungsbox f\u00fcr bis zu 8 Stromzangen\",\"isPartOf\":{\"@id\":\"https:\/\/www.dewetron.com\/de\/#website\"},\"primaryImageOfPage\":{\"@id\":\"https:\/\/www.dewetron.com\/de\/produkte\/zubehoer\/versorgungsbox-stromwandler\/#primaryimage\"},\"image\":{\"@id\":\"https:\/\/www.dewetron.com\/de\/produkte\/zubehoer\/versorgungsbox-stromwandler\/#primaryimage\"},\"thumbnailUrl\":\"https:\/\/www.dewetron.com\/app\/uploads\/2024\/09\/Current-supply-box-with-transducers-and-clamps.png\",\"datePublished\":\"2024-07-22T08:33:43+00:00\",\"dateModified\":\"2025-10-28T11:49:50+00:00\",\"description\":\"Erweitern Sie Ihr DEWETRON Messsystem mit der DW2-CLAMP-DC-POWER-8: kompakt f\u00fcr die Versorgung von bis zu 8 Stromzangen.\",\"breadcrumb\":{\"@id\":\"https:\/\/www.dewetron.com\/de\/produkte\/zubehoer\/versorgungsbox-stromwandler\/#breadcrumb\"},\"inLanguage\":\"de-DE\",\"potentialAction\":[{\"@type\":\"ReadAction\",\"target\":[\"https:\/\/www.dewetron.com\/de\/produkte\/zubehoer\/versorgungsbox-stromwandler\/\"]}]},{\"@type\":\"ImageObject\",\"inLanguage\":\"de-DE\",\"@id\":\"https:\/\/www.dewetron.com\/de\/produkte\/zubehoer\/versorgungsbox-stromwandler\/#primaryimage\",\"url\":\"https:\/\/www.dewetron.com\/app\/uploads\/2024\/09\/Current-supply-box-with-transducers-and-clamps.png\",\"contentUrl\":\"https:\/\/www.dewetron.com\/app\/uploads\/2024\/09\/Current-supply-box-with-transducers-and-clamps.png\",\"width\":900,\"height\":360,\"caption\":\"Transducer Supply Box for up to 8 Current Clamps | DEWETRON\"},{\"@type\":\"BreadcrumbList\",\"@id\":\"https:\/\/www.dewetron.com\/de\/produkte\/zubehoer\/versorgungsbox-stromwandler\/#breadcrumb\",\"itemListElement\":[{\"@type\":\"ListItem\",\"position\":1,\"name\":\"Home\",\"item\":\"https:\/\/www.dewetron.com\/de\/\"},{\"@type\":\"ListItem\",\"position\":2,\"name\":\"Versorgungsbox f\u00fcr Stromwandler\"}]},{\"@type\":\"WebSite\",\"@id\":\"https:\/\/www.dewetron.com\/de\/#website\",\"url\":\"https:\/\/www.dewetron.com\/de\/\",\"name\":\"DEWETRON\",\"description\":\"\",\"publisher\":{\"@id\":\"https:\/\/www.dewetron.com\/de\/#organization\"},\"potentialAction\":[{\"@type\":\"SearchAction\",\"target\":{\"@type\":\"EntryPoint\",\"urlTemplate\":\"https:\/\/www.dewetron.com\/de\/?s={search_term_string}\"},\"query-input\":{\"@type\":\"PropertyValueSpecification\",\"valueRequired\":true,\"valueName\":\"search_term_string\"}}],\"inLanguage\":\"de-DE\"},{\"@type\":\"Organization\",\"@id\":\"https:\/\/www.dewetron.com\/de\/#organization\",\"name\":\"DEWETRON\",\"url\":\"https:\/\/www.dewetron.com\/de\/\",\"logo\":{\"@type\":\"ImageObject\",\"inLanguage\":\"de-DE\",\"@id\":\"https:\/\/www.dewetron.com\/de\/#\/schema\/logo\/image\/\",\"url\":\"https:\/\/www.dewetron.com\/app\/uploads\/2024\/08\/DEWETRON-logo-text-and-image.png\",\"contentUrl\":\"https:\/\/www.dewetron.com\/app\/uploads\/2024\/08\/DEWETRON-logo-text-and-image.png\",\"width\":900,\"height\":979,\"caption\":\"DEWETRON\"},\"image\":{\"@id\":\"https:\/\/www.dewetron.com\/de\/#\/schema\/logo\/image\/\"},\"sameAs\":[\"https:\/\/www.facebook.com\/dewetron.gmbh\",\"https:\/\/www.linkedin.com\/company\/dewetron\/\",\"https:\/\/www.instagram.com\/wearedewetron\/\",\"https:\/\/www.youtube.com\/channel\/UCE76NeVVgWF65etH8E1bOog\"]}]}<\/script>\n<!-- \/ Yoast SEO Premium plugin. -->","yoast_head_json":{"title":"Stromwandler-Versorgungsbox f\u00fcr bis zu 8 Stromzangen","description":"Erweitern Sie Ihr DEWETRON Messsystem mit der DW2-CLAMP-DC-POWER-8: kompakt f\u00fcr die Versorgung von bis zu 8 Stromzangen.","robots":{"index":"index","follow":"follow","max-snippet":"max-snippet:-1","max-image-preview":"max-image-preview:large","max-video-preview":"max-video-preview:-1"},"canonical":"https:\/\/www.dewetron.com\/de\/produkte\/zubehoer\/versorgungsbox-stromwandler\/","og_locale":"de_DE","og_type":"article","og_title":"Versorgungsbox f\u00fcr Stromwandler","og_description":"Erweitern Sie Ihr DEWETRON Messsystem mit der DW2-CLAMP-DC-POWER-8: kompakt f\u00fcr die Versorgung von bis zu 8 Stromzangen.","og_url":"https:\/\/www.dewetron.com\/de\/produkte\/zubehoer\/versorgungsbox-stromwandler\/","og_site_name":"DEWETRON","article_publisher":"https:\/\/www.facebook.com\/dewetron.gmbh","article_modified_time":"2025-10-28T11:49:50+00:00","og_image":[{"width":900,"height":360,"url":"https:\/\/www.dewetron.com\/app\/uploads\/2024\/09\/Current-supply-box-with-transducers-and-clamps.png","type":"image\/png"}],"twitter_card":"summary_large_image","twitter_misc":{"Est. reading time":"1 minute"},"schema":{"@context":"https:\/\/schema.org","@graph":[{"@type":"WebPage","@id":"https:\/\/www.dewetron.com\/de\/produkte\/zubehoer\/versorgungsbox-stromwandler\/","url":"https:\/\/www.dewetron.com\/de\/produkte\/zubehoer\/versorgungsbox-stromwandler\/","name":"Stromwandler-Versorgungsbox f\u00fcr bis zu 8 Stromzangen","isPartOf":{"@id":"https:\/\/www.dewetron.com\/de\/#website"},"primaryImageOfPage":{"@id":"https:\/\/www.dewetron.com\/de\/produkte\/zubehoer\/versorgungsbox-stromwandler\/#primaryimage"},"image":{"@id":"https:\/\/www.dewetron.com\/de\/produkte\/zubehoer\/versorgungsbox-stromwandler\/#primaryimage"},"thumbnailUrl":"https:\/\/www.dewetron.com\/app\/uploads\/2024\/09\/Current-supply-box-with-transducers-and-clamps.png","datePublished":"2024-07-22T08:33:43+00:00","dateModified":"2025-10-28T11:49:50+00:00","description":"Erweitern Sie Ihr DEWETRON Messsystem mit der DW2-CLAMP-DC-POWER-8: kompakt f\u00fcr die Versorgung von bis zu 8 Stromzangen.","breadcrumb":{"@id":"https:\/\/www.dewetron.com\/de\/produkte\/zubehoer\/versorgungsbox-stromwandler\/#breadcrumb"},"inLanguage":"de-DE","potentialAction":[{"@type":"ReadAction","target":["https:\/\/www.dewetron.com\/de\/produkte\/zubehoer\/versorgungsbox-stromwandler\/"]}]},{"@type":"ImageObject","inLanguage":"de-DE","@id":"https:\/\/www.dewetron.com\/de\/produkte\/zubehoer\/versorgungsbox-stromwandler\/#primaryimage","url":"https:\/\/www.dewetron.com\/app\/uploads\/2024\/09\/Current-supply-box-with-transducers-and-clamps.png","contentUrl":"https:\/\/www.dewetron.com\/app\/uploads\/2024\/09\/Current-supply-box-with-transducers-and-clamps.png","width":900,"height":360,"caption":"Transducer Supply Box for up to 8 Current Clamps | DEWETRON"},{"@type":"BreadcrumbList","@id":"https:\/\/www.dewetron.com\/de\/produkte\/zubehoer\/versorgungsbox-stromwandler\/#breadcrumb","itemListElement":[{"@type":"ListItem","position":1,"name":"Home","item":"https:\/\/www.dewetron.com\/de\/"},{"@type":"ListItem","position":2,"name":"Versorgungsbox f\u00fcr Stromwandler"}]},{"@type":"WebSite","@id":"https:\/\/www.dewetron.com\/de\/#website","url":"https:\/\/www.dewetron.com\/de\/","name":"DEWETRON","description":"","publisher":{"@id":"https:\/\/www.dewetron.com\/de\/#organization"},"potentialAction":[{"@type":"SearchAction","target":{"@type":"EntryPoint","urlTemplate":"https:\/\/www.dewetron.com\/de\/?s={search_term_string}"},"query-input":{"@type":"PropertyValueSpecification","valueRequired":true,"valueName":"search_term_string"}}],"inLanguage":"de-DE"},{"@type":"Organization","@id":"https:\/\/www.dewetron.com\/de\/#organization","name":"DEWETRON","url":"https:\/\/www.dewetron.com\/de\/","logo":{"@type":"ImageObject","inLanguage":"de-DE","@id":"https:\/\/www.dewetron.com\/de\/#\/schema\/logo\/image\/","url":"https:\/\/www.dewetron.com\/app\/uploads\/2024\/08\/DEWETRON-logo-text-and-image.png","contentUrl":"https:\/\/www.dewetron.com\/app\/uploads\/2024\/08\/DEWETRON-logo-text-and-image.png","width":900,"height":979,"caption":"DEWETRON"},"image":{"@id":"https:\/\/www.dewetron.com\/de\/#\/schema\/logo\/image\/"},"sameAs":["https:\/\/www.facebook.com\/dewetron.gmbh","https:\/\/www.linkedin.com\/company\/dewetron\/","https:\/\/www.instagram.com\/wearedewetron\/","https:\/\/www.youtube.com\/channel\/UCE76NeVVgWF65etH8E1bOog"]}]}},"_links":{"self":[{"href":"https:\/\/www.dewetron.com\/de\/wp-json\/wp\/v2\/product\/49148","targetHints":{"allow":["GET"]}}],"collection":[{"href":"https:\/\/www.dewetron.com\/de\/wp-json\/wp\/v2\/product"}],"about":[{"href":"https:\/\/www.dewetron.com\/de\/wp-json\/wp\/v2\/types\/product"}],"version-history":[{"count":8,"href":"https:\/\/www.dewetron.com\/de\/wp-json\/wp\/v2\/product\/49148\/revisions"}],"predecessor-version":[{"id":59191,"href":"https:\/\/www.dewetron.com\/de\/wp-json\/wp\/v2\/product\/49148\/revisions\/59191"}],"wp:featuredmedia":[{"embeddable":true,"href":"https:\/\/www.dewetron.com\/de\/wp-json\/wp\/v2\/media\/4033"}],"wp:attachment":[{"href":"https:\/\/www.dewetron.com\/de\/wp-json\/wp\/v2\/media?parent=49148"}],"wp:term":[{"taxonomy":"product_category","embeddable":true,"href":"https:\/\/www.dewetron.com\/de\/wp-json\/wp\/v2\/product_category?post=49148"},{"taxonomy":"product_feature","embeddable":true,"href":"https:\/\/www.dewetron.com\/de\/wp-json\/wp\/v2\/product_feature?post=49148"}],"curies":[{"name":"wp","href":"https:\/\/api.w.org\/{rel}","templated":true}]}}