{"id":49143,"date":"2024-07-17T07:17:36","date_gmt":"2024-07-17T07:17:36","guid":{"rendered":"https:\/\/www.dewetron.com\/product\/uncategorized\/independent-power-supply\/"},"modified":"2026-04-08T14:31:23","modified_gmt":"2026-04-08T14:31:23","slug":"stromversorgung","status":"publish","type":"product","link":"https:\/\/www.dewetron.com\/de\/produkte\/zubehoer\/stromversorgung\/","title":{"rendered":"Stromversorgung"},"content":{"rendered":"<div id=\"\" class=\"wp-block-product-filter-hero margin-bottom-none\">\n  <div class=\"container-fluid hero-section hero-wrapper p-0\">\n      <div class=\"position-relative\">\n          <!-- Diagonal Background -->\n          <div class=\"diagonal-bg  bg-midblue  d-none d-lg-block\"><\/div>\n        <div class=\"container\">\n          <div class=\"row main-content pt-7 pb-9\">\n            <div class=\"col-lg-6 offset-lg-1 image-content align-content-center download px-3 px-xl-0 px-xxl-0 order-lg-2 mb-5 mb-lg-0\">\n                                  <picture>\n                        <source\n                media=\"(max-width: 768px)\"\n                srcset=\"https:\/\/www.dewetron.com\/app\/uploads\/2024\/07\/power-supply-box-DW2-UPS-250-DC-768x262.png, https:\/\/www.dewetron.com\/app\/uploads\/2024\/07\/DW3-UPS-DC.png 2x\"\n            \/>\n                    <source\n                media=\"(max-width: 900px)\"\n                srcset=\"https:\/\/www.dewetron.com\/app\/uploads\/2024\/07\/DW3-UPS-DC.png, https:\/\/www.dewetron.com\/app\/uploads\/2024\/07\/DW3-UPS-DC.png 2x\"\n            \/>\n                    <source\n                media=\"(max-width: 900px)\"\n                srcset=\"https:\/\/www.dewetron.com\/app\/uploads\/2024\/07\/DW3-UPS-DC.png, https:\/\/www.dewetron.com\/app\/uploads\/2024\/07\/DW3-UPS-DC.png 2x\"\n            \/>\n                    <source\n                media=\"(max-width: 900px)\"\n                srcset=\"https:\/\/www.dewetron.com\/app\/uploads\/2024\/07\/DW3-UPS-DC.png, https:\/\/www.dewetron.com\/app\/uploads\/2024\/07\/DW3-UPS-DC.png 2x\"\n            \/>\n                <img decoding=\"async\"\n        class=\"img-fluid\" size=\"full\" loading=\"eager\"\n        src=\"https:\/\/www.dewetron.com\/app\/uploads\/2024\/07\/DW3-UPS-DC.png\"\n        alt=\"\"\n        title=\"DEWETRON&#039;s optional battery packs and system power supply, perfect for mobile applications and uninterrupted precise data collection\"\n        loading=\"lazy\"\n                    onerror=\"this.src = 'https:\/\/www.dewetron.com\/app\/themes\/dewetron\/public\/images\/fallback.8952c5.jpg'\"\n            >\n<\/picture>\n                                            <div class=\"downloads  d-none d-lg-block   \">\n    <div class=\"download-button\">\n      <button class=\"dewetron-btn\">\n        Downloads\n        <span class=\"download-list-opener\">\n          <svg width=\"12\" height=\"8\" viewBox=\"0 0 12 8\" fill=\"none\" xmlns=\"http:\/\/www.w3.org\/2000\/svg\">\n  <path d=\"M1 1L6 6L11 1\" stroke=\"#fff\" stroke-width=\"2\" stroke-linecap=\"round\"\/>\n<\/svg>        <\/span>\n      <\/button>\n    <\/div>\n    <div class=\"download-list-dropdown\">\n                                            <a href=\"https:\/\/ccc.dewetron.com\/dl\/69d60baf-e8d4-4067-9e6a-4697d9c49a3c\" class=\"file mt-1\" target=\"_blank\">\n                Handbuch DW3-UPS-DC\n              <\/a>\n                                                <a href=\"https:\/\/ccc.dewetron.com\/dl\/65cb6b05-747c-4eaa-9c51-4edbd9c49a3c\" class=\"file mt-1\" target=\"_blank\">\n                Datenblatt DEWE-POW-24-450\n              <\/a>\n                                                <a href=\"https:\/\/ccc.dewetron.com\/dl\/produktkatalog\" class=\"file mt-1\" target=\"_blank\">\n                Produktkatalog\n              <\/a>\n                                  <\/div>\n  <\/div>\n            <\/div>\n            <div class=\"col-lg-5 text-content text-light order-lg-1\">\n                  <div class=\"hero-header-text content-wrapper\">\n  <div class=\"content\">\n          <div class=\"kicker mb-2\">\n          Optionale Akkupacks\n      <\/div>\n              <h3 class=\"h1\">EXTERNE STROMVERSORGUNG<br \/>\r\n<\/h1>\n              <h1 class=\"h3\">Unabh\u00e4ngige Stromversorgung und Datenerfassung<\/h3>\n              <h4 class=\"text mb-5\">\n          <p>Das optional erh\u00e4ltliche Akkupack und das externe Systemnetzger\u00e4t verwandeln unsere Messsysteme in vollst\u00e4ndig unabh\u00e4ngige Datenerfassungssysteme. Besonders f\u00fcr mobile Anwendungen sind diese Zubeh\u00f6rteile ein echter Gamechanger.<\/p>\n\n      <\/h4>\n              <div class=\"link-button d-flex flex-wrap\">\n                  <a class=\"dewetron-btn\" href=\"https:\/\/www.dewetron.com\/de\/kontakt\/\" target=\"\">\n          \n      <span>Angebot anfordern<\/span>\n      <\/a>\n                          <a class=\"dewetron-btn\" href=\"https:\/\/www.dewetron.com\/de\/demo\/\" target=\"\">\n          \n      <span>ONLINE-DEMO BUCHEN<\/span>\n      <\/a>\n                          <div class=\"downloads   d-lg-none  \">\n    <div class=\"download-button\">\n      <button class=\"dewetron-btn\">\n        Downloads\n        <span class=\"download-list-opener\">\n          <svg width=\"12\" height=\"8\" viewBox=\"0 0 12 8\" fill=\"none\" xmlns=\"http:\/\/www.w3.org\/2000\/svg\">\n  <path d=\"M1 1L6 6L11 1\" stroke=\"#fff\" stroke-width=\"2\" stroke-linecap=\"round\"\/>\n<\/svg>        <\/span>\n      <\/button>\n    <\/div>\n    <div class=\"download-list-dropdown\">\n                                            <a href=\"https:\/\/ccc.dewetron.com\/dl\/69d60baf-e8d4-4067-9e6a-4697d9c49a3c\" class=\"file mt-1\" target=\"_blank\">\n                Handbuch DW3-UPS-DC\n              <\/a>\n                                                <a href=\"https:\/\/ccc.dewetron.com\/dl\/65cb6b05-747c-4eaa-9c51-4edbd9c49a3c\" class=\"file mt-1\" target=\"_blank\">\n                Datenblatt DEWE-POW-24-450\n              <\/a>\n                                                <a href=\"https:\/\/ccc.dewetron.com\/dl\/produktkatalog\" class=\"file mt-1\" target=\"_blank\">\n                Produktkatalog\n              <\/a>\n                                  <\/div>\n  <\/div>\n              <\/div>\n      <\/div>\n<\/div>\n            <\/div>\n          <\/div>\n        <\/div>\n      <\/div>\n  <\/div>\n<\/div>\n\n\n<div id=\"\" class=\"wp-block-text-image-tile-gray variant-2 margin-bottom-none\">\n  <div class=\"container-fluid pb-9  pt-9  bg-container\">\n    <div class=\"container position-relative\">\n      <div class=\"card\">\n        <div class=\"row flex-row flex-wrap align-items-center\">\n          <div class=\"content-wrapper col-12 col-lg-6 mt-7 mt-lg-0  offset-lg-1 \">\n            <div class=\"content\">\n              <div class=\"kicker mb-2\">\n                \n              <\/div>\n                              <h2 class=\"h2\">Akku-Box<\/h2>\n                                            <p class=\"mb-5\">\n                  <p>Dieses Akkupack (DW3-UPS-DC) enth\u00e4lt drei wiederaufladbare Akkus, die bis zu einer Stunde Betriebszeit erm\u00f6glichen. Dank der innovativen \u201eHot-Swap-Technologie\u201c k\u00f6nnen die Akkus w\u00e4hrend der laufenden Messung ausgetauscht werden. So ist ein unterbrechungsfreier mobiler Betrieb ohne externe Stromversorgung m\u00f6glich.<\/p>\n<ul>\n<li>Akkuladeger\u00e4t und Systemnetzger\u00e4t<\/li>\n<li>3 hot-swap-f\u00e4hige Akkus<\/li>\n<li>11 bis 32 V<sub>DC <\/sub>Eingangsspannung<\/li>\n<li>Ausgangsspannung:\n<ul>\n<li>24 bis 33,6 V<sub>DC<\/sub> (im Akkubetrieb)<\/li>\n<li>35,5 V<sub>DC<\/sub> (verbunden mit DC-Netz)<\/li>\n<\/ul>\n<\/li>\n<li>Lade- und Entladezustand \u00fcber USB-C<\/li>\n<li>OXYGEN-Plugin f\u00fcr nahtlose Integration und Fernsteuerung<\/li>\n<\/ul>\n\n                <\/p>\n                            <div class=\"link-button d-flex flex-wrap\">\n                              <\/div>\n            <\/div>\n          <\/div>\n          <div class=\"image-wrapper col-12 col-lg-5  mb-2 mb-lg-0\">\n            <picture>\n                        <source\n                media=\"(max-width: 768px)\"\n                srcset=\"https:\/\/www.dewetron.com\/app\/uploads\/2024\/07\/DW2-UPS-250-DC-battery-cover-removed-768x699.png, https:\/\/www.dewetron.com\/app\/uploads\/2024\/07\/DEWE3-A4-with-DW3-UPS-DC-batteries.jpg 2x\"\n            \/>\n                    <source\n                media=\"(max-width: 800px)\"\n                srcset=\"https:\/\/www.dewetron.com\/app\/uploads\/2024\/07\/DEWE3-A4-with-DW3-UPS-DC-batteries.jpg, https:\/\/www.dewetron.com\/app\/uploads\/2024\/07\/DEWE3-A4-with-DW3-UPS-DC-batteries.jpg 2x\"\n            \/>\n                    <source\n                media=\"(max-width: 800px)\"\n                srcset=\"https:\/\/www.dewetron.com\/app\/uploads\/2024\/07\/DEWE3-A4-with-DW3-UPS-DC-batteries.jpg, https:\/\/www.dewetron.com\/app\/uploads\/2024\/07\/DEWE3-A4-with-DW3-UPS-DC-batteries.jpg 2x\"\n            \/>\n                    <source\n                media=\"(max-width: 800px)\"\n                srcset=\"https:\/\/www.dewetron.com\/app\/uploads\/2024\/07\/DEWE3-A4-with-DW3-UPS-DC-batteries.jpg, https:\/\/www.dewetron.com\/app\/uploads\/2024\/07\/DEWE3-A4-with-DW3-UPS-DC-batteries.jpg 2x\"\n            \/>\n                <img decoding=\"async\"\n        class=\"img-fluid\" size=\"full\"\n        src=\"https:\/\/www.dewetron.com\/app\/uploads\/2024\/07\/DEWE3-A4-with-DW3-UPS-DC-batteries.jpg\"\n        alt=\"\"\n        title=\"\"\n        loading=\"lazy\"\n                    onerror=\"this.src = 'https:\/\/www.dewetron.com\/app\/themes\/dewetron\/public\/images\/fallback.8952c5.jpg'\"\n            >\n<\/picture>\n          <\/div>\n        <\/div>\n      <\/div>\n    <\/div>\n  <\/div>\n<\/div>\n\n\n<div id=\"\" class=\"wp-block-text-image-tile-gray variant-1 margin-bottom-none\">\n  <div class=\"container-fluid pb-9  pt-5  bg-container\">\n    <div class=\"container position-relative\">\n      <div class=\"card\">\n        <div class=\"row flex-row flex-wrap align-items-center\">\n          <div class=\"content-wrapper col-12 col-lg-6 mt-7 mt-lg-0 \">\n            <div class=\"content\">\n              <div class=\"kicker mb-2\">\n                \n              <\/div>\n                              <h2 class=\"h2\">Externe Systemnetzger\u00e4te<\/h2>\n                                            <p class=\"mb-5\">\n                  <ul>\n<li>Externes Systemnetzger\u00e4t (DEWE-POW-24-450)<\/li>\n<li>100 bis 240 V<sub>AC<\/sub> Eingangsspannung<\/li>\n<li>24 V<sub>DC<\/sub> Ausgangsspannung<\/li>\n<li>Max. 450 W<\/li>\n<\/ul>\n\n                <\/p>\n                            <div class=\"link-button d-flex flex-wrap\">\n                              <\/div>\n            <\/div>\n          <\/div>\n          <div class=\"image-wrapper col-12 col-lg-5  offset-lg-1  mb-2 mb-lg-0\">\n            <picture>\n                        <source\n                media=\"(max-width: 700px)\"\n                srcset=\"https:\/\/www.dewetron.com\/app\/uploads\/2024\/07\/DEWE-POW-24-450-power-supply.jpg, https:\/\/www.dewetron.com\/app\/uploads\/2024\/07\/DEWE-POW-24-450-power-supply.jpg 2x\"\n            \/>\n                    <source\n                media=\"(max-width: 700px)\"\n                srcset=\"https:\/\/www.dewetron.com\/app\/uploads\/2024\/07\/DEWE-POW-24-450-power-supply.jpg, https:\/\/www.dewetron.com\/app\/uploads\/2024\/07\/DEWE-POW-24-450-power-supply.jpg 2x\"\n            \/>\n                    <source\n                media=\"(max-width: 700px)\"\n                srcset=\"https:\/\/www.dewetron.com\/app\/uploads\/2024\/07\/DEWE-POW-24-450-power-supply.jpg, https:\/\/www.dewetron.com\/app\/uploads\/2024\/07\/DEWE-POW-24-450-power-supply.jpg 2x\"\n            \/>\n                    <source\n                media=\"(max-width: 700px)\"\n                srcset=\"https:\/\/www.dewetron.com\/app\/uploads\/2024\/07\/DEWE-POW-24-450-power-supply.jpg, https:\/\/www.dewetron.com\/app\/uploads\/2024\/07\/DEWE-POW-24-450-power-supply.jpg 2x\"\n            \/>\n                <img decoding=\"async\"\n        class=\"img-fluid\" size=\"full\"\n        src=\"https:\/\/www.dewetron.com\/app\/uploads\/2024\/07\/DEWE-POW-24-450-power-supply.jpg\"\n        alt=\"\"\n        title=\"\"\n        loading=\"lazy\"\n                    onerror=\"this.src = 'https:\/\/www.dewetron.com\/app\/themes\/dewetron\/public\/images\/fallback.8952c5.jpg'\"\n            >\n<\/picture>\n          <\/div>\n        <\/div>\n      <\/div>\n    <\/div>\n  <\/div>\n<\/div>\n\n\n","protected":false},"featured_media":3357,"menu_order":149,"template":"","product_category":[367],"product_feature":[],"class_list":["post-49143","product","type-product","status-publish","has-post-thumbnail","hentry","product_category-zubehoer"],"acf":[],"yoast_head":"<!-- This site is optimized with the Yoast SEO Premium plugin v23.9 (Yoast SEO v27.2) - https:\/\/yoast.com\/product\/yoast-seo-premium-wordpress\/ -->\n<title>Optionale Akkupacks f\u00fcr unabh\u00e4ngige Datenerfassung<\/title>\n<meta name=\"description\" content=\"DEWETRONs optionale Akkupacks und Systemstromversorgung, perfekt f\u00fcr mobile Anwendungen und ununterbrochene, pr\u00e4zise Datenerfassung.\" \/>\n<meta name=\"robots\" content=\"index, follow, max-snippet:-1, max-image-preview:large, max-video-preview:-1\" \/>\n<link rel=\"canonical\" href=\"https:\/\/www.dewetron.com\/de\/produkte\/zubehoer\/stromversorgung\/\" \/>\n<meta property=\"og:locale\" content=\"de_DE\" \/>\n<meta property=\"og:type\" content=\"article\" \/>\n<meta property=\"og:title\" content=\"Stromversorgung\" \/>\n<meta property=\"og:description\" content=\"DEWETRONs optionale Akkupacks und Systemstromversorgung, perfekt f\u00fcr mobile Anwendungen und ununterbrochene, pr\u00e4zise Datenerfassung.\" \/>\n<meta property=\"og:url\" content=\"https:\/\/www.dewetron.com\/de\/produkte\/zubehoer\/stromversorgung\/\" \/>\n<meta property=\"og:site_name\" content=\"DEWETRON\" \/>\n<meta property=\"article:publisher\" content=\"https:\/\/www.facebook.com\/dewetron.gmbh\" \/>\n<meta property=\"article:modified_time\" content=\"2026-04-08T14:31:23+00:00\" \/>\n<meta property=\"og:image\" content=\"https:\/\/www.dewetron.com\/app\/uploads\/2024\/07\/DEWE3-A4-with-DW3-UPS-DC-batteries.jpg\" \/>\n\t<meta property=\"og:image:width\" content=\"800\" \/>\n\t<meta property=\"og:image:height\" content=\"728\" \/>\n\t<meta property=\"og:image:type\" content=\"image\/png\" \/>\n<meta name=\"twitter:card\" content=\"summary_large_image\" \/>\n<meta name=\"twitter:label1\" content=\"Est. reading time\" \/>\n\t<meta name=\"twitter:data1\" content=\"1 minute\" \/>\n<script type=\"application\/ld+json\" class=\"yoast-schema-graph\">{\"@context\":\"https:\/\/schema.org\",\"@graph\":[{\"@type\":\"WebPage\",\"@id\":\"https:\/\/www.dewetron.com\/de\/produkte\/zubehoer\/stromversorgung\/\",\"url\":\"https:\/\/www.dewetron.com\/de\/produkte\/zubehoer\/stromversorgung\/\",\"name\":\"Optionale Akkupacks f\u00fcr unabh\u00e4ngige Datenerfassung\",\"isPartOf\":{\"@id\":\"https:\/\/www.dewetron.com\/de\/#website\"},\"primaryImageOfPage\":{\"@id\":\"https:\/\/www.dewetron.com\/de\/produkte\/zubehoer\/stromversorgung\/#primaryimage\"},\"image\":{\"@id\":\"https:\/\/www.dewetron.com\/de\/produkte\/zubehoer\/stromversorgung\/#primaryimage\"},\"thumbnailUrl\":\"https:\/\/www.dewetron.com\/app\/uploads\/2024\/07\/DEWE3-A4-with-DW3-UPS-DC-batteries.jpg\",\"datePublished\":\"2024-07-17T07:17:36+00:00\",\"dateModified\":\"2026-04-08T14:31:23+00:00\",\"description\":\"DEWETRONs optionale Akkupacks und Systemstromversorgung, perfekt f\u00fcr mobile Anwendungen und ununterbrochene, pr\u00e4zise Datenerfassung.\",\"breadcrumb\":{\"@id\":\"https:\/\/www.dewetron.com\/de\/produkte\/zubehoer\/stromversorgung\/#breadcrumb\"},\"inLanguage\":\"de-DE\",\"potentialAction\":[{\"@type\":\"ReadAction\",\"target\":[\"https:\/\/www.dewetron.com\/de\/produkte\/zubehoer\/stromversorgung\/\"]}]},{\"@type\":\"ImageObject\",\"inLanguage\":\"de-DE\",\"@id\":\"https:\/\/www.dewetron.com\/de\/produkte\/zubehoer\/stromversorgung\/#primaryimage\",\"url\":\"https:\/\/www.dewetron.com\/app\/uploads\/2024\/07\/DEWE3-A4-with-DW3-UPS-DC-batteries.jpg\",\"contentUrl\":\"https:\/\/www.dewetron.com\/app\/uploads\/2024\/07\/DEWE3-A4-with-DW3-UPS-DC-batteries.jpg\",\"width\":800,\"height\":728},{\"@type\":\"BreadcrumbList\",\"@id\":\"https:\/\/www.dewetron.com\/de\/produkte\/zubehoer\/stromversorgung\/#breadcrumb\",\"itemListElement\":[{\"@type\":\"ListItem\",\"position\":1,\"name\":\"Home\",\"item\":\"https:\/\/www.dewetron.com\/de\/\"},{\"@type\":\"ListItem\",\"position\":2,\"name\":\"Stromversorgung\"}]},{\"@type\":\"WebSite\",\"@id\":\"https:\/\/www.dewetron.com\/de\/#website\",\"url\":\"https:\/\/www.dewetron.com\/de\/\",\"name\":\"DEWETRON\",\"description\":\"\",\"publisher\":{\"@id\":\"https:\/\/www.dewetron.com\/de\/#organization\"},\"potentialAction\":[{\"@type\":\"SearchAction\",\"target\":{\"@type\":\"EntryPoint\",\"urlTemplate\":\"https:\/\/www.dewetron.com\/de\/?s={search_term_string}\"},\"query-input\":{\"@type\":\"PropertyValueSpecification\",\"valueRequired\":true,\"valueName\":\"search_term_string\"}}],\"inLanguage\":\"de-DE\"},{\"@type\":\"Organization\",\"@id\":\"https:\/\/www.dewetron.com\/de\/#organization\",\"name\":\"DEWETRON\",\"url\":\"https:\/\/www.dewetron.com\/de\/\",\"logo\":{\"@type\":\"ImageObject\",\"inLanguage\":\"de-DE\",\"@id\":\"https:\/\/www.dewetron.com\/de\/#\/schema\/logo\/image\/\",\"url\":\"https:\/\/www.dewetron.com\/app\/uploads\/2024\/08\/DEWETRON-logo-text-and-image.png\",\"contentUrl\":\"https:\/\/www.dewetron.com\/app\/uploads\/2024\/08\/DEWETRON-logo-text-and-image.png\",\"width\":900,\"height\":979,\"caption\":\"DEWETRON\"},\"image\":{\"@id\":\"https:\/\/www.dewetron.com\/de\/#\/schema\/logo\/image\/\"},\"sameAs\":[\"https:\/\/www.facebook.com\/dewetron.gmbh\",\"https:\/\/www.linkedin.com\/company\/dewetron\/\",\"https:\/\/www.instagram.com\/wearedewetron\/\",\"https:\/\/www.youtube.com\/channel\/UCE76NeVVgWF65etH8E1bOog\"]}]}<\/script>\n<!-- \/ Yoast SEO Premium plugin. -->","yoast_head_json":{"title":"Optionale Akkupacks f\u00fcr unabh\u00e4ngige Datenerfassung","description":"DEWETRONs optionale Akkupacks und Systemstromversorgung, perfekt f\u00fcr mobile Anwendungen und ununterbrochene, pr\u00e4zise Datenerfassung.","robots":{"index":"index","follow":"follow","max-snippet":"max-snippet:-1","max-image-preview":"max-image-preview:large","max-video-preview":"max-video-preview:-1"},"canonical":"https:\/\/www.dewetron.com\/de\/produkte\/zubehoer\/stromversorgung\/","og_locale":"de_DE","og_type":"article","og_title":"Stromversorgung","og_description":"DEWETRONs optionale Akkupacks und Systemstromversorgung, perfekt f\u00fcr mobile Anwendungen und ununterbrochene, pr\u00e4zise Datenerfassung.","og_url":"https:\/\/www.dewetron.com\/de\/produkte\/zubehoer\/stromversorgung\/","og_site_name":"DEWETRON","article_publisher":"https:\/\/www.facebook.com\/dewetron.gmbh","article_modified_time":"2026-04-08T14:31:23+00:00","og_image":[{"width":800,"height":728,"url":"https:\/\/www.dewetron.com\/app\/uploads\/2024\/07\/DEWE3-A4-with-DW3-UPS-DC-batteries.jpg","type":"image\/png"}],"twitter_card":"summary_large_image","twitter_misc":{"Est. reading time":"1 minute"},"schema":{"@context":"https:\/\/schema.org","@graph":[{"@type":"WebPage","@id":"https:\/\/www.dewetron.com\/de\/produkte\/zubehoer\/stromversorgung\/","url":"https:\/\/www.dewetron.com\/de\/produkte\/zubehoer\/stromversorgung\/","name":"Optionale Akkupacks f\u00fcr unabh\u00e4ngige Datenerfassung","isPartOf":{"@id":"https:\/\/www.dewetron.com\/de\/#website"},"primaryImageOfPage":{"@id":"https:\/\/www.dewetron.com\/de\/produkte\/zubehoer\/stromversorgung\/#primaryimage"},"image":{"@id":"https:\/\/www.dewetron.com\/de\/produkte\/zubehoer\/stromversorgung\/#primaryimage"},"thumbnailUrl":"https:\/\/www.dewetron.com\/app\/uploads\/2024\/07\/DEWE3-A4-with-DW3-UPS-DC-batteries.jpg","datePublished":"2024-07-17T07:17:36+00:00","dateModified":"2026-04-08T14:31:23+00:00","description":"DEWETRONs optionale Akkupacks und Systemstromversorgung, perfekt f\u00fcr mobile Anwendungen und ununterbrochene, pr\u00e4zise Datenerfassung.","breadcrumb":{"@id":"https:\/\/www.dewetron.com\/de\/produkte\/zubehoer\/stromversorgung\/#breadcrumb"},"inLanguage":"de-DE","potentialAction":[{"@type":"ReadAction","target":["https:\/\/www.dewetron.com\/de\/produkte\/zubehoer\/stromversorgung\/"]}]},{"@type":"ImageObject","inLanguage":"de-DE","@id":"https:\/\/www.dewetron.com\/de\/produkte\/zubehoer\/stromversorgung\/#primaryimage","url":"https:\/\/www.dewetron.com\/app\/uploads\/2024\/07\/DEWE3-A4-with-DW3-UPS-DC-batteries.jpg","contentUrl":"https:\/\/www.dewetron.com\/app\/uploads\/2024\/07\/DEWE3-A4-with-DW3-UPS-DC-batteries.jpg","width":800,"height":728},{"@type":"BreadcrumbList","@id":"https:\/\/www.dewetron.com\/de\/produkte\/zubehoer\/stromversorgung\/#breadcrumb","itemListElement":[{"@type":"ListItem","position":1,"name":"Home","item":"https:\/\/www.dewetron.com\/de\/"},{"@type":"ListItem","position":2,"name":"Stromversorgung"}]},{"@type":"WebSite","@id":"https:\/\/www.dewetron.com\/de\/#website","url":"https:\/\/www.dewetron.com\/de\/","name":"DEWETRON","description":"","publisher":{"@id":"https:\/\/www.dewetron.com\/de\/#organization"},"potentialAction":[{"@type":"SearchAction","target":{"@type":"EntryPoint","urlTemplate":"https:\/\/www.dewetron.com\/de\/?s={search_term_string}"},"query-input":{"@type":"PropertyValueSpecification","valueRequired":true,"valueName":"search_term_string"}}],"inLanguage":"de-DE"},{"@type":"Organization","@id":"https:\/\/www.dewetron.com\/de\/#organization","name":"DEWETRON","url":"https:\/\/www.dewetron.com\/de\/","logo":{"@type":"ImageObject","inLanguage":"de-DE","@id":"https:\/\/www.dewetron.com\/de\/#\/schema\/logo\/image\/","url":"https:\/\/www.dewetron.com\/app\/uploads\/2024\/08\/DEWETRON-logo-text-and-image.png","contentUrl":"https:\/\/www.dewetron.com\/app\/uploads\/2024\/08\/DEWETRON-logo-text-and-image.png","width":900,"height":979,"caption":"DEWETRON"},"image":{"@id":"https:\/\/www.dewetron.com\/de\/#\/schema\/logo\/image\/"},"sameAs":["https:\/\/www.facebook.com\/dewetron.gmbh","https:\/\/www.linkedin.com\/company\/dewetron\/","https:\/\/www.instagram.com\/wearedewetron\/","https:\/\/www.youtube.com\/channel\/UCE76NeVVgWF65etH8E1bOog"]}]}},"_links":{"self":[{"href":"https:\/\/www.dewetron.com\/de\/wp-json\/wp\/v2\/product\/49143","targetHints":{"allow":["GET"]}}],"collection":[{"href":"https:\/\/www.dewetron.com\/de\/wp-json\/wp\/v2\/product"}],"about":[{"href":"https:\/\/www.dewetron.com\/de\/wp-json\/wp\/v2\/types\/product"}],"version-history":[{"count":5,"href":"https:\/\/www.dewetron.com\/de\/wp-json\/wp\/v2\/product\/49143\/revisions"}],"predecessor-version":[{"id":63944,"href":"https:\/\/www.dewetron.com\/de\/wp-json\/wp\/v2\/product\/49143\/revisions\/63944"}],"wp:featuredmedia":[{"embeddable":true,"href":"https:\/\/www.dewetron.com\/de\/wp-json\/wp\/v2\/media\/3357"}],"wp:attachment":[{"href":"https:\/\/www.dewetron.com\/de\/wp-json\/wp\/v2\/media?parent=49143"}],"wp:term":[{"taxonomy":"product_category","embeddable":true,"href":"https:\/\/www.dewetron.com\/de\/wp-json\/wp\/v2\/product_category?post=49143"},{"taxonomy":"product_feature","embeddable":true,"href":"https:\/\/www.dewetron.com\/de\/wp-json\/wp\/v2\/product_feature?post=49143"}],"curies":[{"name":"wp","href":"https:\/\/api.w.org\/{rel}","templated":true}]}}