{"id":49123,"date":"2024-09-30T13:17:14","date_gmt":"2024-09-30T13:17:14","guid":{"rendered":"https:\/\/www.dewetron.com\/product\/uncategorized\/standalone-signal-conditioning\/"},"modified":"2025-10-28T10:02:06","modified_gmt":"2025-10-28T10:02:06","slug":"reine-signalkonditionierung","status":"publish","type":"product","link":"https:\/\/www.dewetron.com\/de\/produkte\/messverstaerker\/reine-signalkonditionierung\/","title":{"rendered":"Reine Signalkonditionierung"},"content":{"rendered":"<div id=\"\" class=\"wp-block-product-filter-hero margin-bottom-normal\">\n  <div class=\"container-fluid hero-section hero-wrapper p-0\">\n      <div class=\"position-relative\">\n          <!-- Diagonal Background -->\n          <div class=\"diagonal-bg  bg-midblue  d-none d-lg-block\"><\/div>\n        <div class=\"container\">\n          <div class=\"row main-content pt-7 pb-9\">\n            <div class=\"col-lg-6 offset-lg-1 image-content align-content-center download px-3 px-xl-0 px-xxl-0 order-lg-2 mb-5 mb-lg-0\">\n                                  <picture>\n                        <source\n                media=\"(max-width: 768px)\"\n                srcset=\"https:\/\/www.dewetron.com\/app\/uploads\/2024\/10\/DEWE-30-standalone-signal-conditioning-768x512.png, https:\/\/www.dewetron.com\/app\/uploads\/2024\/10\/DEWE-30-standalone-signal-conditioning.png 2x\"\n            \/>\n                    <source\n                media=\"(max-width: 900px)\"\n                srcset=\"https:\/\/www.dewetron.com\/app\/uploads\/2024\/10\/DEWE-30-standalone-signal-conditioning.png, https:\/\/www.dewetron.com\/app\/uploads\/2024\/10\/DEWE-30-standalone-signal-conditioning.png 2x\"\n            \/>\n                    <source\n                media=\"(max-width: 900px)\"\n                srcset=\"https:\/\/www.dewetron.com\/app\/uploads\/2024\/10\/DEWE-30-standalone-signal-conditioning.png, https:\/\/www.dewetron.com\/app\/uploads\/2024\/10\/DEWE-30-standalone-signal-conditioning.png 2x\"\n            \/>\n                    <source\n                media=\"(max-width: 900px)\"\n                srcset=\"https:\/\/www.dewetron.com\/app\/uploads\/2024\/10\/DEWE-30-standalone-signal-conditioning.png, https:\/\/www.dewetron.com\/app\/uploads\/2024\/10\/DEWE-30-standalone-signal-conditioning.png 2x\"\n            \/>\n                <img decoding=\"async\"\n        class=\"img-fluid\" size=\"full\" loading=\"eager\"\n        src=\"https:\/\/www.dewetron.com\/app\/uploads\/2024\/10\/DEWE-30-standalone-signal-conditioning.png\"\n        alt=\"\"\n        title=\"Combine isolation DAQP-STG amplifiers and DEWE-30-x chassis for pure signal conditioning and compatibility with a wide range of sensors.\"\n        loading=\"lazy\"\n                    onerror=\"this.src = 'https:\/\/www.dewetron.com\/app\/themes\/dewetron\/public\/images\/fallback.8952c5.jpg'\"\n            >\n<\/picture>\n                                            <div class=\"downloads  d-none d-lg-block   \">\n    <div class=\"download-button\">\n      <button class=\"dewetron-btn\">\n        Downloads\n        <span class=\"download-list-opener\">\n          <svg width=\"12\" height=\"8\" viewBox=\"0 0 12 8\" fill=\"none\" xmlns=\"http:\/\/www.w3.org\/2000\/svg\">\n  <path d=\"M1 1L6 6L11 1\" stroke=\"#fff\" stroke-width=\"2\" stroke-linecap=\"round\"\/>\n<\/svg>        <\/span>\n      <\/button>\n    <\/div>\n    <div class=\"download-list-dropdown\">\n                                            <a href=\"https:\/\/ccc.dewetron.com\/dl\/6613a425-5884-4c0c-9bd1-427cd9c49a3c\" class=\"file mt-1\" target=\"_blank\">\n                 Handbuch\n              <\/a>\n                                                <a href=\"https:\/\/ccc.dewetron.com\/dl\/60c1fb55-fcf8-4a27-b0a9-7998d9c49a3c\" class=\"file mt-1\" target=\"_blank\">\n                3D-Modell (pdf) DEWE-30-16\n              <\/a>\n                                                <a href=\"https:\/\/ccc.dewetron.com\/dl\/60c21144-210c-4e06-9c72-7e9bd9c49a3c\" class=\"file mt-1\" target=\"_blank\">\n                3D-Modell (stp) DEWE-30-16\n              <\/a>\n                                                <a href=\"https:\/\/ccc.dewetron.com\/dl\/produktkatalog\" class=\"file mt-1\" target=\"_blank\">\n                Produktkatalog\n              <\/a>\n                                  <\/div>\n  <\/div>\n            <\/div>\n            <div class=\"col-lg-5 text-content text-light order-lg-1\">\n                  <div class=\"hero-header-text content-wrapper\">\n  <div class=\"content\">\n          <div class=\"kicker mb-2\">\n          Universelle analoge Messungen\n      <\/div>\n              <h3 class=\"h1\">Eigenst\u00e4ndige, analoge Signalkonditionierung<\/h1>\n              <h1 class=\"h3\">REINE KONDITIONIERUNG der Signale<\/h3>\n              <h4 class=\"text mb-5\">\n          <p>Unser universeller, isolierter DAQP-STG-Verst\u00e4rker in Verbindung mit dem DEWE-30-x-Chassis bietet die perfekte Kombination f\u00fcr reine Signalkonditionierung. Das Geh\u00e4use ist speziell f\u00fcr isolierte Signalverst\u00e4rker entwickelt und eignet sich f\u00fcr eine Vielzahl von Sensoren.<\/p>\n\n      <\/h4>\n              <div class=\"link-button d-flex flex-wrap\">\n                  <a class=\"dewetron-btn\" href=\"https:\/\/www.dewetron.com\/de\/kontakt\/\" target=\"\">\n          \n      <span>JETZT KONTAKTIEREN<\/span>\n      <\/a>\n                          <a class=\"dewetron-btn\" href=\"https:\/\/www.dewetron.com\/de\/demo\/\" target=\"\">\n          \n      <span>ONLINE-DEMO BUCHEN<\/span>\n      <\/a>\n                          <div class=\"downloads   d-lg-none  \">\n    <div class=\"download-button\">\n      <button class=\"dewetron-btn\">\n        Downloads\n        <span class=\"download-list-opener\">\n          <svg width=\"12\" height=\"8\" viewBox=\"0 0 12 8\" fill=\"none\" xmlns=\"http:\/\/www.w3.org\/2000\/svg\">\n  <path d=\"M1 1L6 6L11 1\" stroke=\"#fff\" stroke-width=\"2\" stroke-linecap=\"round\"\/>\n<\/svg>        <\/span>\n      <\/button>\n    <\/div>\n    <div class=\"download-list-dropdown\">\n                                            <a href=\"https:\/\/ccc.dewetron.com\/dl\/6613a425-5884-4c0c-9bd1-427cd9c49a3c\" class=\"file mt-1\" target=\"_blank\">\n                 Handbuch\n              <\/a>\n                                                <a href=\"https:\/\/ccc.dewetron.com\/dl\/60c1fb55-fcf8-4a27-b0a9-7998d9c49a3c\" class=\"file mt-1\" target=\"_blank\">\n                3D-Modell (pdf) DEWE-30-16\n              <\/a>\n                                                <a href=\"https:\/\/ccc.dewetron.com\/dl\/60c21144-210c-4e06-9c72-7e9bd9c49a3c\" class=\"file mt-1\" target=\"_blank\">\n                3D-Modell (stp) DEWE-30-16\n              <\/a>\n                                                <a href=\"https:\/\/ccc.dewetron.com\/dl\/produktkatalog\" class=\"file mt-1\" target=\"_blank\">\n                Produktkatalog\n              <\/a>\n                                  <\/div>\n  <\/div>\n              <\/div>\n      <\/div>\n<\/div>\n            <\/div>\n          <\/div>\n        <\/div>\n      <\/div>\n  <\/div>\n<\/div>\n\n\n<div id=\"\" class=\"wp-block-text-columns margin-bottom-none\n      \">\n  <div class=\"container\">\n    <div class=\"row justify-content-center\">\n              <div class=\"col-12\">\n          <h2>ISOLIERTER UNIVERSAL-VERST\u00c4RKER DAQP-STG<\/h2>\n          <div class=\"content-size-normal\">\n            \n          <\/div>\n        <\/div>\n          <\/div>\n  <\/div>\n<\/div>\n\n\n<div id=\"\" class=\"wp-block-text-columns margin-bottom-normal\n      \">\n  <div class=\"container\">\n    <div class=\"row justify-content-between\">\n              <div class=\"col-12 col-md-4\">\n          <h2><\/h2>\n          <div class=\"content-size-normal\">\n            <p><img decoding=\"async\" class=\"alignleft wp-image-44932\" src=\"https:\/\/www.dewetron.com\/app\/uploads\/2024\/09\/DAQP-STG-module.png\" alt=\"\" \/><\/p>\n\n          <\/div>\n        <\/div>\n              <div class=\"col-12 col-md-4\">\n          <h5><\/h5>\n          <div class=\"content-size-normal\">\n            <p>Der isolierte Einkanal-Verst\u00e4rker DAQP-STG bietet eine Bandbreite von bis zu 300 kHz und eine hohe Isolation von bis zu 1,8 kV<sub>RMS.<\/sub><br \/>\nDie RS-485-Schnittstelle unterst\u00fctzt die einfache Konfiguration. Der DAQP-STG-Verst\u00e4rker bietet einen konditionierten Signalausgang von \u00b15 V.<\/p>\n\n          <\/div>\n        <\/div>\n              <div class=\"col-12 col-md-4\">\n          <h5><\/h5>\n          <div class=\"content-size-normal\">\n            <ul>\n<li>300 kHz Bandbreite<\/li>\n<li>350 V<sub>DC<\/sub> Isolierung<\/li>\n<li>Automatischer Sensorabgleich<\/li>\n<li>Interne Erg\u00e4nzung f\u00fcr \u00bd- und \u00bc-Br\u00fccke<\/li>\n<li>\u03bcV-Verst\u00e4rker mit hoher Bandbreite<\/li>\n<li>Stufenlos einstellbare Verst\u00e4rkung von 0,5 bis 10.000<\/li>\n<\/ul>\n\n          <\/div>\n        <\/div>\n          <\/div>\n  <\/div>\n<\/div>\n\n\n<div\n        id=\"\"\n        class=\"wp-block-table-component margin-bottom-normal\"\n    >\n        <div class=\"container \">\n            <div class=\"row flex-row flex-wrap\">\n                <div class=\"col-12  order-2 order-lg-1 mt-7 mt-lg-0\">\n                    <div class=\"content\">\n                                                    <div class=\"kicker mb-2\">\n                                \n                            <\/div>\n                        \n                                                    <h2 class=\"h2\">DEWE-30 &#8211; GEH\u00c4USE F\u00dcR MODULARE SIGNALKONDITIONIERUNG<\/h2>\n                                                                            <p class=\"mb-5\">\n                                Unser DEWE-30-Geh\u00e4use kann mit DAQP-Modulen best\u00fcckt werden und bieten konditionierte Signalausgangsoptionen von \u00b15 V oder \u00b110 V \u00fcber BNC-Buchsen oder einen mehrpoligen Stecker bei Verwendung von DAQP-Dynamikisolationsverst\u00e4rkern. Der mehrpolige Stecker kann so konfiguriert werden, dass er zu jeder A\/D-Karte passt und eine nahtlose 1:1-Signalverbindung mit hochwertigen Kabeln erm\u00f6glicht. Diese Module sind ideal f\u00fcr die Kanalerweiterung oder als Front-End f\u00fcr bestehende Schreiber und Logger.\n                            <\/p>\n                                            <\/div>\n                <\/div>\n            <\/div>\n            <div class=\"row\">\n                <div class=\"col-12\">\n                    <div class=\"table-holder\">\n                        <table>\n<tbody>\n<tr class=\"first-row\" style=\"border-bottom: 1px solid #cbcbcb;\">\n<td><\/td>\n<td class=\"image-cell\"><img loading=\"lazy\" decoding=\"async\" class=\"alignnone size-medium wp-image-44913\" src=\"https:\/\/www.dewetron.com\/app\/uploads\/2024\/10\/DEWE-30-16-300x123.jpg\" alt=\"\" width=\"300\" height=\"123\" srcset=\"https:\/\/www.dewetron.com\/app\/uploads\/2024\/10\/DEWE-30-16-300x123.jpg 300w, https:\/\/www.dewetron.com\/app\/uploads\/2024\/10\/DEWE-30-16-768x314.jpg 768w, https:\/\/www.dewetron.com\/app\/uploads\/2024\/10\/DEWE-30-16.jpg 900w\" sizes=\"auto, (max-width: 300px) 100vw, 300px\" \/><\/td>\n<td class=\"image-cell\"><img loading=\"lazy\" decoding=\"async\" class=\"alignnone size-medium wp-image-44910\" src=\"https:\/\/www.dewetron.com\/app\/uploads\/2024\/10\/DEWE-30-32-300x168.jpg\" alt=\"\" width=\"300\" height=\"168\" srcset=\"https:\/\/www.dewetron.com\/app\/uploads\/2024\/10\/DEWE-30-32-300x168.jpg 300w, https:\/\/www.dewetron.com\/app\/uploads\/2024\/10\/DEWE-30-32-768x431.jpg 768w, https:\/\/www.dewetron.com\/app\/uploads\/2024\/10\/DEWE-30-32.jpg 900w\" sizes=\"auto, (max-width: 300px) 100vw, 300px\" \/><\/td>\n<\/tr>\n<tr class=\"header-row\">\n<td class=\"label-cell\"><\/td>\n<td>DEWE-30-16<\/td>\n<td>DEWE-30-32<\/td>\n<\/tr>\n<tr>\n<td class=\"label-cell\">DOWNLOADS<\/td>\n<td><a href=\"https:\/\/ccc.dewetron.com\/dl\/6613a425-5884-4c0c-9bd1-427cd9c49a3c\" target=\"_blank\" rel=\"noopener\">Handbuch<\/a><br \/>\n<a href=\"https:\/\/ccc.dewetron.com\/dl\/60c1fb55-fcf8-4a27-b0a9-7998d9c49a3c\" target=\"_blank\" rel=\"noopener\">3D-Model (PDF)<\/a><\/td>\n<td><a href=\"https:\/\/ccc.dewetron.com\/dl\/6613a425-5884-4c0c-9bd1-427cd9c49a3c\" target=\"_blank\" rel=\"noopener\">Handbuch<\/a><\/td>\n<\/tr>\n<tr>\n<td class=\"label-cell\">MODUL-SLOTS<\/td>\n<td>16<\/td>\n<td>32<\/td>\n<\/tr>\n<tr>\n<td class=\"label-cell\">KONDITIONIERTE<br \/>\nAUSG\u00c4NGE<\/td>\n<td>\u00b15 V (\u00b110 V als Option), gepuffert<\/td>\n<td>\u00b15 V (\u00b110 V als Option), gepuffert<\/td>\n<\/tr>\n<tr>\n<td class=\"label-cell\">19&#8221; MONTAGE<\/td>\n<td>Ja<\/td>\n<td>Ja<\/td>\n<\/tr>\n<tr>\n<td class=\"label-cell\">GEWICHT<\/td>\n<td>Typ. 4 kg<br \/>\n(9 lb.)<\/td>\n<td>Typ. 7 kg<br \/>\n(15 lb.)<\/td>\n<\/tr>\n<tr>\n<td class=\"label-cell\">GR\u00d6SSE (B x T x H)<\/td>\n<td>435 x 245 x 133 mm<br \/>\n(17,1 x 9,6 x 5,2 in.)<\/td>\n<td>435 x 245 x 223 mm<br \/>\n(17,1 x 9,6 x 8,8 in.)<\/td>\n<\/tr>\n<\/tbody>\n<\/table>\n<p>&nbsp;<\/p>\n\n                    <\/div>\n                <\/div>\n            <\/div>\n        <\/div>\n    <\/div>\n\n\n<div id=\"\" class=\"wp-block-headline-cta margin-bottom-none\">\n      <h2 class=\"text-primary\">KOMBINATION VON TRION(3) &#038; DEWE3-SYSTEMEN<\/h2>\n  <\/div>\n\n\n<div\n  id=\"\"\n  class=\"wp-block-image margin-bottom-normal\n    \"\n>\n  <div class=\"container\">\n    <div class=\"row\">\n      <div class=\"col-12 text-center\">\n        <picture>\n                        <source\n                media=\"(max-width: 768px)\"\n                srcset=\"https:\/\/www.dewetron.com\/app\/uploads\/2024\/10\/combination-trion3-with-dewe-30-768x182.jpg, https:\/\/www.dewetron.com\/app\/uploads\/2024\/10\/combination-trion3-with-dewe-30-1024x243.jpg 2x\"\n            \/>\n                    <source\n                media=\"(max-width: 1024px)\"\n                srcset=\"https:\/\/www.dewetron.com\/app\/uploads\/2024\/10\/combination-trion3-with-dewe-30-1024x243.jpg, https:\/\/www.dewetron.com\/app\/uploads\/2024\/10\/combination-trion3-with-dewe-30-1536x364.jpg 2x\"\n            \/>\n                    <source\n                media=\"(max-width: 1536px)\"\n                srcset=\"https:\/\/www.dewetron.com\/app\/uploads\/2024\/10\/combination-trion3-with-dewe-30-1536x364.jpg, https:\/\/www.dewetron.com\/app\/uploads\/2024\/10\/combination-trion3-with-dewe-30.jpg 2x\"\n            \/>\n                    <source\n                media=\"(max-width: 1920px)\"\n                srcset=\"https:\/\/www.dewetron.com\/app\/uploads\/2024\/10\/combination-trion3-with-dewe-30.jpg, https:\/\/www.dewetron.com\/app\/uploads\/2024\/10\/combination-trion3-with-dewe-30.jpg 2x\"\n            \/>\n                <img decoding=\"async\"\n        class=\"img-fluid\"\n        src=\"https:\/\/www.dewetron.com\/app\/uploads\/2024\/10\/combination-trion3-with-dewe-30.jpg\"\n        alt=\"\"\n        title=\"\"\n        loading=\"lazy\"\n                    onerror=\"this.src = 'https:\/\/www.dewetron.com\/app\/themes\/dewetron\/public\/images\/fallback.8952c5.jpg'\"\n            >\n<\/picture>\n                  <div class=\"mt-2\">Verwenden Sie die TRION(3)-1802-dLV oder TRION(3)-1600-dLV als Eingangsmodule f\u00fcr die aufbereiteten Analogsignale.<\/div>\n              <\/div>\n    <\/div>\n  <\/div>\n<\/div>\n","protected":false},"featured_media":44901,"menu_order":136,"template":"","product_category":[366],"product_feature":[],"class_list":["post-49123","product","type-product","status-publish","has-post-thumbnail","hentry","product_category-messverstaerker"],"acf":[],"yoast_head":"<!-- This site is optimized with the Yoast SEO Premium plugin v23.9 (Yoast SEO v27.2) - https:\/\/yoast.com\/product\/yoast-seo-premium-wordpress\/ -->\n<title>Analoge Signalkonditionierung | DEWETRON<\/title>\n<meta name=\"description\" content=\"Unser universeller, isolierter DAQP-STG-Verst\u00e4rker in Kombination mit dem DEWE-30-x-Geh\u00e4use ist ideal f\u00fcr reine Signalkonditionierung.\" \/>\n<meta name=\"robots\" content=\"index, follow, max-snippet:-1, max-image-preview:large, max-video-preview:-1\" \/>\n<link rel=\"canonical\" href=\"https:\/\/www.dewetron.com\/de\/produkte\/messverstaerker\/reine-signalkonditionierung\/\" \/>\n<meta property=\"og:locale\" content=\"de_DE\" \/>\n<meta property=\"og:type\" content=\"article\" \/>\n<meta property=\"og:title\" content=\"Reine Signalkonditionierung\" \/>\n<meta property=\"og:description\" content=\"Unser universeller, isolierter DAQP-STG-Verst\u00e4rker in Kombination mit dem DEWE-30-x-Geh\u00e4use ist ideal f\u00fcr reine Signalkonditionierung.\" \/>\n<meta property=\"og:url\" content=\"https:\/\/www.dewetron.com\/de\/produkte\/messverstaerker\/reine-signalkonditionierung\/\" \/>\n<meta property=\"og:site_name\" content=\"DEWETRON\" \/>\n<meta property=\"article:publisher\" content=\"https:\/\/www.facebook.com\/dewetron.gmbh\" \/>\n<meta property=\"article:modified_time\" content=\"2025-10-28T10:02:06+00:00\" \/>\n<meta property=\"og:image\" content=\"https:\/\/www.dewetron.com\/app\/uploads\/2024\/10\/DEWE-30-standalone-signal-conditioning.png\" \/>\n\t<meta property=\"og:image:width\" content=\"900\" \/>\n\t<meta property=\"og:image:height\" content=\"600\" \/>\n\t<meta property=\"og:image:type\" content=\"image\/png\" \/>\n<meta name=\"twitter:card\" content=\"summary_large_image\" \/>\n<meta name=\"twitter:label1\" content=\"Est. reading time\" \/>\n\t<meta name=\"twitter:data1\" content=\"2 minutes\" \/>\n<script type=\"application\/ld+json\" class=\"yoast-schema-graph\">{\"@context\":\"https:\/\/schema.org\",\"@graph\":[{\"@type\":\"WebPage\",\"@id\":\"https:\/\/www.dewetron.com\/de\/produkte\/messverstaerker\/reine-signalkonditionierung\/\",\"url\":\"https:\/\/www.dewetron.com\/de\/produkte\/messverstaerker\/reine-signalkonditionierung\/\",\"name\":\"Analoge Signalkonditionierung | DEWETRON\",\"isPartOf\":{\"@id\":\"https:\/\/www.dewetron.com\/de\/#website\"},\"primaryImageOfPage\":{\"@id\":\"https:\/\/www.dewetron.com\/de\/produkte\/messverstaerker\/reine-signalkonditionierung\/#primaryimage\"},\"image\":{\"@id\":\"https:\/\/www.dewetron.com\/de\/produkte\/messverstaerker\/reine-signalkonditionierung\/#primaryimage\"},\"thumbnailUrl\":\"https:\/\/www.dewetron.com\/app\/uploads\/2024\/10\/DEWE-30-standalone-signal-conditioning.png\",\"datePublished\":\"2024-09-30T13:17:14+00:00\",\"dateModified\":\"2025-10-28T10:02:06+00:00\",\"description\":\"Unser universeller, isolierter DAQP-STG-Verst\u00e4rker in Kombination mit dem DEWE-30-x-Geh\u00e4use ist ideal f\u00fcr reine Signalkonditionierung.\",\"breadcrumb\":{\"@id\":\"https:\/\/www.dewetron.com\/de\/produkte\/messverstaerker\/reine-signalkonditionierung\/#breadcrumb\"},\"inLanguage\":\"de-DE\",\"potentialAction\":[{\"@type\":\"ReadAction\",\"target\":[\"https:\/\/www.dewetron.com\/de\/produkte\/messverstaerker\/reine-signalkonditionierung\/\"]}]},{\"@type\":\"ImageObject\",\"inLanguage\":\"de-DE\",\"@id\":\"https:\/\/www.dewetron.com\/de\/produkte\/messverstaerker\/reine-signalkonditionierung\/#primaryimage\",\"url\":\"https:\/\/www.dewetron.com\/app\/uploads\/2024\/10\/DEWE-30-standalone-signal-conditioning.png\",\"contentUrl\":\"https:\/\/www.dewetron.com\/app\/uploads\/2024\/10\/DEWE-30-standalone-signal-conditioning.png\",\"width\":900,\"height\":600,\"caption\":\"Isolation Amplifiers for pure signal conditioning\"},{\"@type\":\"BreadcrumbList\",\"@id\":\"https:\/\/www.dewetron.com\/de\/produkte\/messverstaerker\/reine-signalkonditionierung\/#breadcrumb\",\"itemListElement\":[{\"@type\":\"ListItem\",\"position\":1,\"name\":\"Home\",\"item\":\"https:\/\/www.dewetron.com\/de\/\"},{\"@type\":\"ListItem\",\"position\":2,\"name\":\"Reine Signalkonditionierung\"}]},{\"@type\":\"WebSite\",\"@id\":\"https:\/\/www.dewetron.com\/de\/#website\",\"url\":\"https:\/\/www.dewetron.com\/de\/\",\"name\":\"DEWETRON\",\"description\":\"\",\"publisher\":{\"@id\":\"https:\/\/www.dewetron.com\/de\/#organization\"},\"potentialAction\":[{\"@type\":\"SearchAction\",\"target\":{\"@type\":\"EntryPoint\",\"urlTemplate\":\"https:\/\/www.dewetron.com\/de\/?s={search_term_string}\"},\"query-input\":{\"@type\":\"PropertyValueSpecification\",\"valueRequired\":true,\"valueName\":\"search_term_string\"}}],\"inLanguage\":\"de-DE\"},{\"@type\":\"Organization\",\"@id\":\"https:\/\/www.dewetron.com\/de\/#organization\",\"name\":\"DEWETRON\",\"url\":\"https:\/\/www.dewetron.com\/de\/\",\"logo\":{\"@type\":\"ImageObject\",\"inLanguage\":\"de-DE\",\"@id\":\"https:\/\/www.dewetron.com\/de\/#\/schema\/logo\/image\/\",\"url\":\"https:\/\/www.dewetron.com\/app\/uploads\/2024\/08\/DEWETRON-logo-text-and-image.png\",\"contentUrl\":\"https:\/\/www.dewetron.com\/app\/uploads\/2024\/08\/DEWETRON-logo-text-and-image.png\",\"width\":900,\"height\":979,\"caption\":\"DEWETRON\"},\"image\":{\"@id\":\"https:\/\/www.dewetron.com\/de\/#\/schema\/logo\/image\/\"},\"sameAs\":[\"https:\/\/www.facebook.com\/dewetron.gmbh\",\"https:\/\/www.linkedin.com\/company\/dewetron\/\",\"https:\/\/www.instagram.com\/wearedewetron\/\",\"https:\/\/www.youtube.com\/channel\/UCE76NeVVgWF65etH8E1bOog\"]}]}<\/script>\n<!-- \/ Yoast SEO Premium plugin. -->","yoast_head_json":{"title":"Analoge Signalkonditionierung | DEWETRON","description":"Unser universeller, isolierter DAQP-STG-Verst\u00e4rker in Kombination mit dem DEWE-30-x-Geh\u00e4use ist ideal f\u00fcr reine Signalkonditionierung.","robots":{"index":"index","follow":"follow","max-snippet":"max-snippet:-1","max-image-preview":"max-image-preview:large","max-video-preview":"max-video-preview:-1"},"canonical":"https:\/\/www.dewetron.com\/de\/produkte\/messverstaerker\/reine-signalkonditionierung\/","og_locale":"de_DE","og_type":"article","og_title":"Reine Signalkonditionierung","og_description":"Unser universeller, isolierter DAQP-STG-Verst\u00e4rker in Kombination mit dem DEWE-30-x-Geh\u00e4use ist ideal f\u00fcr reine Signalkonditionierung.","og_url":"https:\/\/www.dewetron.com\/de\/produkte\/messverstaerker\/reine-signalkonditionierung\/","og_site_name":"DEWETRON","article_publisher":"https:\/\/www.facebook.com\/dewetron.gmbh","article_modified_time":"2025-10-28T10:02:06+00:00","og_image":[{"width":900,"height":600,"url":"https:\/\/www.dewetron.com\/app\/uploads\/2024\/10\/DEWE-30-standalone-signal-conditioning.png","type":"image\/png"}],"twitter_card":"summary_large_image","twitter_misc":{"Est. reading time":"2 minutes"},"schema":{"@context":"https:\/\/schema.org","@graph":[{"@type":"WebPage","@id":"https:\/\/www.dewetron.com\/de\/produkte\/messverstaerker\/reine-signalkonditionierung\/","url":"https:\/\/www.dewetron.com\/de\/produkte\/messverstaerker\/reine-signalkonditionierung\/","name":"Analoge Signalkonditionierung | DEWETRON","isPartOf":{"@id":"https:\/\/www.dewetron.com\/de\/#website"},"primaryImageOfPage":{"@id":"https:\/\/www.dewetron.com\/de\/produkte\/messverstaerker\/reine-signalkonditionierung\/#primaryimage"},"image":{"@id":"https:\/\/www.dewetron.com\/de\/produkte\/messverstaerker\/reine-signalkonditionierung\/#primaryimage"},"thumbnailUrl":"https:\/\/www.dewetron.com\/app\/uploads\/2024\/10\/DEWE-30-standalone-signal-conditioning.png","datePublished":"2024-09-30T13:17:14+00:00","dateModified":"2025-10-28T10:02:06+00:00","description":"Unser universeller, isolierter DAQP-STG-Verst\u00e4rker in Kombination mit dem DEWE-30-x-Geh\u00e4use ist ideal f\u00fcr reine Signalkonditionierung.","breadcrumb":{"@id":"https:\/\/www.dewetron.com\/de\/produkte\/messverstaerker\/reine-signalkonditionierung\/#breadcrumb"},"inLanguage":"de-DE","potentialAction":[{"@type":"ReadAction","target":["https:\/\/www.dewetron.com\/de\/produkte\/messverstaerker\/reine-signalkonditionierung\/"]}]},{"@type":"ImageObject","inLanguage":"de-DE","@id":"https:\/\/www.dewetron.com\/de\/produkte\/messverstaerker\/reine-signalkonditionierung\/#primaryimage","url":"https:\/\/www.dewetron.com\/app\/uploads\/2024\/10\/DEWE-30-standalone-signal-conditioning.png","contentUrl":"https:\/\/www.dewetron.com\/app\/uploads\/2024\/10\/DEWE-30-standalone-signal-conditioning.png","width":900,"height":600,"caption":"Isolation Amplifiers for pure signal conditioning"},{"@type":"BreadcrumbList","@id":"https:\/\/www.dewetron.com\/de\/produkte\/messverstaerker\/reine-signalkonditionierung\/#breadcrumb","itemListElement":[{"@type":"ListItem","position":1,"name":"Home","item":"https:\/\/www.dewetron.com\/de\/"},{"@type":"ListItem","position":2,"name":"Reine Signalkonditionierung"}]},{"@type":"WebSite","@id":"https:\/\/www.dewetron.com\/de\/#website","url":"https:\/\/www.dewetron.com\/de\/","name":"DEWETRON","description":"","publisher":{"@id":"https:\/\/www.dewetron.com\/de\/#organization"},"potentialAction":[{"@type":"SearchAction","target":{"@type":"EntryPoint","urlTemplate":"https:\/\/www.dewetron.com\/de\/?s={search_term_string}"},"query-input":{"@type":"PropertyValueSpecification","valueRequired":true,"valueName":"search_term_string"}}],"inLanguage":"de-DE"},{"@type":"Organization","@id":"https:\/\/www.dewetron.com\/de\/#organization","name":"DEWETRON","url":"https:\/\/www.dewetron.com\/de\/","logo":{"@type":"ImageObject","inLanguage":"de-DE","@id":"https:\/\/www.dewetron.com\/de\/#\/schema\/logo\/image\/","url":"https:\/\/www.dewetron.com\/app\/uploads\/2024\/08\/DEWETRON-logo-text-and-image.png","contentUrl":"https:\/\/www.dewetron.com\/app\/uploads\/2024\/08\/DEWETRON-logo-text-and-image.png","width":900,"height":979,"caption":"DEWETRON"},"image":{"@id":"https:\/\/www.dewetron.com\/de\/#\/schema\/logo\/image\/"},"sameAs":["https:\/\/www.facebook.com\/dewetron.gmbh","https:\/\/www.linkedin.com\/company\/dewetron\/","https:\/\/www.instagram.com\/wearedewetron\/","https:\/\/www.youtube.com\/channel\/UCE76NeVVgWF65etH8E1bOog"]}]}},"_links":{"self":[{"href":"https:\/\/www.dewetron.com\/de\/wp-json\/wp\/v2\/product\/49123","targetHints":{"allow":["GET"]}}],"collection":[{"href":"https:\/\/www.dewetron.com\/de\/wp-json\/wp\/v2\/product"}],"about":[{"href":"https:\/\/www.dewetron.com\/de\/wp-json\/wp\/v2\/types\/product"}],"version-history":[{"count":11,"href":"https:\/\/www.dewetron.com\/de\/wp-json\/wp\/v2\/product\/49123\/revisions"}],"predecessor-version":[{"id":61307,"href":"https:\/\/www.dewetron.com\/de\/wp-json\/wp\/v2\/product\/49123\/revisions\/61307"}],"wp:featuredmedia":[{"embeddable":true,"href":"https:\/\/www.dewetron.com\/de\/wp-json\/wp\/v2\/media\/44901"}],"wp:attachment":[{"href":"https:\/\/www.dewetron.com\/de\/wp-json\/wp\/v2\/media?parent=49123"}],"wp:term":[{"taxonomy":"product_category","embeddable":true,"href":"https:\/\/www.dewetron.com\/de\/wp-json\/wp\/v2\/product_category?post=49123"},{"taxonomy":"product_feature","embeddable":true,"href":"https:\/\/www.dewetron.com\/de\/wp-json\/wp\/v2\/product_feature?post=49123"}],"curies":[{"name":"wp","href":"https:\/\/api.w.org\/{rel}","templated":true}]}}