{"id":58589,"date":"2025-06-13T07:18:48","date_gmt":"2025-06-13T07:18:48","guid":{"rendered":"https:\/\/www.dewetron.com\/?page_id=58589"},"modified":"2025-08-08T11:16:03","modified_gmt":"2025-08-08T11:16:03","slug":"konformitaet-verantwortung","status":"publish","type":"page","link":"https:\/\/www.dewetron.com\/de\/ueber-uns\/konformitaet-verantwortung\/","title":{"rendered":"Konformit\u00e4t &amp; Verantwortung"},"content":{"rendered":"<div id=\"\" class=\"wp-block-frontpage-hero margin-bottom-small\">\n  <div class=\" container-fluid p-0 \">\n    <div class=\"hero-wrapper  light-header  \"  data-header-switch=\"light-header\" >\n\n              \n        <div\n            class=\"wrapper background d-none d-md-block\n             darken \"\n                          style=\"background-image: url(https:\/\/www.dewetron.com\/app\/uploads\/2025\/06\/hero-compliance-responsibility-dewetron.jpg);\"\n                    >\n          <div class=\"container\">\n            <div class=\"row\">\n              <div class=\"col-12 col-lg-7\">\n                <div class=\"hero-header-text content-wrapper\">\n  <div class=\"content\">\n              <div class=\"glass-wrapper \">\n                  <h1 class=\"h1\">Konformit\u00e4t &#038; Verantwortung<\/h1>\n                  <h4 class=\"text  mb-0 \">\n          DEWETRON f\u00fchlt sich h\u00f6chsten Standards in den Bereichen Konformit\u00e4t und Verantwortung verpflichtet. Die folgenden Punkte z\u00e4hlen zu den wichtigsten Ma\u00dfnahmen unseres Unternehmens:\n      <\/h4>\n        <div class=\"link-button d-flex flex-wrap\">\n                <\/div>\n          <\/div>\n      <\/div>\n<\/div>\n              <\/div>\n            <\/div>\n          <\/div>\n        <\/div>\n\n        \n                  \n                                  <div\n                class=\"wrapper background mobile d-block d-md-none\n                 darken                 \"\n                style=\"background-image: url(https:\/\/www.dewetron.com\/app\/uploads\/2025\/06\/hero-compliance-responsibility-dewetron.jpg);\"\n            >\n              <div class=\"container\">\n                <div class=\"row\">\n                  <div class=\"col-12 col-lg-7\">\n                    <div class=\"hero-header-text content-wrapper\">\n  <div class=\"content\">\n              <div class=\"glass-wrapper \">\n                  <h1 class=\"h1\">Konformit\u00e4t &#038; Verantwortung<\/h1>\n                  <h4 class=\"text  mb-0 \">\n          DEWETRON f\u00fchlt sich h\u00f6chsten Standards in den Bereichen Konformit\u00e4t und Verantwortung verpflichtet. Die folgenden Punkte z\u00e4hlen zu den wichtigsten Ma\u00dfnahmen unseres Unternehmens:\n      <\/h4>\n        <div class=\"link-button d-flex flex-wrap\">\n                <\/div>\n          <\/div>\n      <\/div>\n<\/div>\n                  <\/div>\n                <\/div>\n              <\/div>\n            <\/div>\n                        \n      \n    <\/div>\n  <\/div>\n<\/div>\n\n\n<div\n        id=\"\"\n        class=\"wp-block-image-text-links  variant-1 margin-bottom-normal\n    \"\n    >\n        <div class=\"container\">\n            <div class=\"row  align-items-center \">\n                                <div\n                    class=\"text-col mb-3 mb-md-0 col-12 col-md-5\n                        \">\n                                            <h2>DEWETRON Inc. ist offiziell ITAR-konform<\/h2>\n                                                                <p>Wir bei DEWETRON wissen, wie wichtig Datensicherheit und die Einhaltung gesetzlicher Vorschriften sind \u2013 insbesondere im Bereich Luft- und Raumfahrt sowie Verteidigung. Unsere ITAR-Konformit\u00e4t zeigt, dass wir vertrauliche Informationen mit gr\u00f6\u00dfter Sorgfalt, Integrit\u00e4t und Verantwortung behandeln.<\/p>\n\n                                                        <\/div>\n                <div\n                    class=\"img-col col-12 col-md-6 mt-4 mt-md-0\n       offset-md-1                   \">\n                    <picture>\n                        <source\n                media=\"(max-width: 768px)\"\n                srcset=\"https:\/\/www.dewetron.com\/app\/uploads\/2025\/05\/itar-certified-company-768x767.jpg, https:\/\/www.dewetron.com\/app\/uploads\/2025\/05\/itar-certified-company.jpg 2x\"\n            \/>\n                    <source\n                media=\"(max-width: 900px)\"\n                srcset=\"https:\/\/www.dewetron.com\/app\/uploads\/2025\/05\/itar-certified-company.jpg, https:\/\/www.dewetron.com\/app\/uploads\/2025\/05\/itar-certified-company.jpg 2x\"\n            \/>\n                    <source\n                media=\"(max-width: 900px)\"\n                srcset=\"https:\/\/www.dewetron.com\/app\/uploads\/2025\/05\/itar-certified-company.jpg, https:\/\/www.dewetron.com\/app\/uploads\/2025\/05\/itar-certified-company.jpg 2x\"\n            \/>\n                    <source\n                media=\"(max-width: 900px)\"\n                srcset=\"https:\/\/www.dewetron.com\/app\/uploads\/2025\/05\/itar-certified-company.jpg, https:\/\/www.dewetron.com\/app\/uploads\/2025\/05\/itar-certified-company.jpg 2x\"\n            \/>\n                <img decoding=\"async\"\n        class=\"img-fluid\" size=\"full\"\n        src=\"https:\/\/www.dewetron.com\/app\/uploads\/2025\/05\/itar-certified-company.jpg\"\n        alt=\"\"\n        title=\"\"\n        loading=\"lazy\"\n                    onerror=\"this.src = 'https:\/\/www.dewetron.com\/app\/themes\/dewetron\/public\/images\/fallback.8952c5.jpg'\"\n            >\n<\/picture>\n                <\/div>\n            <\/div>\n        <\/div>\n    <\/div>\n\n\n<div\n        id=\"\"\n        class=\"wp-block-image-text-links  variant-2 margin-bottom-normal\n    \"\n    >\n        <div class=\"container\">\n            <div class=\"row  align-items-center \">\n                                <div\n                    class=\"text-col mb-3 mb-md-0 col-12 col-md-5\n         offset-md-1                 \">\n                                            <h2>DEWETRON erf\u00fcllt NIS-2-Anforderungen<\/h2>\n                                                                <p>Cybersecurity und Datenschutz haben bei DEWETRON h\u00f6chste Priorit\u00e4t. Deshalb setzen wir die Vorgaben der NIS-2-Richtlinie konsequent um. Dazu geh\u00f6ren umfassende Sicherheitsma\u00dfnahmen, ein strukturiertes Risikomanagement sowie ein klar geregelter Umgang mit Sicherheitsvorf\u00e4llen \u2013 zum Schutz kritischer Infrastrukturen und sensibler Daten.<\/p>\n\n                                                        <\/div>\n                <div\n                    class=\"img-col col-12 col-md-6 mt-4 mt-md-0\n                        \">\n                    <picture>\n                        <source\n                media=\"(max-width: 768px)\"\n                srcset=\"https:\/\/www.dewetron.com\/app\/uploads\/2025\/05\/nis-2-768x767.jpg, https:\/\/www.dewetron.com\/app\/uploads\/2025\/05\/nis-2.jpg 2x\"\n            \/>\n                    <source\n                media=\"(max-width: 900px)\"\n                srcset=\"https:\/\/www.dewetron.com\/app\/uploads\/2025\/05\/nis-2.jpg, https:\/\/www.dewetron.com\/app\/uploads\/2025\/05\/nis-2.jpg 2x\"\n            \/>\n                    <source\n                media=\"(max-width: 900px)\"\n                srcset=\"https:\/\/www.dewetron.com\/app\/uploads\/2025\/05\/nis-2.jpg, https:\/\/www.dewetron.com\/app\/uploads\/2025\/05\/nis-2.jpg 2x\"\n            \/>\n                    <source\n                media=\"(max-width: 900px)\"\n                srcset=\"https:\/\/www.dewetron.com\/app\/uploads\/2025\/05\/nis-2.jpg, https:\/\/www.dewetron.com\/app\/uploads\/2025\/05\/nis-2.jpg 2x\"\n            \/>\n                <img decoding=\"async\"\n        class=\"img-fluid\" size=\"full\"\n        src=\"https:\/\/www.dewetron.com\/app\/uploads\/2025\/05\/nis-2.jpg\"\n        alt=\"\"\n        title=\"\"\n        loading=\"lazy\"\n                    onerror=\"this.src = 'https:\/\/www.dewetron.com\/app\/themes\/dewetron\/public\/images\/fallback.8952c5.jpg'\"\n            >\n<\/picture>\n                <\/div>\n            <\/div>\n        <\/div>\n    <\/div>\n\n\n<div\n        id=\"\"\n        class=\"wp-block-image-text-links  variant-1 margin-bottom-normal\n    \"\n    >\n        <div class=\"container\">\n            <div class=\"row  align-items-center \">\n                                <div\n                    class=\"text-col mb-3 mb-md-0 col-12 col-md-5\n                        \">\n                                            <h2>Nachhaltigkeit vorantreiben \u2013 DEWETRONs Engagement f\u00fcr ESG<\/h2>\n                                                                <p>Nachhaltiges Wachstum und verantwortungsvolles Handeln sind feste Bestandteile unserer Unternehmensstrategie. Unsere ESG-Initiativen zielen darauf ab, die Umweltbelastung zu verringern, gesellschaftliche Verantwortung zu f\u00f6rdern und hohe Standards in der Unternehmensf\u00fchrung zu sichern. Durch die Integration dieser Prinzipien in unser t\u00e4gliches Handeln schaffen wir langfristigen Mehrwert \u2013 f\u00fcr unsere Partner, unsere Mitarbeitenden und die Zukunft unseres Planeten.<\/p>\n\n                                                        <\/div>\n                <div\n                    class=\"img-col col-12 col-md-6 mt-4 mt-md-0\n       offset-md-1                   \">\n                    <picture>\n                        <source\n                media=\"(max-width: 768px)\"\n                srcset=\"https:\/\/www.dewetron.com\/app\/uploads\/2025\/05\/esg-environmental-social-governance-768x767.jpg, https:\/\/www.dewetron.com\/app\/uploads\/2025\/05\/esg-environmental-social-governance.jpg 2x\"\n            \/>\n                    <source\n                media=\"(max-width: 900px)\"\n                srcset=\"https:\/\/www.dewetron.com\/app\/uploads\/2025\/05\/esg-environmental-social-governance.jpg, https:\/\/www.dewetron.com\/app\/uploads\/2025\/05\/esg-environmental-social-governance.jpg 2x\"\n            \/>\n                    <source\n                media=\"(max-width: 900px)\"\n                srcset=\"https:\/\/www.dewetron.com\/app\/uploads\/2025\/05\/esg-environmental-social-governance.jpg, https:\/\/www.dewetron.com\/app\/uploads\/2025\/05\/esg-environmental-social-governance.jpg 2x\"\n            \/>\n                    <source\n                media=\"(max-width: 900px)\"\n                srcset=\"https:\/\/www.dewetron.com\/app\/uploads\/2025\/05\/esg-environmental-social-governance.jpg, https:\/\/www.dewetron.com\/app\/uploads\/2025\/05\/esg-environmental-social-governance.jpg 2x\"\n            \/>\n                <img decoding=\"async\"\n        class=\"img-fluid\" size=\"full\"\n        src=\"https:\/\/www.dewetron.com\/app\/uploads\/2025\/05\/esg-environmental-social-governance.jpg\"\n        alt=\"\"\n        title=\"\"\n        loading=\"lazy\"\n                    onerror=\"this.src = 'https:\/\/www.dewetron.com\/app\/themes\/dewetron\/public\/images\/fallback.8952c5.jpg'\"\n            >\n<\/picture>\n                <\/div>\n            <\/div>\n        <\/div>\n    <\/div>\n","protected":false},"excerpt":{"rendered":"","protected":false},"author":3,"featured_media":0,"parent":48155,"menu_order":15,"comment_status":"closed","ping_status":"closed","template":"","meta":{"_acf_changed":false,"footnotes":""},"class_list":["post-58589","page","type-page","status-publish","hentry"],"acf":[],"yoast_head":"<!-- This site is optimized with the Yoast SEO Premium plugin v23.9 (Yoast SEO v27.2) - https:\/\/yoast.com\/product\/yoast-seo-premium-wordpress\/ -->\n<title>Konformit\u00e4t und Verantwortung | DEWETRON<\/title>\n<meta name=\"description\" content=\"DEWETRON f\u00fchlt sich h\u00f6chsten Standards in den Bereichen Konformit\u00e4t und Verantwortung wie ITAR, NIS-2, ESG und viele mehr verpflichtet.\" \/>\n<meta name=\"robots\" content=\"index, follow, max-snippet:-1, max-image-preview:large, max-video-preview:-1\" \/>\n<link rel=\"canonical\" href=\"https:\/\/www.dewetron.com\/de\/ueber-uns\/konformitaet-verantwortung\/\" \/>\n<meta property=\"og:locale\" content=\"de_DE\" \/>\n<meta property=\"og:type\" content=\"article\" \/>\n<meta property=\"og:title\" content=\"Konformit\u00e4t &amp; Verantwortung\" \/>\n<meta property=\"og:description\" content=\"DEWETRON f\u00fchlt sich h\u00f6chsten Standards in den Bereichen Konformit\u00e4t und Verantwortung wie ITAR, NIS-2, ESG und viele mehr verpflichtet.\" \/>\n<meta property=\"og:url\" content=\"https:\/\/www.dewetron.com\/de\/ueber-uns\/konformitaet-verantwortung\/\" \/>\n<meta property=\"og:site_name\" content=\"DEWETRON\" \/>\n<meta property=\"article:publisher\" content=\"https:\/\/www.facebook.com\/dewetron.gmbh\" \/>\n<meta property=\"article:modified_time\" content=\"2025-08-08T11:16:03+00:00\" \/>\n<meta name=\"twitter:card\" content=\"summary_large_image\" \/>\n<meta name=\"twitter:label1\" content=\"Est. reading time\" \/>\n\t<meta name=\"twitter:data1\" content=\"1 minute\" \/>\n<script type=\"application\/ld+json\" class=\"yoast-schema-graph\">{\"@context\":\"https:\/\/schema.org\",\"@graph\":[{\"@type\":\"WebPage\",\"@id\":\"https:\/\/www.dewetron.com\/de\/ueber-uns\/konformitaet-verantwortung\/\",\"url\":\"https:\/\/www.dewetron.com\/de\/ueber-uns\/konformitaet-verantwortung\/\",\"name\":\"Konformit\u00e4t und Verantwortung | DEWETRON\",\"isPartOf\":{\"@id\":\"https:\/\/www.dewetron.com\/de\/#website\"},\"datePublished\":\"2025-06-13T07:18:48+00:00\",\"dateModified\":\"2025-08-08T11:16:03+00:00\",\"description\":\"DEWETRON f\u00fchlt sich h\u00f6chsten Standards in den Bereichen Konformit\u00e4t und Verantwortung wie ITAR, NIS-2, ESG und viele mehr verpflichtet.\",\"breadcrumb\":{\"@id\":\"https:\/\/www.dewetron.com\/de\/ueber-uns\/konformitaet-verantwortung\/#breadcrumb\"},\"inLanguage\":\"de-DE\",\"potentialAction\":[{\"@type\":\"ReadAction\",\"target\":[\"https:\/\/www.dewetron.com\/de\/ueber-uns\/konformitaet-verantwortung\/\"]}]},{\"@type\":\"BreadcrumbList\",\"@id\":\"https:\/\/www.dewetron.com\/de\/ueber-uns\/konformitaet-verantwortung\/#breadcrumb\",\"itemListElement\":[{\"@type\":\"ListItem\",\"position\":1,\"name\":\"Home\",\"item\":\"https:\/\/www.dewetron.com\/de\/\"},{\"@type\":\"ListItem\",\"position\":2,\"name\":\"\u00dcber uns\",\"item\":\"https:\/\/www.dewetron.com\/de\/ueber-uns\/\"},{\"@type\":\"ListItem\",\"position\":3,\"name\":\"Konformit\u00e4t &amp; Verantwortung\"}]},{\"@type\":\"WebSite\",\"@id\":\"https:\/\/www.dewetron.com\/de\/#website\",\"url\":\"https:\/\/www.dewetron.com\/de\/\",\"name\":\"DEWETRON\",\"description\":\"\",\"publisher\":{\"@id\":\"https:\/\/www.dewetron.com\/de\/#organization\"},\"potentialAction\":[{\"@type\":\"SearchAction\",\"target\":{\"@type\":\"EntryPoint\",\"urlTemplate\":\"https:\/\/www.dewetron.com\/de\/?s={search_term_string}\"},\"query-input\":{\"@type\":\"PropertyValueSpecification\",\"valueRequired\":true,\"valueName\":\"search_term_string\"}}],\"inLanguage\":\"de-DE\"},{\"@type\":\"Organization\",\"@id\":\"https:\/\/www.dewetron.com\/de\/#organization\",\"name\":\"DEWETRON\",\"url\":\"https:\/\/www.dewetron.com\/de\/\",\"logo\":{\"@type\":\"ImageObject\",\"inLanguage\":\"de-DE\",\"@id\":\"https:\/\/www.dewetron.com\/de\/#\/schema\/logo\/image\/\",\"url\":\"https:\/\/www.dewetron.com\/app\/uploads\/2024\/08\/DEWETRON-logo-text-and-image.png\",\"contentUrl\":\"https:\/\/www.dewetron.com\/app\/uploads\/2024\/08\/DEWETRON-logo-text-and-image.png\",\"width\":900,\"height\":979,\"caption\":\"DEWETRON\"},\"image\":{\"@id\":\"https:\/\/www.dewetron.com\/de\/#\/schema\/logo\/image\/\"},\"sameAs\":[\"https:\/\/www.facebook.com\/dewetron.gmbh\",\"https:\/\/www.linkedin.com\/company\/dewetron\/\",\"https:\/\/www.instagram.com\/wearedewetron\/\",\"https:\/\/www.youtube.com\/channel\/UCE76NeVVgWF65etH8E1bOog\"]}]}<\/script>\n<!-- \/ Yoast SEO Premium plugin. -->","yoast_head_json":{"title":"Konformit\u00e4t und Verantwortung | DEWETRON","description":"DEWETRON f\u00fchlt sich h\u00f6chsten Standards in den Bereichen Konformit\u00e4t und Verantwortung wie ITAR, NIS-2, ESG und viele mehr verpflichtet.","robots":{"index":"index","follow":"follow","max-snippet":"max-snippet:-1","max-image-preview":"max-image-preview:large","max-video-preview":"max-video-preview:-1"},"canonical":"https:\/\/www.dewetron.com\/de\/ueber-uns\/konformitaet-verantwortung\/","og_locale":"de_DE","og_type":"article","og_title":"Konformit\u00e4t &amp; Verantwortung","og_description":"DEWETRON f\u00fchlt sich h\u00f6chsten Standards in den Bereichen Konformit\u00e4t und Verantwortung wie ITAR, NIS-2, ESG und viele mehr verpflichtet.","og_url":"https:\/\/www.dewetron.com\/de\/ueber-uns\/konformitaet-verantwortung\/","og_site_name":"DEWETRON","article_publisher":"https:\/\/www.facebook.com\/dewetron.gmbh","article_modified_time":"2025-08-08T11:16:03+00:00","twitter_card":"summary_large_image","twitter_misc":{"Est. reading time":"1 minute"},"schema":{"@context":"https:\/\/schema.org","@graph":[{"@type":"WebPage","@id":"https:\/\/www.dewetron.com\/de\/ueber-uns\/konformitaet-verantwortung\/","url":"https:\/\/www.dewetron.com\/de\/ueber-uns\/konformitaet-verantwortung\/","name":"Konformit\u00e4t und Verantwortung | DEWETRON","isPartOf":{"@id":"https:\/\/www.dewetron.com\/de\/#website"},"datePublished":"2025-06-13T07:18:48+00:00","dateModified":"2025-08-08T11:16:03+00:00","description":"DEWETRON f\u00fchlt sich h\u00f6chsten Standards in den Bereichen Konformit\u00e4t und Verantwortung wie ITAR, NIS-2, ESG und viele mehr verpflichtet.","breadcrumb":{"@id":"https:\/\/www.dewetron.com\/de\/ueber-uns\/konformitaet-verantwortung\/#breadcrumb"},"inLanguage":"de-DE","potentialAction":[{"@type":"ReadAction","target":["https:\/\/www.dewetron.com\/de\/ueber-uns\/konformitaet-verantwortung\/"]}]},{"@type":"BreadcrumbList","@id":"https:\/\/www.dewetron.com\/de\/ueber-uns\/konformitaet-verantwortung\/#breadcrumb","itemListElement":[{"@type":"ListItem","position":1,"name":"Home","item":"https:\/\/www.dewetron.com\/de\/"},{"@type":"ListItem","position":2,"name":"\u00dcber uns","item":"https:\/\/www.dewetron.com\/de\/ueber-uns\/"},{"@type":"ListItem","position":3,"name":"Konformit\u00e4t &amp; Verantwortung"}]},{"@type":"WebSite","@id":"https:\/\/www.dewetron.com\/de\/#website","url":"https:\/\/www.dewetron.com\/de\/","name":"DEWETRON","description":"","publisher":{"@id":"https:\/\/www.dewetron.com\/de\/#organization"},"potentialAction":[{"@type":"SearchAction","target":{"@type":"EntryPoint","urlTemplate":"https:\/\/www.dewetron.com\/de\/?s={search_term_string}"},"query-input":{"@type":"PropertyValueSpecification","valueRequired":true,"valueName":"search_term_string"}}],"inLanguage":"de-DE"},{"@type":"Organization","@id":"https:\/\/www.dewetron.com\/de\/#organization","name":"DEWETRON","url":"https:\/\/www.dewetron.com\/de\/","logo":{"@type":"ImageObject","inLanguage":"de-DE","@id":"https:\/\/www.dewetron.com\/de\/#\/schema\/logo\/image\/","url":"https:\/\/www.dewetron.com\/app\/uploads\/2024\/08\/DEWETRON-logo-text-and-image.png","contentUrl":"https:\/\/www.dewetron.com\/app\/uploads\/2024\/08\/DEWETRON-logo-text-and-image.png","width":900,"height":979,"caption":"DEWETRON"},"image":{"@id":"https:\/\/www.dewetron.com\/de\/#\/schema\/logo\/image\/"},"sameAs":["https:\/\/www.facebook.com\/dewetron.gmbh","https:\/\/www.linkedin.com\/company\/dewetron\/","https:\/\/www.instagram.com\/wearedewetron\/","https:\/\/www.youtube.com\/channel\/UCE76NeVVgWF65etH8E1bOog"]}]}},"_links":{"self":[{"href":"https:\/\/www.dewetron.com\/de\/wp-json\/wp\/v2\/pages\/58589","targetHints":{"allow":["GET"]}}],"collection":[{"href":"https:\/\/www.dewetron.com\/de\/wp-json\/wp\/v2\/pages"}],"about":[{"href":"https:\/\/www.dewetron.com\/de\/wp-json\/wp\/v2\/types\/page"}],"author":[{"embeddable":true,"href":"https:\/\/www.dewetron.com\/de\/wp-json\/wp\/v2\/users\/3"}],"replies":[{"embeddable":true,"href":"https:\/\/www.dewetron.com\/de\/wp-json\/wp\/v2\/comments?post=58589"}],"version-history":[{"count":6,"href":"https:\/\/www.dewetron.com\/de\/wp-json\/wp\/v2\/pages\/58589\/revisions"}],"predecessor-version":[{"id":60068,"href":"https:\/\/www.dewetron.com\/de\/wp-json\/wp\/v2\/pages\/58589\/revisions\/60068"}],"up":[{"embeddable":true,"href":"https:\/\/www.dewetron.com\/de\/wp-json\/wp\/v2\/pages\/48155"}],"wp:attachment":[{"href":"https:\/\/www.dewetron.com\/de\/wp-json\/wp\/v2\/media?parent=58589"}],"curies":[{"name":"wp","href":"https:\/\/api.w.org\/{rel}","templated":true}]}}