{"id":58505,"date":"2025-06-11T06:03:07","date_gmt":"2025-06-11T06:03:07","guid":{"rendered":"https:\/\/www.dewetron.com\/?page_id=58505"},"modified":"2025-06-13T07:32:51","modified_gmt":"2025-06-13T07:32:51","slug":"recycling-von-systemen-und-komponenten","status":"publish","type":"page","link":"https:\/\/www.dewetron.com\/de\/ueber-uns\/rechtliches\/recycling-von-systemen-und-komponenten\/","title":{"rendered":"Recycling von Systemen und Komponenten"},"content":{"rendered":"<div id=\"\" class=\"wp-block-about-us-hero margin-bottom-normal\" data-breadcrumb-include=\"true\">\n  <div class=\"container-fluid p-0 bg-lightgray\">\n    <div class=\"hero-wrapper\">\n      <div class=\"container\">\n        <div class=\"row\">\n          <div class=\"col-12 col-lg-8 pt-lg-8 pb-lg-8 pt-4 pb-2\">\n            <div class=\"hero-header-text content-wrapper\">\n  <div class=\"content\">\n          <div class=\"kicker mb-2\">\n          Rechtliche Hinweise\n      <\/div>\n              <h3 class=\"h1\">Recycling von Systemen und Komponenten<\/h1>\n                  <h4 class=\"text mb-5\">\n          <p>Die folgenden Informationen beziehen sich auf die Umweltauswirkungen des Produkts und die Entsorgung des Produkts am Ende seiner Lebensdauer.<br \/>\nBeachten Sie beim Recycling eines DEWETRON-Systems die folgenden Richtlinien:<\/p>\n\n      <\/h4>\n          <\/div>\n<\/div>\n          <\/div>\n          <div class=\"col-12 col-lg-4 triangle-container\">\n            <div class=\"triangle-right\">\n              <svg width=\"581\" height=\"501\" viewBox=\"0 0 581 501\" fill=\"none\" xmlns=\"http:\/\/www.w3.org\/2000\/svg\">\n<path d=\"M362.454 501L304.461 449.114L289.963 375.962H434.944L437.503 444.861L362.454 501Z\" fill=\"#707072\"\/>\n<path d=\"M434.942 375.962L362.451 501H508.285L504.021 387.871L434.942 375.962Z\" fill=\"#868789\"\/>\n<path d=\"M144.981 375.962L103.192 432.952L72.4902 501H217.472L188.475 432.952L144.981 375.962Z\" fill=\"#1B181C\"\/>\n<path d=\"M217.471 501L144.98 375.962H289.962L274.611 440.608L217.471 501Z\" fill=\"#3E3D3F\"\/>\n<path d=\"M72.4906 501L0 375.963L69.9321 360.652L144.981 375.963L72.4906 501Z\" fill=\"#1C3B6A\"\/>\n<path d=\"M508.288 501L435.797 375.963L508.288 362.353L580.778 375.963L508.288 501Z\" fill=\"#129CD8\"\/>\n<path d=\"M508.288 250.925L464.793 301.11L435.797 375.963H580.778L508.288 250.925Z\" fill=\"#1693D2\"\/>\n<path d=\"M72.4906 250.925L0 375.963H144.981L117.691 301.961L72.4906 250.925Z\" fill=\"#04529C\"\/>\n<path d=\"M144.981 375.963L72.4902 250.925L145.834 233.063L217.472 250.925L144.981 375.963Z\" fill=\"#036BB2\"\/>\n<path d=\"M435.797 375.963L363.307 250.925L434.944 238.167L508.288 250.925L435.797 375.963Z\" fill=\"#0D80C4\"\/>\n<path d=\"M144.981 125.037L195.298 169.268L217.472 250.925H72.4902L144.981 125.037Z\" fill=\"#0D80C4\"\/>\n<path d=\"M435.797 125.037L508.288 250.925H363.307L389.744 181.177L435.797 125.037Z\" fill=\"#036BB2\"\/>\n<path d=\"M363.307 250.925L290.816 125.037L363.307 112.278L435.798 125.037L363.307 250.925Z\" fill=\"#04529C\"\/>\n<path d=\"M217.471 250.925L144.98 125.037L219.177 97.8181L289.962 125.037L217.471 250.925Z\" fill=\"#1693D2\"\/>\n<path d=\"M363.307 0L300.198 53.5874L290.816 125.037H435.798L363.307 0Z\" fill=\"#1C3B6A\"\/>\n<path d=\"M217.471 0L144.98 125.037H289.962L281.433 35.725L217.471 0Z\" fill=\"#129CD8\"\/>\n<path d=\"M217.473 0L289.963 125.037L362.454 0H217.473Z\" fill=\"#12B0E5\"\/>\n<path d=\"M289.963 375.962L217.473 501H362.454L289.963 375.962Z\" fill=\"#5A595B\"\/>\n<\/svg>            <\/div>\n          <\/div>\n        <\/div>\n      <\/div>\n    <\/div>\n  <\/div>\n<\/div>\n\n\n<div id=\"\" class=\"wp-block-text-columns margin-bottom-none\n      \">\n  <div class=\"container\">\n    <div class=\"row justify-content-center\">\n              <div class=\"col-12\">\n          <h3>Recycling des Systems und seiner Komponenten<\/h3>\n          <div class=\"content-size-normal\">\n            <p><img loading=\"lazy\" decoding=\"async\" class=\"\" style=\"float: left; margin-right: 10px;\" src=\"https:\/\/www.dewetron.com\/app\/uploads\/2025\/06\/recycling-icon-dewetron-components-and-systems.png\" width=\"173\" height=\"256\" \/><\/p>\n<p>Die Herstellung dieser Komponenten erfolgte unter Gewinnung und Nutzung nat\u00fcrlicher Ressourcen. Die im System enthaltenen Stoffe k\u00f6nnen Ihrer Gesundheit und der Umwelt schaden, wenn das System am Ende seiner Lebensdauer unsachgem\u00e4\u00df behandelt wird. Recyceln Sie dieses Produkt auf geeignete Weise, um eine unn\u00f6tige Belastung der Umwelt zu vermeiden und nat\u00fcrliche Ressourcen zu schonen.<\/p>\n<p>Dieses Symbol bedeutet, dass das System den Anforderungen der Europ\u00e4ischen Union gem\u00e4\u00df der Richtlinie 2012\/19\/EU betreffend Elektro- und Elektronikschrott (WEEE) entspricht.<\/p>\n<p>&nbsp;<\/p>\n<p>&nbsp;<\/p>\n<p>&nbsp;<\/p>\n<p>&nbsp;<\/p>\n<h3>Recycling von Verpackungsmaterialien<\/h3>\n<p>Wir sorgen daf\u00fcr, dass unsere Verpackungsmaterialien ordnungsgem\u00e4\u00df gesammelt und gem\u00e4\u00df den gesetzlichen Vorgaben recycelt werden.<br \/>\nUnsere Verpackungen sind bei der <strong>Altstoff Recycling Austria AG (ARA)<\/strong> lizenziert.<br data-start=\"357\" data-end=\"360\" \/><strong>ARA-Lizenznummer: 15609<\/strong><br data-start=\"383\" data-end=\"386\" data-is-only-node=\"\" \/>Auf diese Weise leisten wir einen aktiven Beitrag zur Wiederverwertung von Verpackungen und zum Schutz nat\u00fcrlicher Ressourcen.<\/p>\n<p>&nbsp;<\/p>\n<h3>Verwendung gef\u00e4hrlicher bzw. umweltsch\u00e4dlicher Stoffe<\/h3>\n<p data-start=\"92\" data-end=\"193\">Unsere Produkte erf\u00fcllen die Anforderungen der RoHS-Richtlinie 2011\/65\/EU der Europ\u00e4ischen Union.<\/p>\n<p data-start=\"195\" data-end=\"552\" data-is-last-node=\"\" data-is-only-node=\"\">Die sechs in der Richtlinie eingeschr\u00e4nkten Stoffe sind in den eingesetzten homogenen Materialien jeweils unterhalb der gesetzlich festgelegten H\u00f6chstkonzentrationen enthalten (siehe Tabelle unten). Manche RoHS-konforme Produkte k\u00f6nnen Blei (Pb) enthalten \u2013 jedoch nur in Anwendungsbereichen, f\u00fcr die gem\u00e4\u00df der RoHS-Richtlinie eine Ausnahmegenehmigung gilt.<\/p>\n<table style=\"height: 210px;\" width=\"529\">\n<tbody>\n<tr>\n<th>Eingeschr\u00e4nkter Stoff<\/th>\n<th>Max. Konzentration (%)<\/th>\n<\/tr>\n<tr>\n<td>Cadmium (Cd)<\/td>\n<td>0,01 %<\/td>\n<\/tr>\n<tr>\n<td>Blei (Pb)<\/td>\n<td>0,1 %<\/td>\n<\/tr>\n<tr>\n<td>Quecksilber (Hg)<\/td>\n<td>0,1 %<\/td>\n<\/tr>\n<tr>\n<td>Sechswertiges Chrom<\/td>\n<td>0,1 %<\/td>\n<\/tr>\n<tr>\n<td>Polybromierte Biphenyle (PBB)<\/td>\n<td>0,1 %<\/td>\n<\/tr>\n<tr>\n<td>Polybromierte Diphenylether (PBDE)<\/td>\n<td>0,1 %<\/td>\n<\/tr>\n<\/tbody>\n<\/table>\n<p>&nbsp;<\/p>\n<p>Diese Erkl\u00e4rung basiert auf unserem Verst\u00e4ndnis der RoHS-Richtlinie sowie auf Informationen \u00fcber die in unseren Produkten verwendeten Materialien. Diese Informationen erhalten wir von unseren Zulieferern. Wir \u00fcbernehmen daher keine Garantie f\u00fcr deren Richtigkeit. DEWETRON bem\u00fcht sich laufend um m\u00f6glichst genaue Angaben, f\u00fchrt jedoch keine zerst\u00f6renden Pr\u00fcfungen oder chemischen Analysen der gelieferten Materialien durch.<\/p>\n<p>&nbsp;<\/p>\n<h3>REACH-Verordnung<\/h3>\n<p>Die REACH-Verordnung (EG 1907\/2006) betrifft Hersteller oder Importeure, die bestimmte Stoffe oder Gemische in Mengen von \u00fcber einer Tonne pro Jahr herstellen, in Verkehr bringen oder selbst verwenden.<br \/>\nDa DEWETRON keine solchen Stoffe in dieser Menge herstellt, verwendet oder vertreibt, f\u00e4llt unser Unternehmen nicht unter den Geltungsbereich der REACH-Verordnung \u2013 eine Registrierung oder Vorregistrierung ist daher nicht erforderlich.<\/p>\n\n          <\/div>\n        <\/div>\n          <\/div>\n  <\/div>\n<\/div>\n\n\n<div id=\"\" class=\"wp-block-claim-links-gray margin-bottom-none\">\n  <div class=\"container-fluid bg-container py-7 bg-darkgray\">\n    <div class=\"container position-relative\">\n      <div class=\"claim col-12 col-lg-8 offset-lg-2 text-center text-light\">\n                          <h4 class=\"mb-0\">\n            Wenn Sie Fragen zu unserer Recyclingpolitik haben, wenden Sie sich bitte an unser Team.\n          <\/h4>\n                          <div class=\"link-button d-flex flex-wrap mt-4 justify-content-center gap-4\">\n                          <a class=\"dewetron-btn\" href=\"https:\/\/www.dewetron.com\/de\/kontakt\/\" target=\"\">\n          \n      <span>Kontaktieren Sie unser Team<\/span>\n      <\/a>\n                                              <\/div>\n              <\/div>\n    <\/div>\n    <div class=\"triangle-left\">\n      <svg width=\"473\" height=\"469\" viewBox=\"0 0 473 469\" fill=\"none\" xmlns=\"http:\/\/www.w3.org\/2000\/svg\">\n<path d=\"M323.984 352.833H79.0486L13.0728 467.099V468.52H390.784L323.984 352.833Z\" fill=\"#B0B0AF\"\/>\n<path d=\"M134.967 0L-68 351.55L-2.02418 465.84L-0.810036 466.55L268.545 0H134.967Z\" fill=\"#B0B0AF\"\/>\n<path d=\"M472.154 352.833L275.853 12.8511L209.053 128.515L405.354 468.52L472.154 352.833Z\" fill=\"#B0B0AF\"\/>\n<\/svg>    <\/div>\n    <div class=\"triangle-right\">\n      <svg width=\"462\" height=\"644\" viewBox=\"0 0 462 644\" fill=\"none\" xmlns=\"http:\/\/www.w3.org\/2000\/svg\">\n<path d=\"M538.396 484.622H201.974L111.355 641.569V643.52H630.148L538.396 484.622Z\" fill=\"#B0B0AF\"\/>\n<path d=\"M278.779 0L0 482.86L90.6189 639.839L92.2865 640.814L462.251 0H278.779Z\" fill=\"#B0B0AF\"\/>\n<path d=\"M741.911 484.622L472.288 17.6514L380.537 176.518L650.159 643.52L741.911 484.622Z\" fill=\"#B0B0AF\"\/>\n<\/svg>    <\/div>\n  <\/div>\n<\/div>\n","protected":false},"excerpt":{"rendered":"","protected":false},"author":3,"featured_media":0,"parent":48580,"menu_order":148,"comment_status":"closed","ping_status":"closed","template":"","meta":{"_acf_changed":false,"footnotes":""},"class_list":["post-58505","page","type-page","status-publish","hentry"],"acf":[],"yoast_head":"<!-- This site is optimized with the Yoast SEO Premium plugin v23.9 (Yoast SEO v27.2) - https:\/\/yoast.com\/product\/yoast-seo-premium-wordpress\/ -->\n<title>Recycling von Systemen und Komponenten - DEWETRON<\/title>\n<meta name=\"description\" content=\"Finden Sie hier alle Informationen, die Sie bei der Entsorgung und beim Recycling unserer Systeme beachten sollten.\" \/>\n<meta name=\"robots\" content=\"index, follow, max-snippet:-1, max-image-preview:large, max-video-preview:-1\" \/>\n<link rel=\"canonical\" href=\"https:\/\/www.dewetron.com\/de\/ueber-uns\/rechtliches\/recycling-von-systemen-und-komponenten\/\" \/>\n<meta property=\"og:locale\" content=\"de_DE\" \/>\n<meta property=\"og:type\" content=\"article\" \/>\n<meta property=\"og:title\" content=\"Recycling von Systemen und Komponenten\" \/>\n<meta property=\"og:description\" content=\"Finden Sie hier alle Informationen, die Sie bei der Entsorgung und beim Recycling unserer Systeme beachten sollten.\" \/>\n<meta property=\"og:url\" content=\"https:\/\/www.dewetron.com\/de\/ueber-uns\/rechtliches\/recycling-von-systemen-und-komponenten\/\" \/>\n<meta property=\"og:site_name\" content=\"DEWETRON\" \/>\n<meta property=\"article:publisher\" content=\"https:\/\/www.facebook.com\/dewetron.gmbh\" \/>\n<meta property=\"article:modified_time\" content=\"2025-06-13T07:32:51+00:00\" \/>\n<meta name=\"twitter:card\" content=\"summary_large_image\" \/>\n<meta name=\"twitter:label1\" content=\"Est. reading time\" \/>\n\t<meta name=\"twitter:data1\" content=\"2 minutes\" \/>\n<script type=\"application\/ld+json\" class=\"yoast-schema-graph\">{\"@context\":\"https:\/\/schema.org\",\"@graph\":[{\"@type\":\"WebPage\",\"@id\":\"https:\/\/www.dewetron.com\/de\/ueber-uns\/rechtliches\/recycling-von-systemen-und-komponenten\/\",\"url\":\"https:\/\/www.dewetron.com\/de\/ueber-uns\/rechtliches\/recycling-von-systemen-und-komponenten\/\",\"name\":\"Recycling von Systemen und Komponenten - DEWETRON\",\"isPartOf\":{\"@id\":\"https:\/\/www.dewetron.com\/de\/#website\"},\"datePublished\":\"2025-06-11T06:03:07+00:00\",\"dateModified\":\"2025-06-13T07:32:51+00:00\",\"description\":\"Finden Sie hier alle Informationen, die Sie bei der Entsorgung und beim Recycling unserer Systeme beachten sollten.\",\"breadcrumb\":{\"@id\":\"https:\/\/www.dewetron.com\/de\/ueber-uns\/rechtliches\/recycling-von-systemen-und-komponenten\/#breadcrumb\"},\"inLanguage\":\"de-DE\",\"potentialAction\":[{\"@type\":\"ReadAction\",\"target\":[\"https:\/\/www.dewetron.com\/de\/ueber-uns\/rechtliches\/recycling-von-systemen-und-komponenten\/\"]}]},{\"@type\":\"BreadcrumbList\",\"@id\":\"https:\/\/www.dewetron.com\/de\/ueber-uns\/rechtliches\/recycling-von-systemen-und-komponenten\/#breadcrumb\",\"itemListElement\":[{\"@type\":\"ListItem\",\"position\":1,\"name\":\"Home\",\"item\":\"https:\/\/www.dewetron.com\/de\/\"},{\"@type\":\"ListItem\",\"position\":2,\"name\":\"\u00dcber uns\",\"item\":\"https:\/\/www.dewetron.com\/de\/ueber-uns\/\"},{\"@type\":\"ListItem\",\"position\":3,\"name\":\"Rechtliches\",\"item\":\"https:\/\/www.dewetron.com\/de\/ueber-uns\/rechtliches\/\"},{\"@type\":\"ListItem\",\"position\":4,\"name\":\"Recycling von Systemen und Komponenten\"}]},{\"@type\":\"WebSite\",\"@id\":\"https:\/\/www.dewetron.com\/de\/#website\",\"url\":\"https:\/\/www.dewetron.com\/de\/\",\"name\":\"DEWETRON\",\"description\":\"\",\"publisher\":{\"@id\":\"https:\/\/www.dewetron.com\/de\/#organization\"},\"potentialAction\":[{\"@type\":\"SearchAction\",\"target\":{\"@type\":\"EntryPoint\",\"urlTemplate\":\"https:\/\/www.dewetron.com\/de\/?s={search_term_string}\"},\"query-input\":{\"@type\":\"PropertyValueSpecification\",\"valueRequired\":true,\"valueName\":\"search_term_string\"}}],\"inLanguage\":\"de-DE\"},{\"@type\":\"Organization\",\"@id\":\"https:\/\/www.dewetron.com\/de\/#organization\",\"name\":\"DEWETRON\",\"url\":\"https:\/\/www.dewetron.com\/de\/\",\"logo\":{\"@type\":\"ImageObject\",\"inLanguage\":\"de-DE\",\"@id\":\"https:\/\/www.dewetron.com\/de\/#\/schema\/logo\/image\/\",\"url\":\"https:\/\/www.dewetron.com\/app\/uploads\/2024\/08\/DEWETRON-logo-text-and-image.png\",\"contentUrl\":\"https:\/\/www.dewetron.com\/app\/uploads\/2024\/08\/DEWETRON-logo-text-and-image.png\",\"width\":900,\"height\":979,\"caption\":\"DEWETRON\"},\"image\":{\"@id\":\"https:\/\/www.dewetron.com\/de\/#\/schema\/logo\/image\/\"},\"sameAs\":[\"https:\/\/www.facebook.com\/dewetron.gmbh\",\"https:\/\/www.linkedin.com\/company\/dewetron\/\",\"https:\/\/www.instagram.com\/wearedewetron\/\",\"https:\/\/www.youtube.com\/channel\/UCE76NeVVgWF65etH8E1bOog\"]}]}<\/script>\n<!-- \/ Yoast SEO Premium plugin. -->","yoast_head_json":{"title":"Recycling von Systemen und Komponenten - DEWETRON","description":"Finden Sie hier alle Informationen, die Sie bei der Entsorgung und beim Recycling unserer Systeme beachten sollten.","robots":{"index":"index","follow":"follow","max-snippet":"max-snippet:-1","max-image-preview":"max-image-preview:large","max-video-preview":"max-video-preview:-1"},"canonical":"https:\/\/www.dewetron.com\/de\/ueber-uns\/rechtliches\/recycling-von-systemen-und-komponenten\/","og_locale":"de_DE","og_type":"article","og_title":"Recycling von Systemen und Komponenten","og_description":"Finden Sie hier alle Informationen, die Sie bei der Entsorgung und beim Recycling unserer Systeme beachten sollten.","og_url":"https:\/\/www.dewetron.com\/de\/ueber-uns\/rechtliches\/recycling-von-systemen-und-komponenten\/","og_site_name":"DEWETRON","article_publisher":"https:\/\/www.facebook.com\/dewetron.gmbh","article_modified_time":"2025-06-13T07:32:51+00:00","twitter_card":"summary_large_image","twitter_misc":{"Est. reading time":"2 minutes"},"schema":{"@context":"https:\/\/schema.org","@graph":[{"@type":"WebPage","@id":"https:\/\/www.dewetron.com\/de\/ueber-uns\/rechtliches\/recycling-von-systemen-und-komponenten\/","url":"https:\/\/www.dewetron.com\/de\/ueber-uns\/rechtliches\/recycling-von-systemen-und-komponenten\/","name":"Recycling von Systemen und Komponenten - DEWETRON","isPartOf":{"@id":"https:\/\/www.dewetron.com\/de\/#website"},"datePublished":"2025-06-11T06:03:07+00:00","dateModified":"2025-06-13T07:32:51+00:00","description":"Finden Sie hier alle Informationen, die Sie bei der Entsorgung und beim Recycling unserer Systeme beachten sollten.","breadcrumb":{"@id":"https:\/\/www.dewetron.com\/de\/ueber-uns\/rechtliches\/recycling-von-systemen-und-komponenten\/#breadcrumb"},"inLanguage":"de-DE","potentialAction":[{"@type":"ReadAction","target":["https:\/\/www.dewetron.com\/de\/ueber-uns\/rechtliches\/recycling-von-systemen-und-komponenten\/"]}]},{"@type":"BreadcrumbList","@id":"https:\/\/www.dewetron.com\/de\/ueber-uns\/rechtliches\/recycling-von-systemen-und-komponenten\/#breadcrumb","itemListElement":[{"@type":"ListItem","position":1,"name":"Home","item":"https:\/\/www.dewetron.com\/de\/"},{"@type":"ListItem","position":2,"name":"\u00dcber uns","item":"https:\/\/www.dewetron.com\/de\/ueber-uns\/"},{"@type":"ListItem","position":3,"name":"Rechtliches","item":"https:\/\/www.dewetron.com\/de\/ueber-uns\/rechtliches\/"},{"@type":"ListItem","position":4,"name":"Recycling von Systemen und Komponenten"}]},{"@type":"WebSite","@id":"https:\/\/www.dewetron.com\/de\/#website","url":"https:\/\/www.dewetron.com\/de\/","name":"DEWETRON","description":"","publisher":{"@id":"https:\/\/www.dewetron.com\/de\/#organization"},"potentialAction":[{"@type":"SearchAction","target":{"@type":"EntryPoint","urlTemplate":"https:\/\/www.dewetron.com\/de\/?s={search_term_string}"},"query-input":{"@type":"PropertyValueSpecification","valueRequired":true,"valueName":"search_term_string"}}],"inLanguage":"de-DE"},{"@type":"Organization","@id":"https:\/\/www.dewetron.com\/de\/#organization","name":"DEWETRON","url":"https:\/\/www.dewetron.com\/de\/","logo":{"@type":"ImageObject","inLanguage":"de-DE","@id":"https:\/\/www.dewetron.com\/de\/#\/schema\/logo\/image\/","url":"https:\/\/www.dewetron.com\/app\/uploads\/2024\/08\/DEWETRON-logo-text-and-image.png","contentUrl":"https:\/\/www.dewetron.com\/app\/uploads\/2024\/08\/DEWETRON-logo-text-and-image.png","width":900,"height":979,"caption":"DEWETRON"},"image":{"@id":"https:\/\/www.dewetron.com\/de\/#\/schema\/logo\/image\/"},"sameAs":["https:\/\/www.facebook.com\/dewetron.gmbh","https:\/\/www.linkedin.com\/company\/dewetron\/","https:\/\/www.instagram.com\/wearedewetron\/","https:\/\/www.youtube.com\/channel\/UCE76NeVVgWF65etH8E1bOog"]}]}},"_links":{"self":[{"href":"https:\/\/www.dewetron.com\/de\/wp-json\/wp\/v2\/pages\/58505","targetHints":{"allow":["GET"]}}],"collection":[{"href":"https:\/\/www.dewetron.com\/de\/wp-json\/wp\/v2\/pages"}],"about":[{"href":"https:\/\/www.dewetron.com\/de\/wp-json\/wp\/v2\/types\/page"}],"author":[{"embeddable":true,"href":"https:\/\/www.dewetron.com\/de\/wp-json\/wp\/v2\/users\/3"}],"replies":[{"embeddable":true,"href":"https:\/\/www.dewetron.com\/de\/wp-json\/wp\/v2\/comments?post=58505"}],"version-history":[{"count":22,"href":"https:\/\/www.dewetron.com\/de\/wp-json\/wp\/v2\/pages\/58505\/revisions"}],"predecessor-version":[{"id":58640,"href":"https:\/\/www.dewetron.com\/de\/wp-json\/wp\/v2\/pages\/58505\/revisions\/58640"}],"up":[{"embeddable":true,"href":"https:\/\/www.dewetron.com\/de\/wp-json\/wp\/v2\/pages\/48580"}],"wp:attachment":[{"href":"https:\/\/www.dewetron.com\/de\/wp-json\/wp\/v2\/media?parent=58505"}],"curies":[{"name":"wp","href":"https:\/\/api.w.org\/{rel}","templated":true}]}}