{"id":49543,"date":"2024-08-06T05:56:17","date_gmt":"2024-08-06T05:56:17","guid":{"rendered":"https:\/\/www.dewetron.com\/produkte\/rugged\/"},"modified":"2025-05-20T11:57:58","modified_gmt":"2025-05-20T11:57:58","slug":"robuste-systeme","status":"publish","type":"page","link":"https:\/\/www.dewetron.com\/de\/produkte\/robuste-systeme\/","title":{"rendered":"Robuste Systeme"},"content":{"rendered":"<div id=\"\" class=\"wp-block-product-hero margin-bottom-normal\">\n  <div class=\"container-fluid hero-section p-0 hero-wrapper\">\n    <div class=\"position-relative\">\n        <!-- Diagonal Background -->\n        <div class=\"diagonal-bg  bg-midblue  d-none d-lg-block\"><\/div>\n      <div class=\"container\">\n        <div class=\"row main-content pt-7 pb-9\">\n          <div class=\"col-lg-6 offset-lg-1 image-content align-content-center download px-3 px-xl-0 px-xxl-0 order-lg-2 mb-5 mb-lg-0\">\n                              <picture>\n                        <source\n                media=\"(max-width: 768px)\"\n                srcset=\"https:\/\/www.dewetron.com\/app\/uploads\/2024\/11\/rugged-measurement-systems-768x512.png, https:\/\/www.dewetron.com\/app\/uploads\/2024\/11\/rugged-measurement-systems.png 2x\"\n            \/>\n                    <source\n                media=\"(max-width: 900px)\"\n                srcset=\"https:\/\/www.dewetron.com\/app\/uploads\/2024\/11\/rugged-measurement-systems.png, https:\/\/www.dewetron.com\/app\/uploads\/2024\/11\/rugged-measurement-systems.png 2x\"\n            \/>\n                    <source\n                media=\"(max-width: 900px)\"\n                srcset=\"https:\/\/www.dewetron.com\/app\/uploads\/2024\/11\/rugged-measurement-systems.png, https:\/\/www.dewetron.com\/app\/uploads\/2024\/11\/rugged-measurement-systems.png 2x\"\n            \/>\n                    <source\n                media=\"(max-width: 900px)\"\n                srcset=\"https:\/\/www.dewetron.com\/app\/uploads\/2024\/11\/rugged-measurement-systems.png, https:\/\/www.dewetron.com\/app\/uploads\/2024\/11\/rugged-measurement-systems.png 2x\"\n            \/>\n                <img decoding=\"async\"\n        class=\"img-fluid\" size=\"full\" loading=\"eager\"\n        src=\"https:\/\/www.dewetron.com\/app\/uploads\/2024\/11\/rugged-measurement-systems.png\"\n        alt=\"\"\n        title=\"\"\n        loading=\"lazy\"\n                    onerror=\"this.src = 'https:\/\/www.dewetron.com\/app\/themes\/dewetron\/public\/images\/fallback.8952c5.jpg'\"\n            >\n<\/picture>\n                                      <\/div>\n          <div class=\"col-lg-5 text-content text-light order-lg-1 dynamic-text\">\n              <div class=\"hero-header-text content-wrapper\">\n  <div class=\"content\">\n          <div class=\"kicker mb-2\">\n          IP-zertifizierte Messsysteme\n      <\/div>\n              <h3 class=\"h1\">ROBUSTE SYSTEME<\/h1>\n              <h1 class=\"h3\">Kompakte und robuste Messsysteme<\/h3>\n              <h4 class=\"text mb-5\">\n          <p>Unsere robusten Datenerfassungssysteme sind die ideale L\u00f6sung f\u00fcr Tests unter anspruchsvollen Bedingungen. Egal ob bei gro\u00dfer Hitze oder K\u00e4lte, in staubigen oder nassen Umgebungen \u2013 unsere Messsysteme sind f\u00fcr alle Herausforderungen bereit. Mit einer Schutzart von mindestens IP67 sind sie wasser- und staubdicht. Zudem sind sie l\u00fcfterlos und halten hohen sowie niedrigen Betriebstemperaturen stand \u2013 dabei liefern sie stets pr\u00e4zise und synchronisierte Daten.<\/p>\n\n      <\/h4>\n              <div class=\"link-button d-flex flex-wrap\">\n                  <a class=\"dewetron-btn\" href=\"https:\/\/www.dewetron.com\/de\/kontakt\/\" target=\"\">\n          \n      <span>JETZT KONTAKTIEREN<\/span>\n      <\/a>\n                          <a class=\"dewetron-btn\" href=\"https:\/\/www.dewetron.com\/de\/demo\/\" target=\"\">\n          \n      <span>ONLINE-DEMO BUCHEN<\/span>\n      <\/a>\n                      <\/div>\n      <\/div>\n<\/div>\n          <\/div>\n\n                  <\/div>\n      <\/div>\n    <\/div>\n  <\/div>\n<\/div>\n\n\n<div id=\"\" class=\"wp-block-product-category-cards margin-bottom-normal\">\n  <div class=\"container-fluid\">\n    <div class=\"header-wrapper container\">\n      <div class=\"row flex-row flex-wrap\">\n        <div class=\"col-12\">\n          <div class=\"content-wrapper\">\n            <div class=\"content\">\n                              <h2 class=\"h2 text-center text-uppercase\">Ihr robustes Messsystem<\/h2>\n                          <\/div>\n          <\/div>\n        <\/div>\n      <\/div>\n    <\/div>\n  <\/div>\n  <div class=\"container results\">\n    <div class=\"row\">\n              <div class=\"col-12 col-sm-6 col-md-4 col-lg-3 mb-3\">\n          <a href=\"https:\/\/www.dewetron.com\/de\/produkte\/frontends\/nexdaq\/\">\n              <div class=\"product-card\">\n                  <div class=\"image\">\n                      <picture>\n                        <source\n                media=\"(max-width: 450px)\"\n                srcset=\"https:\/\/www.dewetron.com\/app\/uploads\/2024\/07\/NEXDAQ-daq-system-dewetron.png, https:\/\/www.dewetron.com\/app\/uploads\/2024\/07\/NEXDAQ-daq-system-dewetron.png 2x\"\n            \/>\n                    <source\n                media=\"(max-width: 450px)\"\n                srcset=\"https:\/\/www.dewetron.com\/app\/uploads\/2024\/07\/NEXDAQ-daq-system-dewetron.png, https:\/\/www.dewetron.com\/app\/uploads\/2024\/07\/NEXDAQ-daq-system-dewetron.png 2x\"\n            \/>\n                    <source\n                media=\"(max-width: 450px)\"\n                srcset=\"https:\/\/www.dewetron.com\/app\/uploads\/2024\/07\/NEXDAQ-daq-system-dewetron.png, https:\/\/www.dewetron.com\/app\/uploads\/2024\/07\/NEXDAQ-daq-system-dewetron.png 2x\"\n            \/>\n                    <source\n                media=\"(max-width: 450px)\"\n                srcset=\"https:\/\/www.dewetron.com\/app\/uploads\/2024\/07\/NEXDAQ-daq-system-dewetron.png, https:\/\/www.dewetron.com\/app\/uploads\/2024\/07\/NEXDAQ-daq-system-dewetron.png 2x\"\n            \/>\n                <img decoding=\"async\"\n        class=\"img-fluid\"\n        src=\"https:\/\/www.dewetron.com\/app\/uploads\/2024\/07\/NEXDAQ-daq-system-dewetron.png\"\n        alt=\"\"\n        title=\"\"\n        loading=\"lazy\"\n                    onerror=\"this.src = 'https:\/\/www.dewetron.com\/app\/themes\/dewetron\/public\/images\/fallback.8952c5.jpg'\"\n            >\n<\/picture>\n                  <\/div>\n                  <div class=\"content\">\n                      <h4 class=\"bold\">NEX[DAQ]<\/h4>\n                      <div class=\"product-data\">\n                                                                                          <div class=\"product-data-item\">\n                                                                                <div class=\"icon\">\n                                              <svg width=\"14\" height=\"18\" viewBox=\"0 0 14 18\" fill=\"none\" xmlns=\"http:\/\/www.w3.org\/2000\/svg\">\n<g clip-path=\"url(#clip0_474_245)\">\n<path d=\"M5.69083 3.15972L4.58295 2.0326L6.06013 0.529785L7.16802 1.6569\" stroke=\"#222222\" stroke-miterlimit=\"10\"\/>\n<path d=\"M7.64811 5.90234L5.58374 3.80215C5.43972 3.65563 5.42125 3.43772 5.53943 3.31374L7.31943 1.50284C7.4413 1.37886 7.65549 1.4014 7.79952 1.54793L9.86388 3.64811C10.0079 3.79464 10.0264 4.01255 9.9082 4.13653L8.12819 5.94742C8.00632 6.07141 7.79213 6.04886 7.64811 5.90234Z\" stroke=\"#222222\" stroke-miterlimit=\"10\"\/>\n<path d=\"M8.46057 5.97754L11.0272 8.58869C11.511 9.08086 11.7842 9.74961 11.7842 10.4484V18.0001\" stroke=\"#222222\" stroke-miterlimit=\"10\"\/>\n<path d=\"M9.93774 4.47461L12.8736 7.46146C13.3574 7.95363 13.6307 8.62239 13.6307 9.3212V18\" stroke=\"#222222\" stroke-miterlimit=\"10\"\/>\n<path d=\"M1.62858 7.29253L0.520691 6.16542L1.99787 4.6626L3.10576 5.78971\" stroke=\"#222222\" stroke-miterlimit=\"10\"\/>\n<path d=\"M3.58585 10.0352L1.52149 7.93496C1.37746 7.78844 1.359 7.57053 1.47717 7.44655L3.25718 5.63565C3.37904 5.51167 3.59324 5.53421 3.73726 5.68074L5.80162 7.78093C5.94565 7.92745 5.96411 8.14536 5.84594 8.26934L4.06593 10.0802C3.94407 10.2042 3.72988 10.1817 3.58585 10.0352Z\" stroke=\"#222222\" stroke-miterlimit=\"10\"\/>\n<path d=\"M4.39832 10.1104L6.96492 12.7215C7.4487 13.2137 7.72198 13.8824 7.72198 14.5812V18.0001\" stroke=\"#222222\" stroke-miterlimit=\"10\"\/>\n<path d=\"M5.87549 8.60742L8.81139 11.5943C9.29517 12.0864 9.56845 12.7552 9.56845 13.454V18\" stroke=\"#222222\" stroke-miterlimit=\"10\"\/>\n<\/g>\n<defs>\n<clipPath id=\"clip0_474_245\">\n<rect width=\"14\" height=\"18\" fill=\"white\"\/>\n<\/clipPath>\n<\/defs>\n<\/svg>                                          <\/div>\n                                                                            <div>\n                                          8 analoge Eing\u00e4nge\n                                      <\/div>\n                                  <\/div>\n                                                                <div class=\"product-data-item\">\n                                                                                <div class=\"icon\">\n                                              <svg width=\"10\" height=\"18\" viewBox=\"0 0 10 18\" fill=\"none\" xmlns=\"http:\/\/www.w3.org\/2000\/svg\">\n<g clip-path=\"url(#clip0_474_269)\">\n<path d=\"M3.80715 14.625L4.4893 10.875H2.33215L6.30001 5.625L5.44644 9.375H7.60358L3.80715 14.625Z\" stroke=\"#222222\" stroke-linecap=\"round\" stroke-linejoin=\"round\"\/>\n<path d=\"M8.92855 2.25H1.0714C0.676913 2.25 0.357117 2.58579 0.357117 3V16.875C0.357117 17.2892 0.676913 17.625 1.0714 17.625H8.92855C9.32304 17.625 9.64283 17.2892 9.64283 16.875V3C9.64283 2.58579 9.32304 2.25 8.92855 2.25Z\" stroke=\"#222222\" stroke-linecap=\"round\" stroke-linejoin=\"round\"\/>\n<path d=\"M2.85712 2.25V0.75C2.85712 0.54375 3.01783 0.375 3.21426 0.375H6.78569C6.98212 0.375 7.14283 0.54375 7.14283 0.75V2.25\" stroke=\"#222222\" stroke-linecap=\"round\" stroke-linejoin=\"round\"\/>\n<\/g>\n<defs>\n<clipPath id=\"clip0_474_269\">\n<rect width=\"10\" height=\"18\" fill=\"white\"\/>\n<\/clipPath>\n<\/defs>\n<\/svg>                                          <\/div>\n                                                                            <div>\n                                          AC, DC\n                                      <\/div>\n                                  <\/div>\n                                                                <div class=\"product-data-item\">\n                                                                                <div class=\"icon\">\n                                              <svg width=\"16\" height=\"16\" viewBox=\"0 0 16 16\" fill=\"none\" xmlns=\"http:\/\/www.w3.org\/2000\/svg\">\n<g clip-path=\"url(#clip0_474_261)\">\n<path d=\"M9.81612 2.23539C9.81612 3.26561 9.00654 4.09871 8.00541 4.09871C7.00428 4.09871 6.1947 3.26561 6.1947 2.23539C6.1947 1.20517 7.00428 0.37207 8.00541 0.37207C9.00654 0.37207 9.81612 1.20517 9.81612 2.23539Z\" stroke=\"#222222\" stroke-miterlimit=\"10\"\/>\n<path d=\"M12.3352 4.09863C12.6966 4.09863 13.0111 4.35154 13.105 4.70858L15.6097 14.6017C15.7398 15.1186 15.3603 15.6244 14.8398 15.6244H1.15652C0.636081 15.6244 0.256592 15.1186 0.386702 14.6017L2.89133 4.70858C2.98169 4.34782 3.29974 4.09863 3.66115 4.09863H12.3352Z\" stroke=\"#222222\" stroke-miterlimit=\"10\"\/>\n<path d=\"M5.46826 7.07373V12.2806\" stroke=\"#222222\" stroke-linejoin=\"round\"\/>\n<path d=\"M7.27535 8.56152V8.93344L5.46826 10.793\" stroke=\"#222222\" stroke-linejoin=\"round\"\/>\n<path d=\"M6.1911 10.4214L7.27536 11.9091V12.281\" stroke=\"#222222\" stroke-linejoin=\"round\"\/>\n<path d=\"M10.5281 8.56152V12.6526C10.5281 13.0618 10.2029 13.3965 9.80529 13.3965H8.35962\" stroke=\"#222222\" stroke-linejoin=\"round\"\/>\n<path d=\"M9.44387 11.909C8.84392 11.909 8.35962 11.4106 8.35962 10.7932V10.0494C8.35962 9.43197 8.84392 8.93359 9.44387 8.93359C10.0438 8.93359 10.5281 9.43197 10.5281 10.0494V10.7932C10.5281 11.4106 10.0438 11.909 9.44387 11.909Z\" stroke=\"#222222\" stroke-linejoin=\"round\"\/>\n<\/g>\n<defs>\n<clipPath id=\"clip0_474_261\">\n<rect width=\"16\" height=\"16\" fill=\"white\"\/>\n<\/clipPath>\n<\/defs>\n<\/svg>                                          <\/div>\n                                                                            <div>\n                                          1,25 kg \/ 2,8 lb\n                                      <\/div>\n                                  <\/div>\n                                                                              <\/div>\n                  <\/div>\n              <\/div>\n          <\/a>\n        <\/div>\n          <\/div>\n  <\/div>\n<\/div>\n\n\n","protected":false},"excerpt":{"rendered":"","protected":false},"author":6,"featured_media":0,"parent":48306,"menu_order":173,"comment_status":"closed","ping_status":"closed","template":"","meta":{"_acf_changed":false,"footnotes":""},"class_list":["post-49543","page","type-page","status-publish","hentry"],"acf":[],"yoast_head":"<!-- This site is optimized with the Yoast SEO Premium plugin v23.9 (Yoast SEO v27.2) - https:\/\/yoast.com\/product\/yoast-seo-premium-wordpress\/ -->\n<title>Robuste Datenerfassungssysteme | DEWETRON<\/title>\n<meta name=\"description\" content=\"Robuste Datenerfassungssysteme f\u00fcr pr\u00e4zise und synchrone Daten: IP67-zertifiziert, wasser- und staubdicht. Top f\u00fcr raue Bedingungen.\" \/>\n<meta name=\"robots\" content=\"index, follow, max-snippet:-1, max-image-preview:large, max-video-preview:-1\" \/>\n<link rel=\"canonical\" href=\"https:\/\/www.dewetron.com\/de\/produkte\/robuste-systeme\/\" \/>\n<meta property=\"og:locale\" content=\"de_DE\" \/>\n<meta property=\"og:type\" content=\"article\" \/>\n<meta property=\"og:title\" content=\"Robuste Systeme\" \/>\n<meta property=\"og:description\" content=\"Robuste Datenerfassungssysteme f\u00fcr pr\u00e4zise und synchrone Daten: IP67-zertifiziert, wasser- und staubdicht. Top f\u00fcr raue Bedingungen.\" \/>\n<meta property=\"og:url\" content=\"https:\/\/www.dewetron.com\/de\/produkte\/robuste-systeme\/\" \/>\n<meta property=\"og:site_name\" content=\"DEWETRON\" \/>\n<meta property=\"article:publisher\" content=\"https:\/\/www.facebook.com\/dewetron.gmbh\" \/>\n<meta property=\"article:modified_time\" content=\"2025-05-20T11:57:58+00:00\" \/>\n<meta name=\"twitter:card\" content=\"summary_large_image\" \/>\n<meta name=\"twitter:label1\" content=\"Est. reading time\" \/>\n\t<meta name=\"twitter:data1\" content=\"1 minute\" \/>\n<script type=\"application\/ld+json\" class=\"yoast-schema-graph\">{\"@context\":\"https:\/\/schema.org\",\"@graph\":[{\"@type\":\"WebPage\",\"@id\":\"https:\/\/www.dewetron.com\/de\/produkte\/robuste-systeme\/\",\"url\":\"https:\/\/www.dewetron.com\/de\/produkte\/robuste-systeme\/\",\"name\":\"Robuste Datenerfassungssysteme | DEWETRON\",\"isPartOf\":{\"@id\":\"https:\/\/www.dewetron.com\/de\/#website\"},\"datePublished\":\"2024-08-06T05:56:17+00:00\",\"dateModified\":\"2025-05-20T11:57:58+00:00\",\"description\":\"Robuste Datenerfassungssysteme f\u00fcr pr\u00e4zise und synchrone Daten: IP67-zertifiziert, wasser- und staubdicht. Top f\u00fcr raue Bedingungen.\",\"breadcrumb\":{\"@id\":\"https:\/\/www.dewetron.com\/de\/produkte\/robuste-systeme\/#breadcrumb\"},\"inLanguage\":\"de-DE\",\"potentialAction\":[{\"@type\":\"ReadAction\",\"target\":[\"https:\/\/www.dewetron.com\/de\/produkte\/robuste-systeme\/\"]}]},{\"@type\":\"BreadcrumbList\",\"@id\":\"https:\/\/www.dewetron.com\/de\/produkte\/robuste-systeme\/#breadcrumb\",\"itemListElement\":[{\"@type\":\"ListItem\",\"position\":1,\"name\":\"Home\",\"item\":\"https:\/\/www.dewetron.com\/de\/\"},{\"@type\":\"ListItem\",\"position\":2,\"name\":\"Produkte\",\"item\":\"https:\/\/www.dewetron.com\/de\/produkte\/\"},{\"@type\":\"ListItem\",\"position\":3,\"name\":\"Robuste Systeme\"}]},{\"@type\":\"WebSite\",\"@id\":\"https:\/\/www.dewetron.com\/de\/#website\",\"url\":\"https:\/\/www.dewetron.com\/de\/\",\"name\":\"DEWETRON\",\"description\":\"\",\"publisher\":{\"@id\":\"https:\/\/www.dewetron.com\/de\/#organization\"},\"potentialAction\":[{\"@type\":\"SearchAction\",\"target\":{\"@type\":\"EntryPoint\",\"urlTemplate\":\"https:\/\/www.dewetron.com\/de\/?s={search_term_string}\"},\"query-input\":{\"@type\":\"PropertyValueSpecification\",\"valueRequired\":true,\"valueName\":\"search_term_string\"}}],\"inLanguage\":\"de-DE\"},{\"@type\":\"Organization\",\"@id\":\"https:\/\/www.dewetron.com\/de\/#organization\",\"name\":\"DEWETRON\",\"url\":\"https:\/\/www.dewetron.com\/de\/\",\"logo\":{\"@type\":\"ImageObject\",\"inLanguage\":\"de-DE\",\"@id\":\"https:\/\/www.dewetron.com\/de\/#\/schema\/logo\/image\/\",\"url\":\"https:\/\/www.dewetron.com\/app\/uploads\/2024\/08\/DEWETRON-logo-text-and-image.png\",\"contentUrl\":\"https:\/\/www.dewetron.com\/app\/uploads\/2024\/08\/DEWETRON-logo-text-and-image.png\",\"width\":900,\"height\":979,\"caption\":\"DEWETRON\"},\"image\":{\"@id\":\"https:\/\/www.dewetron.com\/de\/#\/schema\/logo\/image\/\"},\"sameAs\":[\"https:\/\/www.facebook.com\/dewetron.gmbh\",\"https:\/\/www.linkedin.com\/company\/dewetron\/\",\"https:\/\/www.instagram.com\/wearedewetron\/\",\"https:\/\/www.youtube.com\/channel\/UCE76NeVVgWF65etH8E1bOog\"]}]}<\/script>\n<!-- \/ Yoast SEO Premium plugin. -->","yoast_head_json":{"title":"Robuste Datenerfassungssysteme | DEWETRON","description":"Robuste Datenerfassungssysteme f\u00fcr pr\u00e4zise und synchrone Daten: IP67-zertifiziert, wasser- und staubdicht. Top f\u00fcr raue Bedingungen.","robots":{"index":"index","follow":"follow","max-snippet":"max-snippet:-1","max-image-preview":"max-image-preview:large","max-video-preview":"max-video-preview:-1"},"canonical":"https:\/\/www.dewetron.com\/de\/produkte\/robuste-systeme\/","og_locale":"de_DE","og_type":"article","og_title":"Robuste Systeme","og_description":"Robuste Datenerfassungssysteme f\u00fcr pr\u00e4zise und synchrone Daten: IP67-zertifiziert, wasser- und staubdicht. Top f\u00fcr raue Bedingungen.","og_url":"https:\/\/www.dewetron.com\/de\/produkte\/robuste-systeme\/","og_site_name":"DEWETRON","article_publisher":"https:\/\/www.facebook.com\/dewetron.gmbh","article_modified_time":"2025-05-20T11:57:58+00:00","twitter_card":"summary_large_image","twitter_misc":{"Est. reading time":"1 minute"},"schema":{"@context":"https:\/\/schema.org","@graph":[{"@type":"WebPage","@id":"https:\/\/www.dewetron.com\/de\/produkte\/robuste-systeme\/","url":"https:\/\/www.dewetron.com\/de\/produkte\/robuste-systeme\/","name":"Robuste Datenerfassungssysteme | DEWETRON","isPartOf":{"@id":"https:\/\/www.dewetron.com\/de\/#website"},"datePublished":"2024-08-06T05:56:17+00:00","dateModified":"2025-05-20T11:57:58+00:00","description":"Robuste Datenerfassungssysteme f\u00fcr pr\u00e4zise und synchrone Daten: IP67-zertifiziert, wasser- und staubdicht. Top f\u00fcr raue Bedingungen.","breadcrumb":{"@id":"https:\/\/www.dewetron.com\/de\/produkte\/robuste-systeme\/#breadcrumb"},"inLanguage":"de-DE","potentialAction":[{"@type":"ReadAction","target":["https:\/\/www.dewetron.com\/de\/produkte\/robuste-systeme\/"]}]},{"@type":"BreadcrumbList","@id":"https:\/\/www.dewetron.com\/de\/produkte\/robuste-systeme\/#breadcrumb","itemListElement":[{"@type":"ListItem","position":1,"name":"Home","item":"https:\/\/www.dewetron.com\/de\/"},{"@type":"ListItem","position":2,"name":"Produkte","item":"https:\/\/www.dewetron.com\/de\/produkte\/"},{"@type":"ListItem","position":3,"name":"Robuste Systeme"}]},{"@type":"WebSite","@id":"https:\/\/www.dewetron.com\/de\/#website","url":"https:\/\/www.dewetron.com\/de\/","name":"DEWETRON","description":"","publisher":{"@id":"https:\/\/www.dewetron.com\/de\/#organization"},"potentialAction":[{"@type":"SearchAction","target":{"@type":"EntryPoint","urlTemplate":"https:\/\/www.dewetron.com\/de\/?s={search_term_string}"},"query-input":{"@type":"PropertyValueSpecification","valueRequired":true,"valueName":"search_term_string"}}],"inLanguage":"de-DE"},{"@type":"Organization","@id":"https:\/\/www.dewetron.com\/de\/#organization","name":"DEWETRON","url":"https:\/\/www.dewetron.com\/de\/","logo":{"@type":"ImageObject","inLanguage":"de-DE","@id":"https:\/\/www.dewetron.com\/de\/#\/schema\/logo\/image\/","url":"https:\/\/www.dewetron.com\/app\/uploads\/2024\/08\/DEWETRON-logo-text-and-image.png","contentUrl":"https:\/\/www.dewetron.com\/app\/uploads\/2024\/08\/DEWETRON-logo-text-and-image.png","width":900,"height":979,"caption":"DEWETRON"},"image":{"@id":"https:\/\/www.dewetron.com\/de\/#\/schema\/logo\/image\/"},"sameAs":["https:\/\/www.facebook.com\/dewetron.gmbh","https:\/\/www.linkedin.com\/company\/dewetron\/","https:\/\/www.instagram.com\/wearedewetron\/","https:\/\/www.youtube.com\/channel\/UCE76NeVVgWF65etH8E1bOog"]}]}},"_links":{"self":[{"href":"https:\/\/www.dewetron.com\/de\/wp-json\/wp\/v2\/pages\/49543","targetHints":{"allow":["GET"]}}],"collection":[{"href":"https:\/\/www.dewetron.com\/de\/wp-json\/wp\/v2\/pages"}],"about":[{"href":"https:\/\/www.dewetron.com\/de\/wp-json\/wp\/v2\/types\/page"}],"author":[{"embeddable":true,"href":"https:\/\/www.dewetron.com\/de\/wp-json\/wp\/v2\/users\/6"}],"replies":[{"embeddable":true,"href":"https:\/\/www.dewetron.com\/de\/wp-json\/wp\/v2\/comments?post=49543"}],"version-history":[{"count":6,"href":"https:\/\/www.dewetron.com\/de\/wp-json\/wp\/v2\/pages\/49543\/revisions"}],"predecessor-version":[{"id":58256,"href":"https:\/\/www.dewetron.com\/de\/wp-json\/wp\/v2\/pages\/49543\/revisions\/58256"}],"up":[{"embeddable":true,"href":"https:\/\/www.dewetron.com\/de\/wp-json\/wp\/v2\/pages\/48306"}],"wp:attachment":[{"href":"https:\/\/www.dewetron.com\/de\/wp-json\/wp\/v2\/media?parent=49543"}],"curies":[{"name":"wp","href":"https:\/\/api.w.org\/{rel}","templated":true}]}}