{"id":48558,"date":"2024-08-05T13:07:06","date_gmt":"2024-08-05T13:07:06","guid":{"rendered":"https:\/\/www.dewetron.com\/?page_id=48558"},"modified":"2025-01-15T14:13:51","modified_gmt":"2025-01-15T14:13:51","slug":"garantieverlaengerung-standard","status":"publish","type":"page","link":"https:\/\/www.dewetron.com\/de\/ueber-uns\/rechtliches\/garantieverlaengerung-standard\/","title":{"rendered":"Garantieverl\u00e4ngerung Standard"},"content":{"rendered":"<div id=\"\" class=\"wp-block-about-us-hero margin-bottom-normal\" data-breadcrumb-include=\"true\">\n  <div class=\"container-fluid p-0 bg-lightgray\">\n    <div class=\"hero-wrapper\">\n      <div class=\"container\">\n        <div class=\"row\">\n          <div class=\"col-12 col-lg-8 pt-lg-8 pb-lg-8 pt-4 pb-2\">\n            <div class=\"hero-header-text content-wrapper\">\n  <div class=\"content\">\n          <div class=\"kicker mb-2\">\n          Rechtliche Hinweise\n      <\/div>\n              <h3 class=\"h1\">Garantieverl\u00e4ngerung Standard<\/h1>\n                  <\/div>\n<\/div>\n          <\/div>\n          <div class=\"col-12 col-lg-4 triangle-container\">\n            <div class=\"triangle-right\">\n              <svg width=\"581\" height=\"501\" viewBox=\"0 0 581 501\" fill=\"none\" xmlns=\"http:\/\/www.w3.org\/2000\/svg\">\n<path d=\"M362.454 501L304.461 449.114L289.963 375.962H434.944L437.503 444.861L362.454 501Z\" fill=\"#707072\"\/>\n<path d=\"M434.942 375.962L362.451 501H508.285L504.021 387.871L434.942 375.962Z\" fill=\"#868789\"\/>\n<path d=\"M144.981 375.962L103.192 432.952L72.4902 501H217.472L188.475 432.952L144.981 375.962Z\" fill=\"#1B181C\"\/>\n<path d=\"M217.471 501L144.98 375.962H289.962L274.611 440.608L217.471 501Z\" fill=\"#3E3D3F\"\/>\n<path d=\"M72.4906 501L0 375.963L69.9321 360.652L144.981 375.963L72.4906 501Z\" fill=\"#1C3B6A\"\/>\n<path d=\"M508.288 501L435.797 375.963L508.288 362.353L580.778 375.963L508.288 501Z\" fill=\"#129CD8\"\/>\n<path d=\"M508.288 250.925L464.793 301.11L435.797 375.963H580.778L508.288 250.925Z\" fill=\"#1693D2\"\/>\n<path d=\"M72.4906 250.925L0 375.963H144.981L117.691 301.961L72.4906 250.925Z\" fill=\"#04529C\"\/>\n<path d=\"M144.981 375.963L72.4902 250.925L145.834 233.063L217.472 250.925L144.981 375.963Z\" fill=\"#036BB2\"\/>\n<path d=\"M435.797 375.963L363.307 250.925L434.944 238.167L508.288 250.925L435.797 375.963Z\" fill=\"#0D80C4\"\/>\n<path d=\"M144.981 125.037L195.298 169.268L217.472 250.925H72.4902L144.981 125.037Z\" fill=\"#0D80C4\"\/>\n<path d=\"M435.797 125.037L508.288 250.925H363.307L389.744 181.177L435.797 125.037Z\" fill=\"#036BB2\"\/>\n<path d=\"M363.307 250.925L290.816 125.037L363.307 112.278L435.798 125.037L363.307 250.925Z\" fill=\"#04529C\"\/>\n<path d=\"M217.471 250.925L144.98 125.037L219.177 97.8181L289.962 125.037L217.471 250.925Z\" fill=\"#1693D2\"\/>\n<path d=\"M363.307 0L300.198 53.5874L290.816 125.037H435.798L363.307 0Z\" fill=\"#1C3B6A\"\/>\n<path d=\"M217.471 0L144.98 125.037H289.962L281.433 35.725L217.471 0Z\" fill=\"#129CD8\"\/>\n<path d=\"M217.473 0L289.963 125.037L362.454 0H217.473Z\" fill=\"#12B0E5\"\/>\n<path d=\"M289.963 375.962L217.473 501H362.454L289.963 375.962Z\" fill=\"#5A595B\"\/>\n<\/svg>            <\/div>\n          <\/div>\n        <\/div>\n      <\/div>\n    <\/div>\n  <\/div>\n<\/div>\n\n\n<div id=\"\" class=\"wp-block-text-columns margin-bottom-none\n      \">\n  <div class=\"container\">\n    <div class=\"row justify-content-center\">\n              <div class=\"col-12\">\n          <h3><\/h3>\n          <div class=\"content-size-normal\">\n            <p><strong>GARANTIEVERL\u00c4NGERUNG STANDARD<\/strong><br \/>\nvon<br \/>\nDEWETRON GmbH<br \/>\nParkring 4, 8074 Grambach, \u00d6sterreich<br \/>\nnachstehend \u201eDEWETRON\u201c genannt<\/p>\n<p>Version 2023-01-02<\/p>\n<p>&nbsp;<\/p>\n\n          <\/div>\n        <\/div>\n          <\/div>\n  <\/div>\n<\/div>\n\n\n<div id=\"\" class=\"wp-block-text-columns margin-bottom-small\n      \">\n  <div class=\"container\">\n    <div class=\"row justify-content-center\">\n              <div class=\"col-12\">\n          <h3>BEDINGUNGEN<\/h3>\n          <div class=\"content-size-normal\">\n            <p>In Erg\u00e4nzung zu den\u00a0<a href=\"https:\/\/www.dewetron.com\/de\/ueber-uns\/rechtliches\/globale-garantiebedingungen\/\">GLOBALEN GARANTIEBEDINGUNGEN<\/a>, die eine Garantie f\u00fcr die Dauer von 12 Monaten vorsehen, bietet DEWETRON eine GARANTIEVERL\u00c4NGERUNG Standard f\u00fcr eine Gesamtdauer von bis zu 5 Jahren (12 Monate GLOBALE GARANTIE, danach maximal 4 Jahre GARANTIEVERL\u00c4NGERUNG Standard) f\u00fcr bestimmte DEWETRON Hardware (siehe\u00a0<a href=\"https:\/\/www.dewetron.com\/app\/uploads\/2024\/11\/DEWETRON_EXTENDED-WARRANTY-products_2023-02-1.pdf\" target=\"_blank\" rel=\"noopener\">PDF Qualifizierte Produkte f\u00fcr Garantieverl\u00e4ngerung<\/a>) entgeltlich an.<\/p>\n<p>Die GARANTIEVERL\u00c4NGERUNG Standard ist f\u00fcr Endkunden bzw. deren Produkte in den Regionen EMEA und APAC verf\u00fcgbar.<\/p>\n<p>W\u00e4hrend der Laufzeit der Garantieverl\u00e4ngerung werden Produkte, die aufgrund von Material- und Fabrikationsfehlern Defekte aufweisen, nach Wahl von DEWETRON repariert, verbessert oder durch Austausch (aus dem verf\u00fcgbaren Produktportfolio von DEWETRON) ersetzt.<\/p>\n<p>Um eine Garantieleistung geltend zu machen, muss der Kunde vor Ablauf der Garantiedauer eine schriftliche Meldung mit dem angeblichen Mangel an DEWETRON \u00fcbermitteln. In weiterer Folge muss das betroffene Produkt zeitnahe f\u00fcr eine \u00dcberpr\u00fcfung an DEWETRON retourniert werden. DEWETRON beh\u00e4lt sich das Recht vor, eine Geb\u00fchr f\u00fcr die Pr\u00fcfung und das Testen des Produkts zu erheben, falls nachweislich kein Garantiefall vorliegt.<\/p>\n<p>Ausgetauschte Produkte oder Teile von Produkten gehen in das Eigentum von DEWETRON \u00fcber. Die Garantieleistungen bewirken weder eine Verl\u00e4ngerung der Garantiedauer, noch setzen sie eine neue Garantie in Gang, au\u00dfer f\u00fcr im Rahmen einer Reparatur ausgetauschte Produkte\/Produktteile f\u00fcr die Dauer von 90 Tagen ab Austausch.<\/p>\n<p>Garantieanspr\u00fcche aus der Garantieverl\u00e4ngerung sind insbesondere ausgeschlossen f\u00fcr:<\/p>\n<ul>\n<li>Fremdprodukte\/fremde Software;<\/li>\n<li>von Dritten bzw. nicht von DEWETRON bearbeitete\/ver\u00e4nderte Produkte bzw. ver\u00e4nderte Software insbesondere durch Umbauten und\/oder Installation fremder Software;<\/li>\n<li>Batterien und Verschlei\u00dfteile;<\/li>\n<li>Messdaten;<\/li>\n<li>Software und Betriebssystem;<\/li>\n<li>Kalibrierkosten, Wartungskosten;<\/li>\n<li>S\u00e4mtliches Zubeh\u00f6r (insbesondere Kabel etc.);<\/li>\n<li>Sensoren jeder Art;<\/li>\n<li>kundenspezifische Anpassungen am Standardprodukt;<\/li>\n<\/ul>\n<p>bzw. f\u00fcr Sch\u00e4den\/M\u00e4ngel an Produkten\/Produktteilen bzw. an der Software insbesondere aufgrund von<\/p>\n<ul>\n<li>missbr\u00e4uchlicher oder unsachgem\u00e4\u00dfer Behandlung, Nutzung sowie sonstiger Verwendung bzw. des entsprechenden Betriebes der Produkte;<\/li>\n<li>Umwelteinfl\u00fcssen (insbesondere Feuchtigkeit, Hitze, \u00dcberspannung, Staub etc. auch aufgrund von Naturereignissen bzw. -katastrophen);<\/li>\n<li>Nichtbeachtung der f\u00fcr das Produkt oder den Betrieb des Produktes geltenden Sicherheitsvorkehrungen\/Sicherheitsbestimmungen;<\/li>\n<li>Nutzungen durch hierf\u00fcr nicht autorisierte Personen;<\/li>\n<li>Nichtbeachtung der Bedienungsanleitung, Benutzerhandbuchs o.\u00c4.;<\/li>\n<li>Gewaltanwendung (z.B. Schlag, Sto\u00df, Fall);<\/li>\n<li>Eingriffen, die von nicht durch DEWETRON autorisierte Personen vorgenommen wurden;<\/li>\n<li>eigenm\u00e4chtigen Reparaturversuchen;<\/li>\n<li>nicht von DEWETRON f\u00fcr das Produkt freigegebenen Betriebssystem-Upgrades;<\/li>\n<li>Schadsoftware.<\/li>\n<\/ul>\n<p>Die Garantie umfasst nicht durch das Produkt\/Produktteile allf\u00e4llig verursachte Sch\u00e4den an Personen bzw. an einer anderen Sache, insbesondere nicht Folge- bzw. Weiterfressersch\u00e4den. Ebenfalls nicht von der Garantie umfasst sind allf\u00e4llige Versand- bzw. Transportkosten sowie Reisekosten, die im Zuge von Schaden-\/M\u00e4ngelbehebungen bei DEWETRON und\/oder beim Endkunden anfallen, sowie jegliche Kosten im Zusammenhang mit Ersatzvornahmen\/Ersatzbeschaffungen bzw. die Kosten der im Auftrag vom Endkunden gegebenenfalls zugezogenen Personen (insbesondere die Kosten von Sachverst\u00e4ndigen und\/oder Beratungs-\/Anwaltskosten).<\/p>\n<p>Es gilt \u00f6sterreichisches Recht unter Ausschluss der Kollisionsnormen und des UN-Kaufrechts. Ausschlie\u00dflicher Gerichtsstand ist das sachlich zust\u00e4ndige Gericht in Graz.<\/p>\n\n          <\/div>\n        <\/div>\n          <\/div>\n  <\/div>\n<\/div>\n\n\n<div id=\"\" class=\"wp-block-claim-links-gray margin-bottom-none\">\n  <div class=\"container-fluid bg-container py-7 bg-darkgray\">\n    <div class=\"container position-relative\">\n      <div class=\"claim col-12 col-lg-8 offset-lg-2 text-center text-light\">\n                  <h3 class=\"h3 text-uppercase\">Downloads<\/h3>\n                                  <div class=\"link-button d-flex flex-wrap mt-4 justify-content-center gap-4\">\n                          <a class=\"dewetron-btn\" href=\"https:\/\/www.dewetron.com\/app\/uploads\/2024\/11\/DEWETRON_EXTENDED-WARRANTY-products_2023-02-1.pdf\" target=\"_blank\">\n          \n      <span>Qualifizierte Produkte 2023-02 (PDF)<\/span>\n      <\/a>\n                                      <a class=\"dewetron-btn\" href=\"https:\/\/www.dewetron.com\/app\/uploads\/2024\/11\/DEWETRON_EXTENDED-WARRANTY-Standard_en_2023-02.pdf\" target=\"_blank\">\n          \n      <span>Garantieverl\u00e4ngerung Standard (PDF)<\/span>\n      <\/a>\n                                  <\/div>\n              <\/div>\n    <\/div>\n    <div class=\"triangle-left\">\n      <svg width=\"473\" height=\"469\" viewBox=\"0 0 473 469\" fill=\"none\" xmlns=\"http:\/\/www.w3.org\/2000\/svg\">\n<path d=\"M323.984 352.833H79.0486L13.0728 467.099V468.52H390.784L323.984 352.833Z\" fill=\"#B0B0AF\"\/>\n<path d=\"M134.967 0L-68 351.55L-2.02418 465.84L-0.810036 466.55L268.545 0H134.967Z\" fill=\"#B0B0AF\"\/>\n<path d=\"M472.154 352.833L275.853 12.8511L209.053 128.515L405.354 468.52L472.154 352.833Z\" fill=\"#B0B0AF\"\/>\n<\/svg>    <\/div>\n    <div class=\"triangle-right\">\n      <svg width=\"462\" height=\"644\" viewBox=\"0 0 462 644\" fill=\"none\" xmlns=\"http:\/\/www.w3.org\/2000\/svg\">\n<path d=\"M538.396 484.622H201.974L111.355 641.569V643.52H630.148L538.396 484.622Z\" fill=\"#B0B0AF\"\/>\n<path d=\"M278.779 0L0 482.86L90.6189 639.839L92.2865 640.814L462.251 0H278.779Z\" fill=\"#B0B0AF\"\/>\n<path d=\"M741.911 484.622L472.288 17.6514L380.537 176.518L650.159 643.52L741.911 484.622Z\" fill=\"#B0B0AF\"\/>\n<\/svg>    <\/div>\n  <\/div>\n<\/div>\n","protected":false},"excerpt":{"rendered":"","protected":false},"author":6,"featured_media":0,"parent":48580,"menu_order":157,"comment_status":"closed","ping_status":"closed","template":"","meta":{"_acf_changed":false,"footnotes":""},"class_list":["post-48558","page","type-page","status-publish","hentry"],"acf":[],"yoast_head":"<!-- This site is optimized with the Yoast SEO Premium plugin v23.9 (Yoast SEO v27.2) - https:\/\/yoast.com\/product\/yoast-seo-premium-wordpress\/ -->\n<title>Garantieverl\u00e4ngerung Standard - DEWETRON<\/title>\n<meta name=\"robots\" content=\"index, follow, max-snippet:-1, max-image-preview:large, max-video-preview:-1\" \/>\n<link rel=\"canonical\" href=\"https:\/\/www.dewetron.com\/de\/ueber-uns\/rechtliches\/garantieverlaengerung-standard\/\" \/>\n<meta property=\"og:locale\" content=\"de_DE\" \/>\n<meta property=\"og:type\" content=\"article\" \/>\n<meta property=\"og:title\" content=\"Garantieverl\u00e4ngerung Standard\" \/>\n<meta property=\"og:url\" content=\"https:\/\/www.dewetron.com\/de\/ueber-uns\/rechtliches\/garantieverlaengerung-standard\/\" \/>\n<meta property=\"og:site_name\" content=\"DEWETRON\" \/>\n<meta property=\"article:publisher\" content=\"https:\/\/www.facebook.com\/dewetron.gmbh\" \/>\n<meta property=\"article:modified_time\" content=\"2025-01-15T14:13:51+00:00\" \/>\n<meta name=\"twitter:card\" content=\"summary_large_image\" \/>\n<meta name=\"twitter:label1\" content=\"Est. reading time\" \/>\n\t<meta name=\"twitter:data1\" content=\"2 minutes\" \/>\n<script type=\"application\/ld+json\" class=\"yoast-schema-graph\">{\"@context\":\"https:\/\/schema.org\",\"@graph\":[{\"@type\":\"WebPage\",\"@id\":\"https:\/\/www.dewetron.com\/de\/ueber-uns\/rechtliches\/garantieverlaengerung-standard\/\",\"url\":\"https:\/\/www.dewetron.com\/de\/ueber-uns\/rechtliches\/garantieverlaengerung-standard\/\",\"name\":\"Garantieverl\u00e4ngerung Standard - DEWETRON\",\"isPartOf\":{\"@id\":\"https:\/\/www.dewetron.com\/de\/#website\"},\"datePublished\":\"2024-08-05T13:07:06+00:00\",\"dateModified\":\"2025-01-15T14:13:51+00:00\",\"breadcrumb\":{\"@id\":\"https:\/\/www.dewetron.com\/de\/ueber-uns\/rechtliches\/garantieverlaengerung-standard\/#breadcrumb\"},\"inLanguage\":\"de-DE\",\"potentialAction\":[{\"@type\":\"ReadAction\",\"target\":[\"https:\/\/www.dewetron.com\/de\/ueber-uns\/rechtliches\/garantieverlaengerung-standard\/\"]}]},{\"@type\":\"BreadcrumbList\",\"@id\":\"https:\/\/www.dewetron.com\/de\/ueber-uns\/rechtliches\/garantieverlaengerung-standard\/#breadcrumb\",\"itemListElement\":[{\"@type\":\"ListItem\",\"position\":1,\"name\":\"Home\",\"item\":\"https:\/\/www.dewetron.com\/de\/\"},{\"@type\":\"ListItem\",\"position\":2,\"name\":\"\u00dcber uns\",\"item\":\"https:\/\/www.dewetron.com\/de\/ueber-uns\/\"},{\"@type\":\"ListItem\",\"position\":3,\"name\":\"Rechtliches\",\"item\":\"https:\/\/www.dewetron.com\/de\/ueber-uns\/rechtliches\/\"},{\"@type\":\"ListItem\",\"position\":4,\"name\":\"Garantieverl\u00e4ngerung Standard\"}]},{\"@type\":\"WebSite\",\"@id\":\"https:\/\/www.dewetron.com\/de\/#website\",\"url\":\"https:\/\/www.dewetron.com\/de\/\",\"name\":\"DEWETRON\",\"description\":\"\",\"publisher\":{\"@id\":\"https:\/\/www.dewetron.com\/de\/#organization\"},\"potentialAction\":[{\"@type\":\"SearchAction\",\"target\":{\"@type\":\"EntryPoint\",\"urlTemplate\":\"https:\/\/www.dewetron.com\/de\/?s={search_term_string}\"},\"query-input\":{\"@type\":\"PropertyValueSpecification\",\"valueRequired\":true,\"valueName\":\"search_term_string\"}}],\"inLanguage\":\"de-DE\"},{\"@type\":\"Organization\",\"@id\":\"https:\/\/www.dewetron.com\/de\/#organization\",\"name\":\"DEWETRON\",\"url\":\"https:\/\/www.dewetron.com\/de\/\",\"logo\":{\"@type\":\"ImageObject\",\"inLanguage\":\"de-DE\",\"@id\":\"https:\/\/www.dewetron.com\/de\/#\/schema\/logo\/image\/\",\"url\":\"https:\/\/www.dewetron.com\/app\/uploads\/2024\/08\/DEWETRON-logo-text-and-image.png\",\"contentUrl\":\"https:\/\/www.dewetron.com\/app\/uploads\/2024\/08\/DEWETRON-logo-text-and-image.png\",\"width\":900,\"height\":979,\"caption\":\"DEWETRON\"},\"image\":{\"@id\":\"https:\/\/www.dewetron.com\/de\/#\/schema\/logo\/image\/\"},\"sameAs\":[\"https:\/\/www.facebook.com\/dewetron.gmbh\",\"https:\/\/www.linkedin.com\/company\/dewetron\/\",\"https:\/\/www.instagram.com\/wearedewetron\/\",\"https:\/\/www.youtube.com\/channel\/UCE76NeVVgWF65etH8E1bOog\"]}]}<\/script>\n<!-- \/ Yoast SEO Premium plugin. -->","yoast_head_json":{"title":"Garantieverl\u00e4ngerung Standard - DEWETRON","robots":{"index":"index","follow":"follow","max-snippet":"max-snippet:-1","max-image-preview":"max-image-preview:large","max-video-preview":"max-video-preview:-1"},"canonical":"https:\/\/www.dewetron.com\/de\/ueber-uns\/rechtliches\/garantieverlaengerung-standard\/","og_locale":"de_DE","og_type":"article","og_title":"Garantieverl\u00e4ngerung Standard","og_url":"https:\/\/www.dewetron.com\/de\/ueber-uns\/rechtliches\/garantieverlaengerung-standard\/","og_site_name":"DEWETRON","article_publisher":"https:\/\/www.facebook.com\/dewetron.gmbh","article_modified_time":"2025-01-15T14:13:51+00:00","twitter_card":"summary_large_image","twitter_misc":{"Est. reading time":"2 minutes"},"schema":{"@context":"https:\/\/schema.org","@graph":[{"@type":"WebPage","@id":"https:\/\/www.dewetron.com\/de\/ueber-uns\/rechtliches\/garantieverlaengerung-standard\/","url":"https:\/\/www.dewetron.com\/de\/ueber-uns\/rechtliches\/garantieverlaengerung-standard\/","name":"Garantieverl\u00e4ngerung Standard - DEWETRON","isPartOf":{"@id":"https:\/\/www.dewetron.com\/de\/#website"},"datePublished":"2024-08-05T13:07:06+00:00","dateModified":"2025-01-15T14:13:51+00:00","breadcrumb":{"@id":"https:\/\/www.dewetron.com\/de\/ueber-uns\/rechtliches\/garantieverlaengerung-standard\/#breadcrumb"},"inLanguage":"de-DE","potentialAction":[{"@type":"ReadAction","target":["https:\/\/www.dewetron.com\/de\/ueber-uns\/rechtliches\/garantieverlaengerung-standard\/"]}]},{"@type":"BreadcrumbList","@id":"https:\/\/www.dewetron.com\/de\/ueber-uns\/rechtliches\/garantieverlaengerung-standard\/#breadcrumb","itemListElement":[{"@type":"ListItem","position":1,"name":"Home","item":"https:\/\/www.dewetron.com\/de\/"},{"@type":"ListItem","position":2,"name":"\u00dcber uns","item":"https:\/\/www.dewetron.com\/de\/ueber-uns\/"},{"@type":"ListItem","position":3,"name":"Rechtliches","item":"https:\/\/www.dewetron.com\/de\/ueber-uns\/rechtliches\/"},{"@type":"ListItem","position":4,"name":"Garantieverl\u00e4ngerung Standard"}]},{"@type":"WebSite","@id":"https:\/\/www.dewetron.com\/de\/#website","url":"https:\/\/www.dewetron.com\/de\/","name":"DEWETRON","description":"","publisher":{"@id":"https:\/\/www.dewetron.com\/de\/#organization"},"potentialAction":[{"@type":"SearchAction","target":{"@type":"EntryPoint","urlTemplate":"https:\/\/www.dewetron.com\/de\/?s={search_term_string}"},"query-input":{"@type":"PropertyValueSpecification","valueRequired":true,"valueName":"search_term_string"}}],"inLanguage":"de-DE"},{"@type":"Organization","@id":"https:\/\/www.dewetron.com\/de\/#organization","name":"DEWETRON","url":"https:\/\/www.dewetron.com\/de\/","logo":{"@type":"ImageObject","inLanguage":"de-DE","@id":"https:\/\/www.dewetron.com\/de\/#\/schema\/logo\/image\/","url":"https:\/\/www.dewetron.com\/app\/uploads\/2024\/08\/DEWETRON-logo-text-and-image.png","contentUrl":"https:\/\/www.dewetron.com\/app\/uploads\/2024\/08\/DEWETRON-logo-text-and-image.png","width":900,"height":979,"caption":"DEWETRON"},"image":{"@id":"https:\/\/www.dewetron.com\/de\/#\/schema\/logo\/image\/"},"sameAs":["https:\/\/www.facebook.com\/dewetron.gmbh","https:\/\/www.linkedin.com\/company\/dewetron\/","https:\/\/www.instagram.com\/wearedewetron\/","https:\/\/www.youtube.com\/channel\/UCE76NeVVgWF65etH8E1bOog"]}]}},"_links":{"self":[{"href":"https:\/\/www.dewetron.com\/de\/wp-json\/wp\/v2\/pages\/48558","targetHints":{"allow":["GET"]}}],"collection":[{"href":"https:\/\/www.dewetron.com\/de\/wp-json\/wp\/v2\/pages"}],"about":[{"href":"https:\/\/www.dewetron.com\/de\/wp-json\/wp\/v2\/types\/page"}],"author":[{"embeddable":true,"href":"https:\/\/www.dewetron.com\/de\/wp-json\/wp\/v2\/users\/6"}],"replies":[{"embeddable":true,"href":"https:\/\/www.dewetron.com\/de\/wp-json\/wp\/v2\/comments?post=48558"}],"version-history":[{"count":10,"href":"https:\/\/www.dewetron.com\/de\/wp-json\/wp\/v2\/pages\/48558\/revisions"}],"predecessor-version":[{"id":53876,"href":"https:\/\/www.dewetron.com\/de\/wp-json\/wp\/v2\/pages\/48558\/revisions\/53876"}],"up":[{"embeddable":true,"href":"https:\/\/www.dewetron.com\/de\/wp-json\/wp\/v2\/pages\/48580"}],"wp:attachment":[{"href":"https:\/\/www.dewetron.com\/de\/wp-json\/wp\/v2\/media?parent=48558"}],"curies":[{"name":"wp","href":"https:\/\/api.w.org\/{rel}","templated":true}]}}