{"id":48463,"date":"2024-08-05T09:03:33","date_gmt":"2024-08-05T09:03:33","guid":{"rendered":"https:\/\/www.dewetron.com\/?page_id=48463"},"modified":"2026-03-17T14:48:40","modified_gmt":"2026-03-17T14:48:40","slug":"allgemeine-einkaufsbedingungen","status":"publish","type":"page","link":"https:\/\/www.dewetron.com\/de\/ueber-uns\/rechtliches\/allgemeine-einkaufsbedingungen\/","title":{"rendered":"Allgemeine Einkaufsbedingungen"},"content":{"rendered":"<div id=\"\" class=\"wp-block-about-us-hero margin-bottom-normal\" data-breadcrumb-include=\"true\">\n  <div class=\"container-fluid p-0 bg-lightgray\">\n    <div class=\"hero-wrapper\">\n      <div class=\"container\">\n        <div class=\"row\">\n          <div class=\"col-12 col-lg-8 pt-lg-8 pb-lg-8 pt-4 pb-2\">\n            <div class=\"hero-header-text content-wrapper\">\n  <div class=\"content\">\n          <div class=\"kicker mb-2\">\n          Rechtliche Hinweise\n      <\/div>\n              <h3 class=\"h1\">Allgemeine Einkaufsbedingungen<\/h1>\n                  <h4 class=\"text mb-5\">\n          <p>Allgemeine Einkaufsbedingungen der DEWETRON GmbH (nachfolgend \u201eDEWETRON\u201c genannt)<\/p>\n\n      <\/h4>\n          <\/div>\n<\/div>\n          <\/div>\n          <div class=\"col-12 col-lg-4 triangle-container\">\n            <div class=\"triangle-right\">\n              <svg width=\"581\" height=\"501\" viewBox=\"0 0 581 501\" fill=\"none\" xmlns=\"http:\/\/www.w3.org\/2000\/svg\">\n<path d=\"M362.454 501L304.461 449.114L289.963 375.962H434.944L437.503 444.861L362.454 501Z\" fill=\"#707072\"\/>\n<path d=\"M434.942 375.962L362.451 501H508.285L504.021 387.871L434.942 375.962Z\" fill=\"#868789\"\/>\n<path d=\"M144.981 375.962L103.192 432.952L72.4902 501H217.472L188.475 432.952L144.981 375.962Z\" fill=\"#1B181C\"\/>\n<path d=\"M217.471 501L144.98 375.962H289.962L274.611 440.608L217.471 501Z\" fill=\"#3E3D3F\"\/>\n<path d=\"M72.4906 501L0 375.963L69.9321 360.652L144.981 375.963L72.4906 501Z\" fill=\"#1C3B6A\"\/>\n<path d=\"M508.288 501L435.797 375.963L508.288 362.353L580.778 375.963L508.288 501Z\" fill=\"#129CD8\"\/>\n<path d=\"M508.288 250.925L464.793 301.11L435.797 375.963H580.778L508.288 250.925Z\" fill=\"#1693D2\"\/>\n<path d=\"M72.4906 250.925L0 375.963H144.981L117.691 301.961L72.4906 250.925Z\" fill=\"#04529C\"\/>\n<path d=\"M144.981 375.963L72.4902 250.925L145.834 233.063L217.472 250.925L144.981 375.963Z\" fill=\"#036BB2\"\/>\n<path d=\"M435.797 375.963L363.307 250.925L434.944 238.167L508.288 250.925L435.797 375.963Z\" fill=\"#0D80C4\"\/>\n<path d=\"M144.981 125.037L195.298 169.268L217.472 250.925H72.4902L144.981 125.037Z\" fill=\"#0D80C4\"\/>\n<path d=\"M435.797 125.037L508.288 250.925H363.307L389.744 181.177L435.797 125.037Z\" fill=\"#036BB2\"\/>\n<path d=\"M363.307 250.925L290.816 125.037L363.307 112.278L435.798 125.037L363.307 250.925Z\" fill=\"#04529C\"\/>\n<path d=\"M217.471 250.925L144.98 125.037L219.177 97.8181L289.962 125.037L217.471 250.925Z\" fill=\"#1693D2\"\/>\n<path d=\"M363.307 0L300.198 53.5874L290.816 125.037H435.798L363.307 0Z\" fill=\"#1C3B6A\"\/>\n<path d=\"M217.471 0L144.98 125.037H289.962L281.433 35.725L217.471 0Z\" fill=\"#129CD8\"\/>\n<path d=\"M217.473 0L289.963 125.037L362.454 0H217.473Z\" fill=\"#12B0E5\"\/>\n<path d=\"M289.963 375.962L217.473 501H362.454L289.963 375.962Z\" fill=\"#5A595B\"\/>\n<\/svg>            <\/div>\n          <\/div>\n        <\/div>\n      <\/div>\n    <\/div>\n  <\/div>\n<\/div>\n\n\n<div id=\"\" class=\"wp-block-text-columns margin-bottom-none\n      \">\n  <div class=\"container\">\n    <div class=\"row justify-content-center\">\n              <div class=\"col-12\">\n          <h3>1. ALLGEMEINES<\/h3>\n          <div class=\"content-size-normal\">\n            <p>F\u00fcr Lieferungen und Leistungen an die DEWETRON gelten ausschlie\u00dflich die Einkaufsbedingungender DEWETRON. Entgegenstehende oder abweichende Gesch\u00e4ftsbedingungen des Lieferanten werden nicht anerkannt.<\/p>\n<p>&nbsp;<\/p>\n\n          <\/div>\n        <\/div>\n          <\/div>\n  <\/div>\n<\/div>\n\n\n<div id=\"\" class=\"wp-block-text-columns margin-bottom-none\n      \">\n  <div class=\"container\">\n    <div class=\"row justify-content-center\">\n              <div class=\"col-12\">\n          <h3>2. ANGEBOTE, ANGEBOTSLEGUNG, BESTELLUNG<\/h3>\n          <div class=\"content-size-normal\">\n            <p class=\"bodytext\">Angebote sind f\u00fcr DEWETRON kostenlos und unverbindlich, auf Abweichungen zu Anfragen von DEWETRON ist im Angebot ausdr\u00fccklich hinzuweisen, gegebenenfalls sind entsprechende Artikeldatenbl\u00e4tter und Zeichnungen beizulegen. Muster (oder \u00c4hnliches) werden DEWETRON kostenfrei zur Verf\u00fcgung gestellt.<\/p>\n<p>Bei offensichtlichen Irrt\u00fcmern, Schreib- oder Rechenfehlern in der Bestellung besteht f\u00fcr DEWETRON keine Verbindlichkeit.<\/p>\n<p>&nbsp;<\/p>\n\n          <\/div>\n        <\/div>\n          <\/div>\n  <\/div>\n<\/div>\n\n\n<div id=\"\" class=\"wp-block-text-columns margin-bottom-none\n      \">\n  <div class=\"container\">\n    <div class=\"row justify-content-center\">\n              <div class=\"col-12\">\n          <h3>3. GEHEIMHALTUNGSKLAUSEL<\/h3>\n          <div class=\"content-size-normal\">\n            <p>Der Lieferant ist zur Geheimhaltung s\u00e4mtlicher ihm im Zuge der Gesch\u00e4ftsbeziehung mit der DEWETRON bzw. deren Anbahnung zur Kenntnis gelangten Informationen verpflichtet (dies betrifft insbes. auch Muster, bzw. Unterlagen aller Art, die von DEWETRON zur Verf\u00fcgung gestellt werden), und d\u00fcrfen diese Informationen Dritten nur mit ausdr\u00fccklicher Zustimmung von DEWETRON zug\u00e4nglich gemacht werden. Der Lieferant verpflichtet sich, \u00fcbergebene Muster und Unterlagen nicht zu vervielf\u00e4ltigen, sorgf\u00e4ltig zu behandeln, aufzubewahren und unverz\u00fcglich nach Auftragserledigung bzw. nach Aufforderung durch DEWETRON an. DEWETRON zur\u00fcckzugeben.<\/p>\n<p>&nbsp;<\/p>\n\n          <\/div>\n        <\/div>\n          <\/div>\n  <\/div>\n<\/div>\n\n\n<div id=\"\" class=\"wp-block-text-columns margin-bottom-none\n      \">\n  <div class=\"container\">\n    <div class=\"row justify-content-center\">\n              <div class=\"col-12\">\n          <h3>4. PREISE, LIEFERBEDINGUNGEN, LIEFERTERMIN<\/h3>\n          <div class=\"content-size-normal\">\n            <p>Die in der Bestellung ausgewiesenen Preise, Termine und Fristen sind bindend. F\u00fcr die Einhaltung des Liefertermins oder der Lieferfrist ist der tats\u00e4chliche Eingang der Ware bei DEWETRON ma\u00dfgeblich. Der Lieferant ist verpflichtet, die bestellte Ware zum vereinbarten Zeitpunkt und in der vereinbarten Menge zu liefern. Bei abweichender Lieferung beh\u00e4lt sich DEWETRON vor, die R\u00fccksendung auf Kosten und Gefahr des Lieferanten vorzunehmen. Erfolgt bei vorzeitiger Lieferung bzw. bei \u00dcberlieferung keine R\u00fccksendung, so lagert die Ware bis zum vereinbarten Liefertermin bei DEWETRON auf Kosten und Gefahr des Lieferanten. Teillieferungen sind nur mit ausdr\u00fccklicher Zustimmung von DEWETRON zul\u00e4ssig.<\/p>\n<p>Sollte keine abweichende schriftliche Vereinbarung getroffen worden sein, schlie\u00dft der Preis Lieferung CPT Grambach, abgelegt und eingebracht (Fracht bezahlt bis Grambach) ein. Versandkosten f\u00fcr s\u00e4mtliche vom vereinbarten Liefertermin abweichende Lieferungen tr\u00e4gt der Lieferant. S\u00e4mtliche Lieferungen erfolgen auf Gefahr des Lieferanten.<\/p>\n<p>&nbsp;<\/p>\n\n          <\/div>\n        <\/div>\n          <\/div>\n  <\/div>\n<\/div>\n\n\n<div id=\"\" class=\"wp-block-text-columns margin-bottom-none\n      \">\n  <div class=\"container\">\n    <div class=\"row justify-content-center\">\n              <div class=\"col-12\">\n          <h3>5. LIEFER\/LEISTUNGSVERZUG, ZAHLUNGEN<\/h3>\n          <div class=\"content-size-normal\">\n            <p>Jeder Liefer\/Leistungsverzug ist der DEWETRON unter Angabe der zu erwartenden Verz\u00f6gerung unverz\u00fcglich anzuzeigen. DEWETRON ist berechtigt, unter Setzung einer angemessenen Nachfrist vom Vertrag zur\u00fcckzutreten. Die Annahme einer versp\u00e4teten Lieferung\/Leistung stellt keinen Verzicht auf Ersatzanspr\u00fcche dar. Zahlungen gelten nicht als Verzicht auf die Geltendmachung von M\u00e4ngeln und Schadenersatzanspr\u00fcchen.<\/p>\n<p>Bei Liefer\/Leistungsverzug ist der Lieferant zur Leistung einer pauschalierten Vertragsstrafe in H\u00f6he von 0,5 % des Lieferwertes pro angefangene Kalenderwoche verpflichtet. Die Geltendmachung eines dar\u00fcber hinaus reichenden Schadenersatzes bleibt DEWETRON unbenommen.<\/p>\n<p>&nbsp;<\/p>\n\n          <\/div>\n        <\/div>\n          <\/div>\n  <\/div>\n<\/div>\n\n\n<div id=\"\" class=\"wp-block-text-columns margin-bottom-none\n      \">\n  <div class=\"container\">\n    <div class=\"row justify-content-center\">\n              <div class=\"col-12\">\n          <h3>6. VERTRAGSR\u00dcCKTRITT<\/h3>\n          <div class=\"content-size-normal\">\n            <p>H\u00f6here Gewalt, Arbeitsk\u00e4mpfe, unverschuldete Betriebsst\u00f6rungen, Unruhen, beh\u00f6rdliche Ma\u00dfnahmen und sonstige unabwendbare Ereignisse berechtigen DEWETRON zum Vertragsr\u00fccktritt.<\/p>\n<p>Ersatzanspr\u00fcche gegen DEWETRON sind diesfalls ausgeschlossen.<\/p>\n<p>&nbsp;<\/p>\n\n          <\/div>\n        <\/div>\n          <\/div>\n  <\/div>\n<\/div>\n\n\n<div id=\"\" class=\"wp-block-text-columns margin-bottom-none\n      \">\n  <div class=\"container\">\n    <div class=\"row justify-content-center\">\n              <div class=\"col-12\">\n          <h3>7. VERSANDPAPIERE, LIEFERSCHEINE<\/h3>\n          <div class=\"content-size-normal\">\n            <p>Der Lieferant ist verpflichtet, auf allen Schriftst\u00fccken, Versandpapieren und Lieferscheinen die Bestellnummer und wenn bekannt auch die Artikelnummern von DEWETRON anzugeben. Alle Schriftst\u00fccke sind so zu erstellen, dass diese problemlos mittels Dokumentenscanner im Format A4 eingescannt werden k\u00f6nnen.<\/p>\n<p>&nbsp;<\/p>\n\n          <\/div>\n        <\/div>\n          <\/div>\n  <\/div>\n<\/div>\n\n\n<div id=\"\" class=\"wp-block-text-columns margin-bottom-none\n      \">\n  <div class=\"container\">\n    <div class=\"row justify-content-center\">\n              <div class=\"col-12\">\n          <h3>8. NORMEN, SICHERHEITSBESTIMMUNGEN<\/h3>\n          <div class=\"content-size-normal\">\n            <p>Der Lieferant best\u00e4tigt, dass bei den zu erbringenden Leistungen s\u00e4mtliche in \u00d6sterreich geltende Gesetze, Bescheide, Verordnungen, Normen, etc. sowie alle Sicherheitsauflagen genauestens eingehalten werden.<\/p>\n<p>&nbsp;<\/p>\n\n          <\/div>\n        <\/div>\n          <\/div>\n  <\/div>\n<\/div>\n\n\n<div id=\"\" class=\"wp-block-text-columns margin-bottom-none\n      \">\n  <div class=\"container\">\n    <div class=\"row justify-content-center\">\n              <div class=\"col-12\">\n          <h3>9. PRODUKTHAFTUNG UND R\u00dcCKRUF<\/h3>\n          <div class=\"content-size-normal\">\n            <p>Bez\u00fcglich Produkthaftung gelten die Bestimmungen des Bundesgesetzes BGBl. Nr. 99\/1988 vom 21.01.1988 (PHG) in der jeweils geltenden Fassung. F\u00fcr den Fall, dass DEWETRON aufgrund Produkthaftung in Anspruch genommen wird, ist der Lieferant verpflichtet, DEWETRON schad-, und klaglos zu halten, sofern und soweit Sch\u00e4den durch einen Fehler des vom Lieferanten gelieferten Vertragsgegenstandes verursacht worden sind. Der Lieferant \u00fcbernimmt in diesen F\u00e4llen auch alle Kosten und Aufwendungen, einschlie\u00dflich der Kosten einer etwaigen Rechtsverfolgung oder R\u00fcckrufaktion. Haftungsausschl\u00fcsse oder Haftungsbeschr\u00e4nkungen f\u00fcr Sch\u00e4den, die DEWETRON erleidet, sind ausgeschlossen.<\/p>\n<p>&nbsp;<\/p>\n\n          <\/div>\n        <\/div>\n          <\/div>\n  <\/div>\n<\/div>\n\n\n<div id=\"\" class=\"wp-block-text-columns margin-bottom-none\n      \">\n  <div class=\"container\">\n    <div class=\"row justify-content-center\">\n              <div class=\"col-12\">\n          <h3>10. VERWAHRUNG, EIGENTUM, WERKZEUGE<\/h3>\n          <div class=\"content-size-normal\">\n            <p class=\"bodytext\">Beigestelltes Material und Werkzeuge bleiben Eigentum von DEWETRON. Das Eigentum von DEWETRON ist am Material bzw. Werkzeug selbst und in den Gesch\u00e4ftsb\u00fcchern des Lieferanten kenntlich zu machen. Die Lagerung und Verwendung hat sorgf\u00e4ltig, getrennt und nur f\u00fcr Bestellungen von DEWETRON zu erfolgen. F\u00fcr Wertminderung oder Verlust haftet der Lieferant auch ohne Verschulden. Nach Auftragsabwicklung hat der Lieferant DEWETRON s\u00e4mtliches nicht ben\u00f6tigtes Material bzw. das Werkzeug auf Verlangen unverz\u00fcglich herauszugeben. Die Verarbeitung von Stoffen und der Zusammenbau von Teilen erfolgen ausschlie\u00dflich f\u00fcr DEWETRON. DEWETRON wird Miteigent\u00fcmer an den unter Verwendung dieser Stoffe und Teile hergestellten Erzeugnissen im Verh\u00e4ltnis des Wertes der Beistellungen zum Wert des Gesamterzeugnisses, das insoweit vom Lieferanten f\u00fcr DEWETRON verwahrt wird. Werden die von DEWETRON beigestellten Stoffe oder Teile mit anderen, DEWETRON nicht geh\u00f6renden Gegenst\u00e4nden untrennbar vermischt, so erwirbt DEWETRON das Miteigentum an dem neu hergestellten Erzeugnis im Verh\u00e4ltnis des Wertes der Beistellungen zu dem Gesamtwert der vermischten Gegenst\u00e4nde im Zeitpunkt der Vermischung. Erfolgt die Vermischung in der Weise, dass die Sache des Lieferanten als Hauptsache anzusehen ist, so gilt als vereinbart, dass der Lieferant DEWETRON anteilm\u00e4\u00dfig Miteigentum \u00fcbertr\u00e4gt; der Lieferant verwahrt das Alleineigentum oder das Miteigentum unentgeltlich f\u00fcr DEWETRON.<\/p>\n<p>&nbsp;<\/p>\n\n          <\/div>\n        <\/div>\n          <\/div>\n  <\/div>\n<\/div>\n\n\n<div id=\"\" class=\"wp-block-text-columns margin-bottom-none\n      \">\n  <div class=\"container\">\n    <div class=\"row justify-content-center\">\n              <div class=\"col-12\">\n          <h3>11. ENTWICKLUNGSDIENSTLEISTUNGEN<\/h3>\n          <div class=\"content-size-normal\">\n            <p>An s\u00e4mtlichen Entwicklungsdiensteistungen bzw. Lieferungen (Hardware und Software) erwirbt DEWETRON das alleinige, ausschlie\u00dfliche und uneingeschr\u00e4nkte Nutzungs-, und soweit m\u00f6glich Eigentumsrecht. Sollten zur Erlangung von Eigentum Rechtshandlungen des Lieferanten notwendig sein, verpflichtet sich der Lieferant zu diesen auf eigene Kosten bzw. auf erste Aufforderung.<\/p>\n<p>DEWETRON ist zu s\u00e4mtlichen \u00c4nderungen und Weiterentwicklungen sowie zur Vergabe von Lizenzen berechtigt.<\/p>\n<p>&nbsp;<\/p>\n\n          <\/div>\n        <\/div>\n          <\/div>\n  <\/div>\n<\/div>\n\n\n<div id=\"\" class=\"wp-block-text-columns margin-bottom-small\n      \">\n  <div class=\"container\">\n    <div class=\"row justify-content-center\">\n              <div class=\"col-12\">\n          <h3>12. SONSTIGES<\/h3>\n          <div class=\"content-size-normal\">\n            <ul>\n<li class=\"bodytext\">Erf\u00fcllungsort ist der Sitz von DEWETRON in Grambach.<\/li>\n<li class=\"bodytext\">Ausschlie\u00dflicher Gerichtsstand f\u00fcr alle Streitigkeiten aus und im Zusammenhang mit dem Vertragsverh\u00e4ltnis ist Graz. DEWETRON ist aber auch berechtigt, bei dem f\u00fcr den Sitz des Kunden zust\u00e4ndigen Gericht zu klagen. Es gilt das Recht der Republik \u00d6sterreich unter Ausschluss der Kollisionsnormen sowie des UN-\u00dcbereinkommens \u00fcber den internationalen Kauf von Waren (CISG).<\/li>\n<li class=\"bodytext\">Soweit Korrespondenz in fremder Sprache gef\u00fchrt wird oder Dokumente und Schriftst\u00fccke jedweder Art (auch) in fremder Sprache abgefasst werden, ist im Falle von Widerspr\u00fcchen und\/oder Unklarheiten zwischen der deutschsprachigen und der fremdsprachigen Version die deutsche<br \/>\nFassung ma\u00dfgeblich. Dies gilt auch f\u00fcr die Einkaufsbedingungen selbst.<\/li>\n<li class=\"bodytext\">Sollten eine oder mehrere Bestimmungen dieser Gesch\u00e4ftsbedingungen oder eine Bestimmung im Rahmen sonstiger Vereinbarungen unwirksam sein oder werden, so wird hiervon die Wirksamkeit aller sonstigen Bestimmungen oder Vereinbarungen nicht ber\u00fchrt. Unwirksame oder fehlende Klauseln sind durch wirksame Klauseln, die dem angestrebten Zweck wirtschaftlich am n\u00e4chsten kommen zu ersetzen.<\/li>\n<li class=\"bodytext\">Nur Englisch und\/oder Deutsch k\u00f6nnen als Projektsprache akzeptiert werden.<\/li>\n<\/ul>\n<p>&nbsp;<\/p>\n\n          <\/div>\n        <\/div>\n          <\/div>\n  <\/div>\n<\/div>\n\n\n<div id=\"\" class=\"wp-block-claim-links-gray margin-bottom-none\">\n  <div class=\"container-fluid bg-container py-7 bg-darkgray\">\n    <div class=\"container position-relative\">\n      <div class=\"claim col-12 col-lg-8 offset-lg-2 text-center text-light\">\n                          <h4 class=\"mb-0\">\n            Laden Sie unsere Einkaufsbedingungen herunter<br \/>\r\n\n          <\/h4>\n                          <div class=\"link-button d-flex flex-wrap mt-4 justify-content-center gap-4\">\n                          <a class=\"dewetron-btn\" href=\"https:\/\/www.dewetron.com\/app\/uploads\/2026\/03\/20260317_DEWETRON_AllgemeineEinkaufsbedingungen_DE.pdf\" target=\"_blank\">\n          \n      <span>Download<\/span>\n      <\/a>\n                                              <\/div>\n              <\/div>\n    <\/div>\n    <div class=\"triangle-left\">\n      <svg width=\"473\" height=\"469\" viewBox=\"0 0 473 469\" fill=\"none\" xmlns=\"http:\/\/www.w3.org\/2000\/svg\">\n<path d=\"M323.984 352.833H79.0486L13.0728 467.099V468.52H390.784L323.984 352.833Z\" fill=\"#B0B0AF\"\/>\n<path d=\"M134.967 0L-68 351.55L-2.02418 465.84L-0.810036 466.55L268.545 0H134.967Z\" fill=\"#B0B0AF\"\/>\n<path d=\"M472.154 352.833L275.853 12.8511L209.053 128.515L405.354 468.52L472.154 352.833Z\" fill=\"#B0B0AF\"\/>\n<\/svg>    <\/div>\n    <div class=\"triangle-right\">\n      <svg width=\"462\" height=\"644\" viewBox=\"0 0 462 644\" fill=\"none\" xmlns=\"http:\/\/www.w3.org\/2000\/svg\">\n<path d=\"M538.396 484.622H201.974L111.355 641.569V643.52H630.148L538.396 484.622Z\" fill=\"#B0B0AF\"\/>\n<path d=\"M278.779 0L0 482.86L90.6189 639.839L92.2865 640.814L462.251 0H278.779Z\" fill=\"#B0B0AF\"\/>\n<path d=\"M741.911 484.622L472.288 17.6514L380.537 176.518L650.159 643.52L741.911 484.622Z\" fill=\"#B0B0AF\"\/>\n<\/svg>    <\/div>\n  <\/div>\n<\/div>\n","protected":false},"excerpt":{"rendered":"","protected":false},"author":6,"featured_media":0,"parent":48580,"menu_order":179,"comment_status":"closed","ping_status":"closed","template":"","meta":{"_acf_changed":false,"footnotes":""},"class_list":["post-48463","page","type-page","status-publish","hentry"],"acf":[],"yoast_head":"<!-- This site is optimized with the Yoast SEO Premium plugin v23.9 (Yoast SEO v27.2) - https:\/\/yoast.com\/product\/yoast-seo-premium-wordpress\/ -->\n<title>Allgemeine Einkaufsbedingungen - DEWETRON<\/title>\n<meta name=\"robots\" content=\"index, follow, max-snippet:-1, max-image-preview:large, max-video-preview:-1\" \/>\n<link rel=\"canonical\" href=\"https:\/\/www.dewetron.com\/de\/ueber-uns\/rechtliches\/allgemeine-einkaufsbedingungen\/\" \/>\n<meta property=\"og:locale\" content=\"de_DE\" \/>\n<meta property=\"og:type\" content=\"article\" \/>\n<meta property=\"og:title\" content=\"Allgemeine Einkaufsbedingungen\" \/>\n<meta property=\"og:url\" content=\"https:\/\/www.dewetron.com\/de\/ueber-uns\/rechtliches\/allgemeine-einkaufsbedingungen\/\" \/>\n<meta property=\"og:site_name\" content=\"DEWETRON\" \/>\n<meta property=\"article:publisher\" content=\"https:\/\/www.facebook.com\/dewetron.gmbh\" \/>\n<meta property=\"article:modified_time\" content=\"2026-03-17T14:48:40+00:00\" \/>\n<meta name=\"twitter:card\" content=\"summary_large_image\" \/>\n<meta name=\"twitter:label1\" content=\"Est. reading time\" \/>\n\t<meta name=\"twitter:data1\" content=\"1 minute\" \/>\n<script type=\"application\/ld+json\" class=\"yoast-schema-graph\">{\"@context\":\"https:\/\/schema.org\",\"@graph\":[{\"@type\":\"WebPage\",\"@id\":\"https:\/\/www.dewetron.com\/de\/ueber-uns\/rechtliches\/allgemeine-einkaufsbedingungen\/\",\"url\":\"https:\/\/www.dewetron.com\/de\/ueber-uns\/rechtliches\/allgemeine-einkaufsbedingungen\/\",\"name\":\"Allgemeine Einkaufsbedingungen - DEWETRON\",\"isPartOf\":{\"@id\":\"https:\/\/www.dewetron.com\/de\/#website\"},\"datePublished\":\"2024-08-05T09:03:33+00:00\",\"dateModified\":\"2026-03-17T14:48:40+00:00\",\"breadcrumb\":{\"@id\":\"https:\/\/www.dewetron.com\/de\/ueber-uns\/rechtliches\/allgemeine-einkaufsbedingungen\/#breadcrumb\"},\"inLanguage\":\"de-DE\",\"potentialAction\":[{\"@type\":\"ReadAction\",\"target\":[\"https:\/\/www.dewetron.com\/de\/ueber-uns\/rechtliches\/allgemeine-einkaufsbedingungen\/\"]}]},{\"@type\":\"BreadcrumbList\",\"@id\":\"https:\/\/www.dewetron.com\/de\/ueber-uns\/rechtliches\/allgemeine-einkaufsbedingungen\/#breadcrumb\",\"itemListElement\":[{\"@type\":\"ListItem\",\"position\":1,\"name\":\"Home\",\"item\":\"https:\/\/www.dewetron.com\/de\/\"},{\"@type\":\"ListItem\",\"position\":2,\"name\":\"\u00dcber uns\",\"item\":\"https:\/\/www.dewetron.com\/de\/ueber-uns\/\"},{\"@type\":\"ListItem\",\"position\":3,\"name\":\"Rechtliches\",\"item\":\"https:\/\/www.dewetron.com\/de\/ueber-uns\/rechtliches\/\"},{\"@type\":\"ListItem\",\"position\":4,\"name\":\"Allgemeine Einkaufsbedingungen\"}]},{\"@type\":\"WebSite\",\"@id\":\"https:\/\/www.dewetron.com\/de\/#website\",\"url\":\"https:\/\/www.dewetron.com\/de\/\",\"name\":\"DEWETRON\",\"description\":\"\",\"publisher\":{\"@id\":\"https:\/\/www.dewetron.com\/de\/#organization\"},\"potentialAction\":[{\"@type\":\"SearchAction\",\"target\":{\"@type\":\"EntryPoint\",\"urlTemplate\":\"https:\/\/www.dewetron.com\/de\/?s={search_term_string}\"},\"query-input\":{\"@type\":\"PropertyValueSpecification\",\"valueRequired\":true,\"valueName\":\"search_term_string\"}}],\"inLanguage\":\"de-DE\"},{\"@type\":\"Organization\",\"@id\":\"https:\/\/www.dewetron.com\/de\/#organization\",\"name\":\"DEWETRON\",\"url\":\"https:\/\/www.dewetron.com\/de\/\",\"logo\":{\"@type\":\"ImageObject\",\"inLanguage\":\"de-DE\",\"@id\":\"https:\/\/www.dewetron.com\/de\/#\/schema\/logo\/image\/\",\"url\":\"https:\/\/www.dewetron.com\/app\/uploads\/2024\/08\/DEWETRON-logo-text-and-image.png\",\"contentUrl\":\"https:\/\/www.dewetron.com\/app\/uploads\/2024\/08\/DEWETRON-logo-text-and-image.png\",\"width\":900,\"height\":979,\"caption\":\"DEWETRON\"},\"image\":{\"@id\":\"https:\/\/www.dewetron.com\/de\/#\/schema\/logo\/image\/\"},\"sameAs\":[\"https:\/\/www.facebook.com\/dewetron.gmbh\",\"https:\/\/www.linkedin.com\/company\/dewetron\/\",\"https:\/\/www.instagram.com\/wearedewetron\/\",\"https:\/\/www.youtube.com\/channel\/UCE76NeVVgWF65etH8E1bOog\"]}]}<\/script>\n<!-- \/ Yoast SEO Premium plugin. -->","yoast_head_json":{"title":"Allgemeine Einkaufsbedingungen - DEWETRON","robots":{"index":"index","follow":"follow","max-snippet":"max-snippet:-1","max-image-preview":"max-image-preview:large","max-video-preview":"max-video-preview:-1"},"canonical":"https:\/\/www.dewetron.com\/de\/ueber-uns\/rechtliches\/allgemeine-einkaufsbedingungen\/","og_locale":"de_DE","og_type":"article","og_title":"Allgemeine Einkaufsbedingungen","og_url":"https:\/\/www.dewetron.com\/de\/ueber-uns\/rechtliches\/allgemeine-einkaufsbedingungen\/","og_site_name":"DEWETRON","article_publisher":"https:\/\/www.facebook.com\/dewetron.gmbh","article_modified_time":"2026-03-17T14:48:40+00:00","twitter_card":"summary_large_image","twitter_misc":{"Est. reading time":"1 minute"},"schema":{"@context":"https:\/\/schema.org","@graph":[{"@type":"WebPage","@id":"https:\/\/www.dewetron.com\/de\/ueber-uns\/rechtliches\/allgemeine-einkaufsbedingungen\/","url":"https:\/\/www.dewetron.com\/de\/ueber-uns\/rechtliches\/allgemeine-einkaufsbedingungen\/","name":"Allgemeine Einkaufsbedingungen - DEWETRON","isPartOf":{"@id":"https:\/\/www.dewetron.com\/de\/#website"},"datePublished":"2024-08-05T09:03:33+00:00","dateModified":"2026-03-17T14:48:40+00:00","breadcrumb":{"@id":"https:\/\/www.dewetron.com\/de\/ueber-uns\/rechtliches\/allgemeine-einkaufsbedingungen\/#breadcrumb"},"inLanguage":"de-DE","potentialAction":[{"@type":"ReadAction","target":["https:\/\/www.dewetron.com\/de\/ueber-uns\/rechtliches\/allgemeine-einkaufsbedingungen\/"]}]},{"@type":"BreadcrumbList","@id":"https:\/\/www.dewetron.com\/de\/ueber-uns\/rechtliches\/allgemeine-einkaufsbedingungen\/#breadcrumb","itemListElement":[{"@type":"ListItem","position":1,"name":"Home","item":"https:\/\/www.dewetron.com\/de\/"},{"@type":"ListItem","position":2,"name":"\u00dcber uns","item":"https:\/\/www.dewetron.com\/de\/ueber-uns\/"},{"@type":"ListItem","position":3,"name":"Rechtliches","item":"https:\/\/www.dewetron.com\/de\/ueber-uns\/rechtliches\/"},{"@type":"ListItem","position":4,"name":"Allgemeine Einkaufsbedingungen"}]},{"@type":"WebSite","@id":"https:\/\/www.dewetron.com\/de\/#website","url":"https:\/\/www.dewetron.com\/de\/","name":"DEWETRON","description":"","publisher":{"@id":"https:\/\/www.dewetron.com\/de\/#organization"},"potentialAction":[{"@type":"SearchAction","target":{"@type":"EntryPoint","urlTemplate":"https:\/\/www.dewetron.com\/de\/?s={search_term_string}"},"query-input":{"@type":"PropertyValueSpecification","valueRequired":true,"valueName":"search_term_string"}}],"inLanguage":"de-DE"},{"@type":"Organization","@id":"https:\/\/www.dewetron.com\/de\/#organization","name":"DEWETRON","url":"https:\/\/www.dewetron.com\/de\/","logo":{"@type":"ImageObject","inLanguage":"de-DE","@id":"https:\/\/www.dewetron.com\/de\/#\/schema\/logo\/image\/","url":"https:\/\/www.dewetron.com\/app\/uploads\/2024\/08\/DEWETRON-logo-text-and-image.png","contentUrl":"https:\/\/www.dewetron.com\/app\/uploads\/2024\/08\/DEWETRON-logo-text-and-image.png","width":900,"height":979,"caption":"DEWETRON"},"image":{"@id":"https:\/\/www.dewetron.com\/de\/#\/schema\/logo\/image\/"},"sameAs":["https:\/\/www.facebook.com\/dewetron.gmbh","https:\/\/www.linkedin.com\/company\/dewetron\/","https:\/\/www.instagram.com\/wearedewetron\/","https:\/\/www.youtube.com\/channel\/UCE76NeVVgWF65etH8E1bOog"]}]}},"_links":{"self":[{"href":"https:\/\/www.dewetron.com\/de\/wp-json\/wp\/v2\/pages\/48463","targetHints":{"allow":["GET"]}}],"collection":[{"href":"https:\/\/www.dewetron.com\/de\/wp-json\/wp\/v2\/pages"}],"about":[{"href":"https:\/\/www.dewetron.com\/de\/wp-json\/wp\/v2\/types\/page"}],"author":[{"embeddable":true,"href":"https:\/\/www.dewetron.com\/de\/wp-json\/wp\/v2\/users\/6"}],"replies":[{"embeddable":true,"href":"https:\/\/www.dewetron.com\/de\/wp-json\/wp\/v2\/comments?post=48463"}],"version-history":[{"count":6,"href":"https:\/\/www.dewetron.com\/de\/wp-json\/wp\/v2\/pages\/48463\/revisions"}],"predecessor-version":[{"id":63711,"href":"https:\/\/www.dewetron.com\/de\/wp-json\/wp\/v2\/pages\/48463\/revisions\/63711"}],"up":[{"embeddable":true,"href":"https:\/\/www.dewetron.com\/de\/wp-json\/wp\/v2\/pages\/48580"}],"wp:attachment":[{"href":"https:\/\/www.dewetron.com\/de\/wp-json\/wp\/v2\/media?parent=48463"}],"curies":[{"name":"wp","href":"https:\/\/api.w.org\/{rel}","templated":true}]}}