{"id":48435,"date":"2024-08-05T08:23:31","date_gmt":"2024-08-05T08:23:31","guid":{"rendered":"https:\/\/www.dewetron.com\/?page_id=48435"},"modified":"2025-11-10T11:57:59","modified_gmt":"2025-11-10T11:57:59","slug":"impressum","status":"publish","type":"page","link":"https:\/\/www.dewetron.com\/de\/ueber-uns\/rechtliches\/impressum\/","title":{"rendered":"Impressum"},"content":{"rendered":"<div id=\"\" class=\"wp-block-about-us-hero margin-bottom-normal\" data-breadcrumb-include=\"true\">\n  <div class=\"container-fluid p-0 bg-lightgray\">\n    <div class=\"hero-wrapper\">\n      <div class=\"container\">\n        <div class=\"row\">\n          <div class=\"col-12 col-lg-8 pt-lg-8 pb-lg-8 pt-4 pb-2\">\n            <div class=\"hero-header-text content-wrapper\">\n  <div class=\"content\">\n          <div class=\"kicker mb-2\">\n          Rechtliche Hinweise\n      <\/div>\n              <h3 class=\"h1\">Impressum<\/h1>\n                  <\/div>\n<\/div>\n          <\/div>\n          <div class=\"col-12 col-lg-4 triangle-container\">\n            <div class=\"triangle-right\">\n              <svg width=\"581\" height=\"501\" viewBox=\"0 0 581 501\" fill=\"none\" xmlns=\"http:\/\/www.w3.org\/2000\/svg\">\n<path d=\"M362.454 501L304.461 449.114L289.963 375.962H434.944L437.503 444.861L362.454 501Z\" fill=\"#707072\"\/>\n<path d=\"M434.942 375.962L362.451 501H508.285L504.021 387.871L434.942 375.962Z\" fill=\"#868789\"\/>\n<path d=\"M144.981 375.962L103.192 432.952L72.4902 501H217.472L188.475 432.952L144.981 375.962Z\" fill=\"#1B181C\"\/>\n<path d=\"M217.471 501L144.98 375.962H289.962L274.611 440.608L217.471 501Z\" fill=\"#3E3D3F\"\/>\n<path d=\"M72.4906 501L0 375.963L69.9321 360.652L144.981 375.963L72.4906 501Z\" fill=\"#1C3B6A\"\/>\n<path d=\"M508.288 501L435.797 375.963L508.288 362.353L580.778 375.963L508.288 501Z\" fill=\"#129CD8\"\/>\n<path d=\"M508.288 250.925L464.793 301.11L435.797 375.963H580.778L508.288 250.925Z\" fill=\"#1693D2\"\/>\n<path d=\"M72.4906 250.925L0 375.963H144.981L117.691 301.961L72.4906 250.925Z\" fill=\"#04529C\"\/>\n<path d=\"M144.981 375.963L72.4902 250.925L145.834 233.063L217.472 250.925L144.981 375.963Z\" fill=\"#036BB2\"\/>\n<path d=\"M435.797 375.963L363.307 250.925L434.944 238.167L508.288 250.925L435.797 375.963Z\" fill=\"#0D80C4\"\/>\n<path d=\"M144.981 125.037L195.298 169.268L217.472 250.925H72.4902L144.981 125.037Z\" fill=\"#0D80C4\"\/>\n<path d=\"M435.797 125.037L508.288 250.925H363.307L389.744 181.177L435.797 125.037Z\" fill=\"#036BB2\"\/>\n<path d=\"M363.307 250.925L290.816 125.037L363.307 112.278L435.798 125.037L363.307 250.925Z\" fill=\"#04529C\"\/>\n<path d=\"M217.471 250.925L144.98 125.037L219.177 97.8181L289.962 125.037L217.471 250.925Z\" fill=\"#1693D2\"\/>\n<path d=\"M363.307 0L300.198 53.5874L290.816 125.037H435.798L363.307 0Z\" fill=\"#1C3B6A\"\/>\n<path d=\"M217.471 0L144.98 125.037H289.962L281.433 35.725L217.471 0Z\" fill=\"#129CD8\"\/>\n<path d=\"M217.473 0L289.963 125.037L362.454 0H217.473Z\" fill=\"#12B0E5\"\/>\n<path d=\"M289.963 375.962L217.473 501H362.454L289.963 375.962Z\" fill=\"#5A595B\"\/>\n<\/svg>            <\/div>\n          <\/div>\n        <\/div>\n      <\/div>\n    <\/div>\n  <\/div>\n<\/div>\n\n\n<div id=\"\" class=\"wp-block-text-columns margin-bottom-none\n      \">\n  <div class=\"container\">\n    <div class=\"row justify-content-center\">\n              <div class=\"col-12\">\n          <h3>1. IMPRESSUM<br \/>\r\n<\/h3>\n          <div class=\"content-size-normal\">\n            <p>DEWETRON GmbH<br \/>\nParkring 4<br \/>\n8074 Grambach<br \/>\n\u00d6sterreich<br \/>\nTel. +43-316-3070-0<br \/>\nFax: +43-316-3070-90<br \/>\nE-Mail:<a href=\"mailto:info@DEWETRON.com\"> info@DEWETRON.com<\/a><br \/>\nWeb: <a href=\"https:\/\/www.dewetron.com\/de\/\">www.DEWETRON.com\/de<\/a><\/p>\n<p>CEO: Christoph Wiedner<br \/>\nUID-Nummer.: ATU28698601<\/p>\n<p>Eingetragen beim Handelsgericht Graz FN 43745-g<\/p>\n<p>Diese Website wurde nach \u00f6sterreichischem Recht erstellt und wird nach \u00f6sterreichischem Recht gehostet und es gelten die entsprechenden Gesetze. Ausf\u00fchrliche Informationen \u00fcber DEWETRON GmbH (auch \u201eDEWETRON\u201c genannt) finden Sie auch auf der Website der Wirtschaftskammer \u00d6sterreich (gem\u00e4\u00df \u201aInformationspflicht lt. \u00a7 5 Abs. 1 E-Commerce-Gesetz\u2018).<\/p>\n<p>&nbsp;<\/p>\n\n          <\/div>\n        <\/div>\n          <\/div>\n  <\/div>\n<\/div>\n\n\n<div id=\"\" class=\"wp-block-text-columns margin-bottom-none\n      \">\n  <div class=\"container\">\n    <div class=\"row justify-content-center\">\n              <div class=\"col-12\">\n          <h3>2. COPYRIGHTS\/URHEBERRECHT<\/h3>\n          <div class=\"content-size-normal\">\n            <p>Diese Website und ihr Inhalt sind urheberrechtlich gesch\u00fctzt von 1998-2021 durch DEWETRON. Handb\u00fccher und Datenbl\u00e4tter, die von dieser Website heruntergeladen werden k\u00f6nnen, egal ob auf einer \u00f6ffentlich zug\u00e4nglichen Seite oder auf einer Seite, die eine Login-Erlaubnis oder eine andere Form der Eingabe erfordert, sind urheberrechtlich gesch\u00fctzt, wie dort gekennzeichnet. Datenbl\u00e4tter, Brosch\u00fcren, Handb\u00fccher, Anwendungshinweise und andere Materialien, die von der DEWETRON Hauptgesch\u00e4ftsstelle in \u00d6sterreich erstellt wurden, unterliegen dem Copyright von DEWETRON, und alle Rechte sind vorbehalten. Datenbl\u00e4tter, Brosch\u00fcren, Handb\u00fccher, Anwendungshinweise und andere Materialien, die von DEWETRON Inc. in den Vereinigten Staaten von Amerika erstellt wurden, unterliegen dem Copyright von DEWETRON Inc. und alle Rechte sind vorbehalten. Urheberrechtlich gesch\u00fctztes Material, einschlie\u00dflich dieser Website und ihrer Inhalte, ist das Eigentum des Inhabers des Urheberrechts, wie hier beschrieben, und darf ohne die ausdr\u00fcckliche schriftliche Zustimmung des Inhabers des Urheberrechts nicht vervielf\u00e4ltigt, verbreitet oder reproduziert werden, weder mit bekannten noch mit noch nicht bekannten Mitteln.<\/p>\n<p>Produktbilder NEX[DAQ] \u00a9 Michael Ferlin-Fiedler | fiedlerfoto<\/p>\n<p>&nbsp;<\/p>\n\n          <\/div>\n        <\/div>\n          <\/div>\n  <\/div>\n<\/div>\n\n\n<div id=\"\" class=\"wp-block-text-columns margin-bottom-none\n      \">\n  <div class=\"container\">\n    <div class=\"row justify-content-center\">\n              <div class=\"col-12\">\n          <h3>3. TRADEMARKS<\/h3>\n          <div class=\"content-size-normal\">\n            <p>Bestimmte Markennamen und Begriffe sind gesch\u00fctzt und DEWETRON unternimmt alle Schritte, um sicherzustellen, dass das korrekte Symbol neben jedem eingetragenen Markennamen angezeigt wird. Zu den Markennamen, die auf dieser Website verwendet werden, geh\u00f6ren unter anderem die folgenden:<\/p>\n<ul>\n<li>Microsoft, Microsoft Excel, Microsoft Windows 2000\/XP\/7\/ 8\/10 are trademarks of Microsoft Corporation<\/li>\n<li>MATLAB is a trademark of The MathWorks, Inc.<\/li>\n<li>ICP is a trademark of PCB Piezotronics<\/li>\n<li>FlexPro is a trademark of Weisang GmbH<\/li>\n<li>NI and LabVIEW are trademarks of National Instruments Corporation (NI). Neither DEWETRON, nor any goods or services offered by DEWETRON, are affiliated with, endorsed by, or sponsored by Emerson or NI.<\/li>\n<\/ul>\n<p>Alle Trademarks werden als Eigentum ihrer Besitzer anerkannt, und eine Verletzung ist nicht beabsichtigt. Bitte kontaktieren Sie den Webmaster, um \u00c4nderungen, Korrekturen oder Aktualisierungen vorzuschlagen.<\/p>\n<p>&nbsp;<\/p>\n\n          <\/div>\n        <\/div>\n          <\/div>\n  <\/div>\n<\/div>\n\n\n<div id=\"\" class=\"wp-block-text-columns margin-bottom-small\n      \">\n  <div class=\"container\">\n    <div class=\"row justify-content-center\">\n              <div class=\"col-12\">\n          <h3>4. E-MAIL-HAFTUNGSAUSSCHLUSS<\/h3>\n          <div class=\"content-size-normal\">\n            <p>Alle E-Mail-Kommunikationen von diesem Absender unterliegen den Bedingungen des folgenden Haftungsausschlusses:<\/p>\n<p>Diese Mitteilung, einschlie\u00dflich aller Anh\u00e4nge, kann vertrauliche Informationen von DEWETRON, seinen Tochtergesellschaften oder Vertretern enthalten und ist ausschlie\u00dflich f\u00fcr den Gebrauch der Person oder Einrichtung bestimmt, an die sie gerichtet ist. Jegliche unbefugte \u00dcberpr\u00fcfung, Nutzung, Offenlegung oder Verteilung ist verboten. Wenn Sie glauben, dass diese Nachricht irrt\u00fcmlich an Sie gesendet wurde, benachrichtigen Sie bitte sofort den Absender per Antwort-E-Mail und l\u00f6schen Sie diese Nachricht, ohne sie zu ver\u00f6ffentlichen. Wir danken Ihnen.<\/p>\n<p>Wenn Sie Fragen zu diesem Haftungsausschluss haben, wenden Sie sich bitte an <a href=\"mailto:info@DEWETRON.com\">info@DEWETRON.com<\/a>.<\/p>\n<p>&nbsp;<\/p>\n\n          <\/div>\n        <\/div>\n          <\/div>\n  <\/div>\n<\/div>\n","protected":false},"excerpt":{"rendered":"","protected":false},"author":6,"featured_media":0,"parent":48580,"menu_order":141,"comment_status":"closed","ping_status":"closed","template":"","meta":{"_acf_changed":false,"footnotes":""},"class_list":["post-48435","page","type-page","status-publish","hentry"],"acf":[],"yoast_head":"<!-- This site is optimized with the Yoast SEO Premium plugin v23.9 (Yoast SEO v27.2) - https:\/\/yoast.com\/product\/yoast-seo-premium-wordpress\/ -->\n<title>Impressum - DEWETRON<\/title>\n<meta name=\"robots\" content=\"index, follow, max-snippet:-1, max-image-preview:large, max-video-preview:-1\" \/>\n<link rel=\"canonical\" href=\"https:\/\/www.dewetron.com\/de\/ueber-uns\/rechtliches\/impressum\/\" \/>\n<meta property=\"og:locale\" content=\"de_DE\" \/>\n<meta property=\"og:type\" content=\"article\" \/>\n<meta property=\"og:title\" content=\"Impressum\" \/>\n<meta property=\"og:url\" content=\"https:\/\/www.dewetron.com\/de\/ueber-uns\/rechtliches\/impressum\/\" \/>\n<meta property=\"og:site_name\" content=\"DEWETRON\" \/>\n<meta property=\"article:publisher\" content=\"https:\/\/www.facebook.com\/dewetron.gmbh\" \/>\n<meta property=\"article:modified_time\" content=\"2025-11-10T11:57:59+00:00\" \/>\n<meta name=\"twitter:card\" content=\"summary_large_image\" \/>\n<meta name=\"twitter:label1\" content=\"Est. reading time\" \/>\n\t<meta name=\"twitter:data1\" content=\"1 minute\" \/>\n<script type=\"application\/ld+json\" class=\"yoast-schema-graph\">{\"@context\":\"https:\/\/schema.org\",\"@graph\":[{\"@type\":\"WebPage\",\"@id\":\"https:\/\/www.dewetron.com\/de\/ueber-uns\/rechtliches\/impressum\/\",\"url\":\"https:\/\/www.dewetron.com\/de\/ueber-uns\/rechtliches\/impressum\/\",\"name\":\"Impressum - DEWETRON\",\"isPartOf\":{\"@id\":\"https:\/\/www.dewetron.com\/de\/#website\"},\"datePublished\":\"2024-08-05T08:23:31+00:00\",\"dateModified\":\"2025-11-10T11:57:59+00:00\",\"breadcrumb\":{\"@id\":\"https:\/\/www.dewetron.com\/de\/ueber-uns\/rechtliches\/impressum\/#breadcrumb\"},\"inLanguage\":\"de-DE\",\"potentialAction\":[{\"@type\":\"ReadAction\",\"target\":[\"https:\/\/www.dewetron.com\/de\/ueber-uns\/rechtliches\/impressum\/\"]}]},{\"@type\":\"BreadcrumbList\",\"@id\":\"https:\/\/www.dewetron.com\/de\/ueber-uns\/rechtliches\/impressum\/#breadcrumb\",\"itemListElement\":[{\"@type\":\"ListItem\",\"position\":1,\"name\":\"Home\",\"item\":\"https:\/\/www.dewetron.com\/de\/\"},{\"@type\":\"ListItem\",\"position\":2,\"name\":\"\u00dcber uns\",\"item\":\"https:\/\/www.dewetron.com\/de\/ueber-uns\/\"},{\"@type\":\"ListItem\",\"position\":3,\"name\":\"Rechtliches\",\"item\":\"https:\/\/www.dewetron.com\/de\/ueber-uns\/rechtliches\/\"},{\"@type\":\"ListItem\",\"position\":4,\"name\":\"Impressum\"}]},{\"@type\":\"WebSite\",\"@id\":\"https:\/\/www.dewetron.com\/de\/#website\",\"url\":\"https:\/\/www.dewetron.com\/de\/\",\"name\":\"DEWETRON\",\"description\":\"\",\"publisher\":{\"@id\":\"https:\/\/www.dewetron.com\/de\/#organization\"},\"potentialAction\":[{\"@type\":\"SearchAction\",\"target\":{\"@type\":\"EntryPoint\",\"urlTemplate\":\"https:\/\/www.dewetron.com\/de\/?s={search_term_string}\"},\"query-input\":{\"@type\":\"PropertyValueSpecification\",\"valueRequired\":true,\"valueName\":\"search_term_string\"}}],\"inLanguage\":\"de-DE\"},{\"@type\":\"Organization\",\"@id\":\"https:\/\/www.dewetron.com\/de\/#organization\",\"name\":\"DEWETRON\",\"url\":\"https:\/\/www.dewetron.com\/de\/\",\"logo\":{\"@type\":\"ImageObject\",\"inLanguage\":\"de-DE\",\"@id\":\"https:\/\/www.dewetron.com\/de\/#\/schema\/logo\/image\/\",\"url\":\"https:\/\/www.dewetron.com\/app\/uploads\/2024\/08\/DEWETRON-logo-text-and-image.png\",\"contentUrl\":\"https:\/\/www.dewetron.com\/app\/uploads\/2024\/08\/DEWETRON-logo-text-and-image.png\",\"width\":900,\"height\":979,\"caption\":\"DEWETRON\"},\"image\":{\"@id\":\"https:\/\/www.dewetron.com\/de\/#\/schema\/logo\/image\/\"},\"sameAs\":[\"https:\/\/www.facebook.com\/dewetron.gmbh\",\"https:\/\/www.linkedin.com\/company\/dewetron\/\",\"https:\/\/www.instagram.com\/wearedewetron\/\",\"https:\/\/www.youtube.com\/channel\/UCE76NeVVgWF65etH8E1bOog\"]}]}<\/script>\n<!-- \/ Yoast SEO Premium plugin. -->","yoast_head_json":{"title":"Impressum - DEWETRON","robots":{"index":"index","follow":"follow","max-snippet":"max-snippet:-1","max-image-preview":"max-image-preview:large","max-video-preview":"max-video-preview:-1"},"canonical":"https:\/\/www.dewetron.com\/de\/ueber-uns\/rechtliches\/impressum\/","og_locale":"de_DE","og_type":"article","og_title":"Impressum","og_url":"https:\/\/www.dewetron.com\/de\/ueber-uns\/rechtliches\/impressum\/","og_site_name":"DEWETRON","article_publisher":"https:\/\/www.facebook.com\/dewetron.gmbh","article_modified_time":"2025-11-10T11:57:59+00:00","twitter_card":"summary_large_image","twitter_misc":{"Est. reading time":"1 minute"},"schema":{"@context":"https:\/\/schema.org","@graph":[{"@type":"WebPage","@id":"https:\/\/www.dewetron.com\/de\/ueber-uns\/rechtliches\/impressum\/","url":"https:\/\/www.dewetron.com\/de\/ueber-uns\/rechtliches\/impressum\/","name":"Impressum - DEWETRON","isPartOf":{"@id":"https:\/\/www.dewetron.com\/de\/#website"},"datePublished":"2024-08-05T08:23:31+00:00","dateModified":"2025-11-10T11:57:59+00:00","breadcrumb":{"@id":"https:\/\/www.dewetron.com\/de\/ueber-uns\/rechtliches\/impressum\/#breadcrumb"},"inLanguage":"de-DE","potentialAction":[{"@type":"ReadAction","target":["https:\/\/www.dewetron.com\/de\/ueber-uns\/rechtliches\/impressum\/"]}]},{"@type":"BreadcrumbList","@id":"https:\/\/www.dewetron.com\/de\/ueber-uns\/rechtliches\/impressum\/#breadcrumb","itemListElement":[{"@type":"ListItem","position":1,"name":"Home","item":"https:\/\/www.dewetron.com\/de\/"},{"@type":"ListItem","position":2,"name":"\u00dcber uns","item":"https:\/\/www.dewetron.com\/de\/ueber-uns\/"},{"@type":"ListItem","position":3,"name":"Rechtliches","item":"https:\/\/www.dewetron.com\/de\/ueber-uns\/rechtliches\/"},{"@type":"ListItem","position":4,"name":"Impressum"}]},{"@type":"WebSite","@id":"https:\/\/www.dewetron.com\/de\/#website","url":"https:\/\/www.dewetron.com\/de\/","name":"DEWETRON","description":"","publisher":{"@id":"https:\/\/www.dewetron.com\/de\/#organization"},"potentialAction":[{"@type":"SearchAction","target":{"@type":"EntryPoint","urlTemplate":"https:\/\/www.dewetron.com\/de\/?s={search_term_string}"},"query-input":{"@type":"PropertyValueSpecification","valueRequired":true,"valueName":"search_term_string"}}],"inLanguage":"de-DE"},{"@type":"Organization","@id":"https:\/\/www.dewetron.com\/de\/#organization","name":"DEWETRON","url":"https:\/\/www.dewetron.com\/de\/","logo":{"@type":"ImageObject","inLanguage":"de-DE","@id":"https:\/\/www.dewetron.com\/de\/#\/schema\/logo\/image\/","url":"https:\/\/www.dewetron.com\/app\/uploads\/2024\/08\/DEWETRON-logo-text-and-image.png","contentUrl":"https:\/\/www.dewetron.com\/app\/uploads\/2024\/08\/DEWETRON-logo-text-and-image.png","width":900,"height":979,"caption":"DEWETRON"},"image":{"@id":"https:\/\/www.dewetron.com\/de\/#\/schema\/logo\/image\/"},"sameAs":["https:\/\/www.facebook.com\/dewetron.gmbh","https:\/\/www.linkedin.com\/company\/dewetron\/","https:\/\/www.instagram.com\/wearedewetron\/","https:\/\/www.youtube.com\/channel\/UCE76NeVVgWF65etH8E1bOog"]}]}},"_links":{"self":[{"href":"https:\/\/www.dewetron.com\/de\/wp-json\/wp\/v2\/pages\/48435","targetHints":{"allow":["GET"]}}],"collection":[{"href":"https:\/\/www.dewetron.com\/de\/wp-json\/wp\/v2\/pages"}],"about":[{"href":"https:\/\/www.dewetron.com\/de\/wp-json\/wp\/v2\/types\/page"}],"author":[{"embeddable":true,"href":"https:\/\/www.dewetron.com\/de\/wp-json\/wp\/v2\/users\/6"}],"replies":[{"embeddable":true,"href":"https:\/\/www.dewetron.com\/de\/wp-json\/wp\/v2\/comments?post=48435"}],"version-history":[{"count":5,"href":"https:\/\/www.dewetron.com\/de\/wp-json\/wp\/v2\/pages\/48435\/revisions"}],"predecessor-version":[{"id":61422,"href":"https:\/\/www.dewetron.com\/de\/wp-json\/wp\/v2\/pages\/48435\/revisions\/61422"}],"up":[{"embeddable":true,"href":"https:\/\/www.dewetron.com\/de\/wp-json\/wp\/v2\/pages\/48580"}],"wp:attachment":[{"href":"https:\/\/www.dewetron.com\/de\/wp-json\/wp\/v2\/media?parent=48435"}],"curies":[{"name":"wp","href":"https:\/\/api.w.org\/{rel}","templated":true}]}}