{"id":48286,"date":"2024-05-27T10:00:11","date_gmt":"2024-05-27T10:00:11","guid":{"rendered":"https:\/\/www.dewetron.com\/?page_id=48286"},"modified":"2025-08-04T09:09:06","modified_gmt":"2025-08-04T09:09:06","slug":"loesungen","status":"publish","type":"page","link":"https:\/\/www.dewetron.com\/de\/loesungen\/","title":{"rendered":"L\u00f6sungen"},"content":{"rendered":"<div id=\"\" class=\"wp-block-product-filter-hero margin-bottom-normal\">\n  <div class=\"container-fluid hero-section hero-wrapper p-0\">\n      <div class=\"position-relative\">\n          <!-- Diagonal Background -->\n          <div class=\"diagonal-bg  bg-midblue  d-none d-lg-block\"><\/div>\n        <div class=\"container\">\n          <div class=\"row main-content pt-7 pb-9\">\n            <div class=\"col-lg-6 offset-lg-1 image-content align-content-center download px-3 px-xl-0 px-xxl-0 order-lg-2 mb-5 mb-lg-0\">\n                                  <picture>\n                        <source\n                media=\"(max-width: 768px)\"\n                srcset=\"https:\/\/www.dewetron.com\/app\/uploads\/2024\/10\/solutions-data-acquisition-768x469.jpg, https:\/\/www.dewetron.com\/app\/uploads\/2024\/10\/solutions-data-acquisition.jpg 2x\"\n            \/>\n                    <source\n                media=\"(max-width: 900px)\"\n                srcset=\"https:\/\/www.dewetron.com\/app\/uploads\/2024\/10\/solutions-data-acquisition.jpg, https:\/\/www.dewetron.com\/app\/uploads\/2024\/10\/solutions-data-acquisition.jpg 2x\"\n            \/>\n                    <source\n                media=\"(max-width: 900px)\"\n                srcset=\"https:\/\/www.dewetron.com\/app\/uploads\/2024\/10\/solutions-data-acquisition.jpg, https:\/\/www.dewetron.com\/app\/uploads\/2024\/10\/solutions-data-acquisition.jpg 2x\"\n            \/>\n                    <source\n                media=\"(max-width: 900px)\"\n                srcset=\"https:\/\/www.dewetron.com\/app\/uploads\/2024\/10\/solutions-data-acquisition.jpg, https:\/\/www.dewetron.com\/app\/uploads\/2024\/10\/solutions-data-acquisition.jpg 2x\"\n            \/>\n                <img decoding=\"async\"\n        class=\"img-fluid\" size=\"full\" loading=\"eager\"\n        src=\"https:\/\/www.dewetron.com\/app\/uploads\/2024\/10\/solutions-data-acquisition.jpg\"\n        alt=\"\"\n        title=\"\"\n        loading=\"lazy\"\n                    onerror=\"this.src = 'https:\/\/www.dewetron.com\/app\/themes\/dewetron\/public\/images\/fallback.8952c5.jpg'\"\n            >\n<\/picture>\n                                            <div class=\"downloads  d-none d-lg-block   \">\n    <div class=\"download-button\">\n      <button class=\"dewetron-btn\">\n        Downloads\n        <span class=\"download-list-opener\">\n          <svg width=\"12\" height=\"8\" viewBox=\"0 0 12 8\" fill=\"none\" xmlns=\"http:\/\/www.w3.org\/2000\/svg\">\n  <path d=\"M1 1L6 6L11 1\" stroke=\"#fff\" stroke-width=\"2\" stroke-linecap=\"round\"\/>\n<\/svg>        <\/span>\n      <\/button>\n    <\/div>\n    <div class=\"download-list-dropdown\">\n                                            <a href=\"https:\/\/ccc.dewetron.com\/dl\/5f58815f-40f8-4a54-ac44-3a09d9c49a3c\" class=\"file mt-1\" target=\"_blank\">\n                Energie L\u00f6sungen\n              <\/a>\n                                                <a href=\"https:\/\/ccc.dewetron.com\/dl\/681cbda7-bcb8-40d8-9466-4b10d9c49a3c\" class=\"file mt-1\" target=\"_blank\">\n                Mobilit\u00e4t L\u00f6sungen\n              <\/a>\n                                                <a href=\"https:\/\/ccc.dewetron.com\/dl\/68232843-50b0-4dae-8cf9-42bfd9c49a3c\" class=\"file mt-1\" target=\"_blank\">\n                Luft- &amp; Raumfahrt L\u00f6sungen\n              <\/a>\n                                                <a href=\"https:\/\/ccc.dewetron.com\/dl\/produktkatalog\" class=\"file mt-1\" target=\"_blank\">\n                Produktkatalog\n              <\/a>\n                                  <\/div>\n  <\/div>\n            <\/div>\n            <div class=\"col-lg-5 text-content text-light order-lg-1\">\n                  <div class=\"hero-header-text content-wrapper\">\n  <div class=\"content\">\n          <div class=\"kicker mb-2\">\n          Messsysteme f\u00fcr alle Branchen\n      <\/div>\n              <h3 class=\"h1\">Messl\u00f6sungen &#038; Anwendungen<\/h1>\n              <h1 class=\"h3\">Datenerfassungssysteme ideal f\u00fcr Ihre Anforderungen<\/h3>\n              <h4 class=\"text mb-5\">\n          <p>Seit \u00fcber 35 Jahren sind wir ein weltweit f\u00fchrendes Unternehmen im Bereich der Messtechnik. Mit unseren zuverl\u00e4ssigen Datenerfassungssystemen bedienen wir eine Vielzahl von Branchen und Anwendungen. Egal, ob kleine oder gro\u00dfe Messaufgaben \u2013 wir garantieren h\u00f6chste Qualit\u00e4t Ihrer gemessenen Daten. Unsere Expertise liegt auf einsatzbereiten Komplettl\u00f6sungen, die einfach an Ihre spezifische Testumgebung angepasst werden k\u00f6nnen.<\/p>\n\n      <\/h4>\n              <div class=\"link-button d-flex flex-wrap\">\n                                  <div class=\"downloads   d-lg-none  \">\n    <div class=\"download-button\">\n      <button class=\"dewetron-btn\">\n        Downloads\n        <span class=\"download-list-opener\">\n          <svg width=\"12\" height=\"8\" viewBox=\"0 0 12 8\" fill=\"none\" xmlns=\"http:\/\/www.w3.org\/2000\/svg\">\n  <path d=\"M1 1L6 6L11 1\" stroke=\"#fff\" stroke-width=\"2\" stroke-linecap=\"round\"\/>\n<\/svg>        <\/span>\n      <\/button>\n    <\/div>\n    <div class=\"download-list-dropdown\">\n                                            <a href=\"https:\/\/ccc.dewetron.com\/dl\/5f58815f-40f8-4a54-ac44-3a09d9c49a3c\" class=\"file mt-1\" target=\"_blank\">\n                Energie L\u00f6sungen\n              <\/a>\n                                                <a href=\"https:\/\/ccc.dewetron.com\/dl\/681cbda7-bcb8-40d8-9466-4b10d9c49a3c\" class=\"file mt-1\" target=\"_blank\">\n                Mobilit\u00e4t L\u00f6sungen\n              <\/a>\n                                                <a href=\"https:\/\/ccc.dewetron.com\/dl\/68232843-50b0-4dae-8cf9-42bfd9c49a3c\" class=\"file mt-1\" target=\"_blank\">\n                Luft- &amp; Raumfahrt L\u00f6sungen\n              <\/a>\n                                                <a href=\"https:\/\/ccc.dewetron.com\/dl\/produktkatalog\" class=\"file mt-1\" target=\"_blank\">\n                Produktkatalog\n              <\/a>\n                                  <\/div>\n  <\/div>\n              <\/div>\n      <\/div>\n<\/div>\n            <\/div>\n          <\/div>\n        <\/div>\n      <\/div>\n  <\/div>\n<\/div>\n\n\n<div id=\"\" class=\"wp-block-icon-text-cards margin-bottom-normal\">\n  <div class=\"container-fluid\">\n    <div class=\"header-wrapper container\">\n      <div class=\"row flex-row flex-wrap text-center\">\n        <div class=\"col-12\">\n          <div class=\"content-wrapper\">\n            <div class=\"content\">\n                                        <\/div>\n          <\/div>\n        <\/div>\n      <\/div>\n    <\/div>\n        <div class=\"container\">\n      <div class=\"row cards-wrapper justify-content-around\">\n          \n          <div class=\"col-12 col-md-6 col-lg-3 mb-3\">\n            <div class=\"card h-100 p-4\">\n              <div class=\"content text-center\">\n                <picture>\n                        <source\n                media=\"(max-width: 200px)\"\n                srcset=\"https:\/\/www.dewetron.com\/app\/uploads\/2024\/10\/icon-automotive-solutions-bb.png, https:\/\/www.dewetron.com\/app\/uploads\/2024\/10\/icon-automotive-solutions-bb.png 2x\"\n            \/>\n                    <source\n                media=\"(max-width: 200px)\"\n                srcset=\"https:\/\/www.dewetron.com\/app\/uploads\/2024\/10\/icon-automotive-solutions-bb.png, https:\/\/www.dewetron.com\/app\/uploads\/2024\/10\/icon-automotive-solutions-bb.png 2x\"\n            \/>\n                    <source\n                media=\"(max-width: 200px)\"\n                srcset=\"https:\/\/www.dewetron.com\/app\/uploads\/2024\/10\/icon-automotive-solutions-bb.png, https:\/\/www.dewetron.com\/app\/uploads\/2024\/10\/icon-automotive-solutions-bb.png 2x\"\n            \/>\n                    <source\n                media=\"(max-width: 200px)\"\n                srcset=\"https:\/\/www.dewetron.com\/app\/uploads\/2024\/10\/icon-automotive-solutions-bb.png, https:\/\/www.dewetron.com\/app\/uploads\/2024\/10\/icon-automotive-solutions-bb.png 2x\"\n            \/>\n                <img decoding=\"async\"\n        class=\"img-fluid not-round aspect-icon\"\n        src=\"https:\/\/www.dewetron.com\/app\/uploads\/2024\/10\/icon-automotive-solutions-bb.png\"\n        alt=\"\"\n        title=\"\"\n        loading=\"lazy\"\n                    onerror=\"this.src = 'https:\/\/www.dewetron.com\/app\/themes\/dewetron\/public\/images\/fallback.8952c5.jpg'\"\n            >\n<\/picture>\n                <h5 class=\"my-3 text-uppercase\">\n                  AUTOMOBIL &#038; <br \/>\r\nE-MOBILIT\u00c4T\n                <\/h5>\n              <\/div>\n              <div>\n                <p class=\"mb-0\">\n                  <p>F\u00fchrende OEMs sowie Hersteller und Testingenieur:innen von Elektrofahrzeugen und Fahrzeugkomponenten weltweit vertrauen auf unsere Datenerfassungssysteme. Ob auf dem Pr\u00fcfstand oder bei Stra\u00dfentests \u2013 wir liefern stets verl\u00e4ssliche Daten f\u00fcr unterschiedlichste Anwendungen.<\/p>\n<p><a class=\"dewetron-btn\" href=\"https:\/\/www.dewetron.com\/de\/loesungen\/automotive-mobility\/\">L\u00f6sungen f\u00fcr die Automobilindustrie<\/a><\/p>\n\n                <\/p>\n              <\/div>\n            <\/div>\n          <\/div>\n          \n          <div class=\"col-12 col-md-6 col-lg-3 mb-3\">\n            <div class=\"card h-100 p-4\">\n              <div class=\"content text-center\">\n                <picture>\n                        <source\n                media=\"(max-width: 200px)\"\n                srcset=\"https:\/\/www.dewetron.com\/app\/uploads\/2024\/10\/icon-power-solutions-bb.png, https:\/\/www.dewetron.com\/app\/uploads\/2024\/10\/icon-power-solutions-bb.png 2x\"\n            \/>\n                    <source\n                media=\"(max-width: 200px)\"\n                srcset=\"https:\/\/www.dewetron.com\/app\/uploads\/2024\/10\/icon-power-solutions-bb.png, https:\/\/www.dewetron.com\/app\/uploads\/2024\/10\/icon-power-solutions-bb.png 2x\"\n            \/>\n                    <source\n                media=\"(max-width: 200px)\"\n                srcset=\"https:\/\/www.dewetron.com\/app\/uploads\/2024\/10\/icon-power-solutions-bb.png, https:\/\/www.dewetron.com\/app\/uploads\/2024\/10\/icon-power-solutions-bb.png 2x\"\n            \/>\n                    <source\n                media=\"(max-width: 200px)\"\n                srcset=\"https:\/\/www.dewetron.com\/app\/uploads\/2024\/10\/icon-power-solutions-bb.png, https:\/\/www.dewetron.com\/app\/uploads\/2024\/10\/icon-power-solutions-bb.png 2x\"\n            \/>\n                <img decoding=\"async\"\n        class=\"img-fluid not-round aspect-icon\"\n        src=\"https:\/\/www.dewetron.com\/app\/uploads\/2024\/10\/icon-power-solutions-bb.png\"\n        alt=\"\"\n        title=\"\"\n        loading=\"lazy\"\n                    onerror=\"this.src = 'https:\/\/www.dewetron.com\/app\/themes\/dewetron\/public\/images\/fallback.8952c5.jpg'\"\n            >\n<\/picture>\n                <h5 class=\"my-3 text-uppercase\">\n                  ERNEUERBARE &#038;<br \/>\r\nGR\u00dcNE ENERGIE\n                <\/h5>\n              <\/div>\n              <div>\n                <p class=\"mb-0\">\n                  <p>Mit dem Wachstum der erneuerbaren Energien steigt auch der Bedarf an pr\u00e4zisen Leistungsmessungen. Unsere leistungsstarken Power Analyzer f\u00fcr gemischte Signalaufzeichnung erleichtern diese Analysen. Messen Sie Hochspannung und AC\/DC-Str\u00f6me mit einer Genauigkeit von 0,03 %.<\/p>\n<p><a class=\"dewetron-btn\" href=\"https:\/\/www.dewetron.com\/de\/loesungen\/erneuerbare-energien\/\">L\u00f6sungen f\u00fcr erneuerbare Energien<\/a><\/p>\n\n                <\/p>\n              <\/div>\n            <\/div>\n          <\/div>\n          \n          <div class=\"col-12 col-md-6 col-lg-3 mb-3\">\n            <div class=\"card h-100 p-4\">\n              <div class=\"content text-center\">\n                <picture>\n                        <source\n                media=\"(max-width: 200px)\"\n                srcset=\"https:\/\/www.dewetron.com\/app\/uploads\/2024\/10\/icon-aerospace-solutions-bb.png, https:\/\/www.dewetron.com\/app\/uploads\/2024\/10\/icon-aerospace-solutions-bb.png 2x\"\n            \/>\n                    <source\n                media=\"(max-width: 200px)\"\n                srcset=\"https:\/\/www.dewetron.com\/app\/uploads\/2024\/10\/icon-aerospace-solutions-bb.png, https:\/\/www.dewetron.com\/app\/uploads\/2024\/10\/icon-aerospace-solutions-bb.png 2x\"\n            \/>\n                    <source\n                media=\"(max-width: 200px)\"\n                srcset=\"https:\/\/www.dewetron.com\/app\/uploads\/2024\/10\/icon-aerospace-solutions-bb.png, https:\/\/www.dewetron.com\/app\/uploads\/2024\/10\/icon-aerospace-solutions-bb.png 2x\"\n            \/>\n                    <source\n                media=\"(max-width: 200px)\"\n                srcset=\"https:\/\/www.dewetron.com\/app\/uploads\/2024\/10\/icon-aerospace-solutions-bb.png, https:\/\/www.dewetron.com\/app\/uploads\/2024\/10\/icon-aerospace-solutions-bb.png 2x\"\n            \/>\n                <img decoding=\"async\"\n        class=\"img-fluid not-round aspect-icon\"\n        src=\"https:\/\/www.dewetron.com\/app\/uploads\/2024\/10\/icon-aerospace-solutions-bb.png\"\n        alt=\"\"\n        title=\"\"\n        loading=\"lazy\"\n                    onerror=\"this.src = 'https:\/\/www.dewetron.com\/app\/themes\/dewetron\/public\/images\/fallback.8952c5.jpg'\"\n            >\n<\/picture>\n                <h5 class=\"my-3 text-uppercase\">\n                  Luftfahrt &#038; <br \/>\r\nRaumfahrt\n                <\/h5>\n              <\/div>\n              <div>\n                <p class=\"mb-0\">\n                  <p>Egal, wie viele Sensoren angeschlossen sind \u2013 Ihre Messdaten werden 100 % synchron und mit hoher Dynamik erfasst. So k\u00f6nnen Sie Ergebnisse live und in Echtzeit betrachten. Ob an einer Flugzeugtragfl\u00e4che, im Windkanal oder an jedem anderen Einsatzort \u2013 unsere Systeme bieten Ihnen h\u00f6chste Pr\u00e4zision.<\/p>\n<p><a class=\"dewetron-btn\" href=\"https:\/\/www.dewetron.com\/de\/loesungen\/luft-und-raumfahrt\/\">L\u00f6sungen f\u00fcr die<br \/>\nLuft- &amp; Raumfahrt<\/a><\/p>\n\n                <\/p>\n              <\/div>\n            <\/div>\n          <\/div>\n          \n          <div class=\"col-12 col-md-6 col-lg-3 mb-3\">\n            <div class=\"card h-100 p-4\">\n              <div class=\"content text-center\">\n                <picture>\n                        <source\n                media=\"(max-width: 200px)\"\n                srcset=\"https:\/\/www.dewetron.com\/app\/uploads\/2024\/10\/icon-industrial-solutions-bb.png, https:\/\/www.dewetron.com\/app\/uploads\/2024\/10\/icon-industrial-solutions-bb.png 2x\"\n            \/>\n                    <source\n                media=\"(max-width: 200px)\"\n                srcset=\"https:\/\/www.dewetron.com\/app\/uploads\/2024\/10\/icon-industrial-solutions-bb.png, https:\/\/www.dewetron.com\/app\/uploads\/2024\/10\/icon-industrial-solutions-bb.png 2x\"\n            \/>\n                    <source\n                media=\"(max-width: 200px)\"\n                srcset=\"https:\/\/www.dewetron.com\/app\/uploads\/2024\/10\/icon-industrial-solutions-bb.png, https:\/\/www.dewetron.com\/app\/uploads\/2024\/10\/icon-industrial-solutions-bb.png 2x\"\n            \/>\n                    <source\n                media=\"(max-width: 200px)\"\n                srcset=\"https:\/\/www.dewetron.com\/app\/uploads\/2024\/10\/icon-industrial-solutions-bb.png, https:\/\/www.dewetron.com\/app\/uploads\/2024\/10\/icon-industrial-solutions-bb.png 2x\"\n            \/>\n                <img decoding=\"async\"\n        class=\"img-fluid not-round aspect-icon\"\n        src=\"https:\/\/www.dewetron.com\/app\/uploads\/2024\/10\/icon-industrial-solutions-bb.png\"\n        alt=\"\"\n        title=\"\"\n        loading=\"lazy\"\n                    onerror=\"this.src = 'https:\/\/www.dewetron.com\/app\/themes\/dewetron\/public\/images\/fallback.8952c5.jpg'\"\n            >\n<\/picture>\n                <h5 class=\"my-3 text-uppercase\">\n                  FERTIGUNG &#038; <br \/>\r\nINDUSTRIE\n                <\/h5>\n              <\/div>\n              <div>\n                <p class=\"mb-0\">\n                  <p>Die Optimierung der Fertigungseffizienz, die Reduzierung von Ausfallzeiten und die Prozess\u00fcberwachung sind entscheidend in der Fertigung und in industriellen Anwendungen.<br \/>\nUnsere Datenerfassungssysteme liefern l\u00fcckenlose und zuverl\u00e4ssige Messdaten \u2013 f\u00fcr eine pr\u00e4zise Analyse und \u00dcberwachung.<\/p>\n<p><a class=\"dewetron-btn\" href=\"https:\/\/www.dewetron.com\/de\/loesungen\/fertigung-industrie\/\">L\u00f6sungen f\u00fcr die Fertigung und Industrie<\/a><\/p>\n\n                <\/p>\n              <\/div>\n            <\/div>\n          <\/div>\n              <\/div>\n    <\/div>\n      <\/div>\n<\/div>\n","protected":false},"excerpt":{"rendered":"","protected":false},"author":2,"featured_media":0,"parent":0,"menu_order":247,"comment_status":"closed","ping_status":"closed","template":"","meta":{"_acf_changed":false,"footnotes":""},"class_list":["post-48286","page","type-page","status-publish","hentry"],"acf":[],"yoast_head":"<!-- This site is optimized with the Yoast SEO Premium plugin v23.9 (Yoast SEO v27.2) - https:\/\/yoast.com\/product\/yoast-seo-premium-wordpress\/ -->\n<title>Datenerfassungssysteme und Messl\u00f6sungen | DEWETRON<\/title>\n<meta name=\"description\" content=\"DEWETRON bietet hochwertige Datenerfassungssysteme und Messl\u00f6sungen, ideal zugeschnitten auf Ihre spezifische Anwendung und Anforderung.\" \/>\n<meta name=\"robots\" content=\"index, follow, max-snippet:-1, max-image-preview:large, max-video-preview:-1\" \/>\n<link rel=\"canonical\" href=\"https:\/\/www.dewetron.com\/de\/loesungen\/\" \/>\n<meta property=\"og:locale\" content=\"de_DE\" \/>\n<meta property=\"og:type\" content=\"article\" \/>\n<meta property=\"og:title\" content=\"L\u00f6sungen\" \/>\n<meta property=\"og:description\" content=\"DEWETRON bietet hochwertige Datenerfassungssysteme und Messl\u00f6sungen, ideal zugeschnitten auf Ihre spezifische Anwendung und Anforderung.\" \/>\n<meta property=\"og:url\" content=\"https:\/\/www.dewetron.com\/de\/loesungen\/\" \/>\n<meta property=\"og:site_name\" content=\"DEWETRON\" \/>\n<meta property=\"article:publisher\" content=\"https:\/\/www.facebook.com\/dewetron.gmbh\" \/>\n<meta property=\"article:modified_time\" content=\"2025-08-04T09:09:06+00:00\" \/>\n<meta name=\"twitter:card\" content=\"summary_large_image\" \/>\n<meta name=\"twitter:label1\" content=\"Est. reading time\" \/>\n\t<meta name=\"twitter:data1\" content=\"1 minute\" \/>\n<script type=\"application\/ld+json\" class=\"yoast-schema-graph\">{\"@context\":\"https:\/\/schema.org\",\"@graph\":[{\"@type\":\"WebPage\",\"@id\":\"https:\/\/www.dewetron.com\/de\/loesungen\/\",\"url\":\"https:\/\/www.dewetron.com\/de\/loesungen\/\",\"name\":\"Datenerfassungssysteme und Messl\u00f6sungen | DEWETRON\",\"isPartOf\":{\"@id\":\"https:\/\/www.dewetron.com\/de\/#website\"},\"datePublished\":\"2024-05-27T10:00:11+00:00\",\"dateModified\":\"2025-08-04T09:09:06+00:00\",\"description\":\"DEWETRON bietet hochwertige Datenerfassungssysteme und Messl\u00f6sungen, ideal zugeschnitten auf Ihre spezifische Anwendung und Anforderung.\",\"breadcrumb\":{\"@id\":\"https:\/\/www.dewetron.com\/de\/loesungen\/#breadcrumb\"},\"inLanguage\":\"de-DE\",\"potentialAction\":[{\"@type\":\"ReadAction\",\"target\":[\"https:\/\/www.dewetron.com\/de\/loesungen\/\"]}]},{\"@type\":\"BreadcrumbList\",\"@id\":\"https:\/\/www.dewetron.com\/de\/loesungen\/#breadcrumb\",\"itemListElement\":[{\"@type\":\"ListItem\",\"position\":1,\"name\":\"Home\",\"item\":\"https:\/\/www.dewetron.com\/de\/\"},{\"@type\":\"ListItem\",\"position\":2,\"name\":\"L\u00f6sungen\"}]},{\"@type\":\"WebSite\",\"@id\":\"https:\/\/www.dewetron.com\/de\/#website\",\"url\":\"https:\/\/www.dewetron.com\/de\/\",\"name\":\"DEWETRON\",\"description\":\"\",\"publisher\":{\"@id\":\"https:\/\/www.dewetron.com\/de\/#organization\"},\"potentialAction\":[{\"@type\":\"SearchAction\",\"target\":{\"@type\":\"EntryPoint\",\"urlTemplate\":\"https:\/\/www.dewetron.com\/de\/?s={search_term_string}\"},\"query-input\":{\"@type\":\"PropertyValueSpecification\",\"valueRequired\":true,\"valueName\":\"search_term_string\"}}],\"inLanguage\":\"de-DE\"},{\"@type\":\"Organization\",\"@id\":\"https:\/\/www.dewetron.com\/de\/#organization\",\"name\":\"DEWETRON\",\"url\":\"https:\/\/www.dewetron.com\/de\/\",\"logo\":{\"@type\":\"ImageObject\",\"inLanguage\":\"de-DE\",\"@id\":\"https:\/\/www.dewetron.com\/de\/#\/schema\/logo\/image\/\",\"url\":\"https:\/\/www.dewetron.com\/app\/uploads\/2024\/08\/DEWETRON-logo-text-and-image.png\",\"contentUrl\":\"https:\/\/www.dewetron.com\/app\/uploads\/2024\/08\/DEWETRON-logo-text-and-image.png\",\"width\":900,\"height\":979,\"caption\":\"DEWETRON\"},\"image\":{\"@id\":\"https:\/\/www.dewetron.com\/de\/#\/schema\/logo\/image\/\"},\"sameAs\":[\"https:\/\/www.facebook.com\/dewetron.gmbh\",\"https:\/\/www.linkedin.com\/company\/dewetron\/\",\"https:\/\/www.instagram.com\/wearedewetron\/\",\"https:\/\/www.youtube.com\/channel\/UCE76NeVVgWF65etH8E1bOog\"]}]}<\/script>\n<!-- \/ Yoast SEO Premium plugin. -->","yoast_head_json":{"title":"Datenerfassungssysteme und Messl\u00f6sungen | DEWETRON","description":"DEWETRON bietet hochwertige Datenerfassungssysteme und Messl\u00f6sungen, ideal zugeschnitten auf Ihre spezifische Anwendung und Anforderung.","robots":{"index":"index","follow":"follow","max-snippet":"max-snippet:-1","max-image-preview":"max-image-preview:large","max-video-preview":"max-video-preview:-1"},"canonical":"https:\/\/www.dewetron.com\/de\/loesungen\/","og_locale":"de_DE","og_type":"article","og_title":"L\u00f6sungen","og_description":"DEWETRON bietet hochwertige Datenerfassungssysteme und Messl\u00f6sungen, ideal zugeschnitten auf Ihre spezifische Anwendung und Anforderung.","og_url":"https:\/\/www.dewetron.com\/de\/loesungen\/","og_site_name":"DEWETRON","article_publisher":"https:\/\/www.facebook.com\/dewetron.gmbh","article_modified_time":"2025-08-04T09:09:06+00:00","twitter_card":"summary_large_image","twitter_misc":{"Est. reading time":"1 minute"},"schema":{"@context":"https:\/\/schema.org","@graph":[{"@type":"WebPage","@id":"https:\/\/www.dewetron.com\/de\/loesungen\/","url":"https:\/\/www.dewetron.com\/de\/loesungen\/","name":"Datenerfassungssysteme und Messl\u00f6sungen | DEWETRON","isPartOf":{"@id":"https:\/\/www.dewetron.com\/de\/#website"},"datePublished":"2024-05-27T10:00:11+00:00","dateModified":"2025-08-04T09:09:06+00:00","description":"DEWETRON bietet hochwertige Datenerfassungssysteme und Messl\u00f6sungen, ideal zugeschnitten auf Ihre spezifische Anwendung und Anforderung.","breadcrumb":{"@id":"https:\/\/www.dewetron.com\/de\/loesungen\/#breadcrumb"},"inLanguage":"de-DE","potentialAction":[{"@type":"ReadAction","target":["https:\/\/www.dewetron.com\/de\/loesungen\/"]}]},{"@type":"BreadcrumbList","@id":"https:\/\/www.dewetron.com\/de\/loesungen\/#breadcrumb","itemListElement":[{"@type":"ListItem","position":1,"name":"Home","item":"https:\/\/www.dewetron.com\/de\/"},{"@type":"ListItem","position":2,"name":"L\u00f6sungen"}]},{"@type":"WebSite","@id":"https:\/\/www.dewetron.com\/de\/#website","url":"https:\/\/www.dewetron.com\/de\/","name":"DEWETRON","description":"","publisher":{"@id":"https:\/\/www.dewetron.com\/de\/#organization"},"potentialAction":[{"@type":"SearchAction","target":{"@type":"EntryPoint","urlTemplate":"https:\/\/www.dewetron.com\/de\/?s={search_term_string}"},"query-input":{"@type":"PropertyValueSpecification","valueRequired":true,"valueName":"search_term_string"}}],"inLanguage":"de-DE"},{"@type":"Organization","@id":"https:\/\/www.dewetron.com\/de\/#organization","name":"DEWETRON","url":"https:\/\/www.dewetron.com\/de\/","logo":{"@type":"ImageObject","inLanguage":"de-DE","@id":"https:\/\/www.dewetron.com\/de\/#\/schema\/logo\/image\/","url":"https:\/\/www.dewetron.com\/app\/uploads\/2024\/08\/DEWETRON-logo-text-and-image.png","contentUrl":"https:\/\/www.dewetron.com\/app\/uploads\/2024\/08\/DEWETRON-logo-text-and-image.png","width":900,"height":979,"caption":"DEWETRON"},"image":{"@id":"https:\/\/www.dewetron.com\/de\/#\/schema\/logo\/image\/"},"sameAs":["https:\/\/www.facebook.com\/dewetron.gmbh","https:\/\/www.linkedin.com\/company\/dewetron\/","https:\/\/www.instagram.com\/wearedewetron\/","https:\/\/www.youtube.com\/channel\/UCE76NeVVgWF65etH8E1bOog"]}]}},"_links":{"self":[{"href":"https:\/\/www.dewetron.com\/de\/wp-json\/wp\/v2\/pages\/48286","targetHints":{"allow":["GET"]}}],"collection":[{"href":"https:\/\/www.dewetron.com\/de\/wp-json\/wp\/v2\/pages"}],"about":[{"href":"https:\/\/www.dewetron.com\/de\/wp-json\/wp\/v2\/types\/page"}],"author":[{"embeddable":true,"href":"https:\/\/www.dewetron.com\/de\/wp-json\/wp\/v2\/users\/2"}],"replies":[{"embeddable":true,"href":"https:\/\/www.dewetron.com\/de\/wp-json\/wp\/v2\/comments?post=48286"}],"version-history":[{"count":18,"href":"https:\/\/www.dewetron.com\/de\/wp-json\/wp\/v2\/pages\/48286\/revisions"}],"predecessor-version":[{"id":60092,"href":"https:\/\/www.dewetron.com\/de\/wp-json\/wp\/v2\/pages\/48286\/revisions\/60092"}],"wp:attachment":[{"href":"https:\/\/www.dewetron.com\/de\/wp-json\/wp\/v2\/media?parent=48286"}],"curies":[{"name":"wp","href":"https:\/\/api.w.org\/{rel}","templated":true}]}}