{"id":48209,"date":"2024-09-18T09:19:28","date_gmt":"2024-09-18T09:19:28","guid":{"rendered":"https:\/\/www.dewetron.com\/?page_id=48209"},"modified":"2025-08-08T10:22:28","modified_gmt":"2025-08-08T10:22:28","slug":"miet-service","status":"publish","type":"page","link":"https:\/\/www.dewetron.com\/de\/support\/miet-service\/","title":{"rendered":"Mietservice"},"content":{"rendered":"<div id=\"\" class=\"wp-block-product-filter-hero margin-bottom-normal\">\n  <div class=\"container-fluid hero-section hero-wrapper p-0\">\n      <div class=\"position-relative\">\n          <!-- Diagonal Background -->\n          <div class=\"diagonal-bg  bg-midblue  d-none d-lg-block\"><\/div>\n        <div class=\"container\">\n          <div class=\"row main-content pt-7 pb-9\">\n            <div class=\"col-lg-6 offset-lg-1 image-content align-content-center download px-3 px-xl-0 px-xxl-0 order-lg-2 mb-5 mb-lg-0\">\n                                  <picture>\n                        <source\n                media=\"(max-width: 768px)\"\n                srcset=\"https:\/\/www.dewetron.com\/app\/uploads\/2024\/10\/rent-or-lease-data-acquisition-system-768x597.jpg, https:\/\/www.dewetron.com\/app\/uploads\/2024\/10\/rent-or-lease-data-acquisition-system.jpg 2x\"\n            \/>\n                    <source\n                media=\"(max-width: 900px)\"\n                srcset=\"https:\/\/www.dewetron.com\/app\/uploads\/2024\/10\/rent-or-lease-data-acquisition-system.jpg, https:\/\/www.dewetron.com\/app\/uploads\/2024\/10\/rent-or-lease-data-acquisition-system.jpg 2x\"\n            \/>\n                    <source\n                media=\"(max-width: 900px)\"\n                srcset=\"https:\/\/www.dewetron.com\/app\/uploads\/2024\/10\/rent-or-lease-data-acquisition-system.jpg, https:\/\/www.dewetron.com\/app\/uploads\/2024\/10\/rent-or-lease-data-acquisition-system.jpg 2x\"\n            \/>\n                    <source\n                media=\"(max-width: 900px)\"\n                srcset=\"https:\/\/www.dewetron.com\/app\/uploads\/2024\/10\/rent-or-lease-data-acquisition-system.jpg, https:\/\/www.dewetron.com\/app\/uploads\/2024\/10\/rent-or-lease-data-acquisition-system.jpg 2x\"\n            \/>\n                <img decoding=\"async\"\n        class=\"img-fluid\" size=\"full\" loading=\"eager\"\n        src=\"https:\/\/www.dewetron.com\/app\/uploads\/2024\/10\/rent-or-lease-data-acquisition-system.jpg\"\n        alt=\"\"\n        title=\"\"\n        loading=\"lazy\"\n                    onerror=\"this.src = 'https:\/\/www.dewetron.com\/app\/themes\/dewetron\/public\/images\/fallback.8952c5.jpg'\"\n            >\n<\/picture>\n                                                        <\/div>\n            <div class=\"col-lg-5 text-content text-light order-lg-1\">\n                  <div class=\"hero-header-text content-wrapper\">\n  <div class=\"content\">\n          <div class=\"kicker mb-2\">\n          DEWETRON SERVICE\n      <\/div>\n              <h3 class=\"h1\">MIETEN ODER LEASEN SIE IHR DEWETRON-SYSTEM<br \/>\r\n<\/h1>\n                  <h4 class=\"text mb-5\">\n          <p>Entdecken Sie unsere flexiblen Miet- und Leasingangebote. Egal, ob Sie ein kurzfristiges Projekt planen oder langfristige L\u00f6sungen ben\u00f6tigen, wir bieten Ihnen Systeme, die auf Ihre spezifischen Bed\u00fcrfnisse zugeschnitten sind und eine pr\u00e4zise und zuverl\u00e4ssige Datenerfassung gew\u00e4hrleisten.<\/p>\n\n      <\/h4>\n              <div class=\"link-button d-flex flex-wrap\">\n                              <\/div>\n      <\/div>\n<\/div>\n            <\/div>\n          <\/div>\n        <\/div>\n      <\/div>\n  <\/div>\n<\/div>\n\n\n<div\n        id=\"\"\n        class=\"wp-block-image-text-links  variant-2 margin-bottom-normal\n    \"\n    >\n        <div class=\"container\">\n            <div class=\"row  align-items-center \">\n                                <div\n                    class=\"text-col mb-3 mb-md-0 col-12 col-md-5\n         offset-md-1                 \">\n                                            <h2>MIETEN SIE IHR DEWETRON DAQ SYSTEM<\/h2>\n                                                                <p>Die Miete eines DEWETRON Datenerfassungssystems ist ideal f\u00fcr kurzfristige Projekte oder wenn Sie nur tempor\u00e4r Zugang zu hochpr\u00e4ziser Messtechnik ben\u00f6tigen. Mit den monatlichen Mietoptionen w\u00e4hlen Sie die genaue Systemkonfiguration, die Ihren Anforderungen am besten entspricht \u2013 ohne langfristige Verpflichtungen. Alle Mietger\u00e4te werden von uns gewartet und kalibriert, um optimale Leistung zu gew\u00e4hrleisten.<\/p>\n\n                                                        <\/div>\n                <div\n                    class=\"img-col col-12 col-md-6 mt-4 mt-md-0\n                        \">\n                    <picture>\n                        <source\n                media=\"(max-width: 768px)\"\n                srcset=\"https:\/\/www.dewetron.com\/app\/uploads\/2024\/10\/rent-a-dewetron-measurement-system-768x486.jpg, https:\/\/www.dewetron.com\/app\/uploads\/2024\/10\/rent-a-dewetron-measurement-system.jpg 2x\"\n            \/>\n                    <source\n                media=\"(max-width: 900px)\"\n                srcset=\"https:\/\/www.dewetron.com\/app\/uploads\/2024\/10\/rent-a-dewetron-measurement-system.jpg, https:\/\/www.dewetron.com\/app\/uploads\/2024\/10\/rent-a-dewetron-measurement-system.jpg 2x\"\n            \/>\n                    <source\n                media=\"(max-width: 900px)\"\n                srcset=\"https:\/\/www.dewetron.com\/app\/uploads\/2024\/10\/rent-a-dewetron-measurement-system.jpg, https:\/\/www.dewetron.com\/app\/uploads\/2024\/10\/rent-a-dewetron-measurement-system.jpg 2x\"\n            \/>\n                    <source\n                media=\"(max-width: 900px)\"\n                srcset=\"https:\/\/www.dewetron.com\/app\/uploads\/2024\/10\/rent-a-dewetron-measurement-system.jpg, https:\/\/www.dewetron.com\/app\/uploads\/2024\/10\/rent-a-dewetron-measurement-system.jpg 2x\"\n            \/>\n                <img decoding=\"async\"\n        class=\"img-fluid\" size=\"full\"\n        src=\"https:\/\/www.dewetron.com\/app\/uploads\/2024\/10\/rent-a-dewetron-measurement-system.jpg\"\n        alt=\"\"\n        title=\"\"\n        loading=\"lazy\"\n                    onerror=\"this.src = 'https:\/\/www.dewetron.com\/app\/themes\/dewetron\/public\/images\/fallback.8952c5.jpg'\"\n            >\n<\/picture>\n                <\/div>\n            <\/div>\n        <\/div>\n    <\/div>\n\n\n<div\n        id=\"\"\n        class=\"wp-block-image-text-links  variant-1 margin-bottom-small\n    \"\n    >\n        <div class=\"container\">\n            <div class=\"row  align-items-center \">\n                                <div\n                    class=\"text-col mb-3 mb-md-0 col-12 col-md-5\n                        \">\n                                            <h2>LEASEN SIE IHR DEWETRON MESSSYSTEM<\/h2>\n                                                                <p>Das Leasen eines DEWETRON Messsystems ist eine kosteneffiziente L\u00f6sung f\u00fcr langfristige Projekte. Flexible Vertragsbedingungen bieten Ihnen Zugang zu modernster Messtechnik, die exakt auf Ihre Spezifikationen abgestimmt ist. Mit unserem Lease-to-Buy-Modell k\u00f6nnen Sie das System bei Bedarf langfristig in Ihre Projekte einbinden.<\/p>\n\n                                                        <\/div>\n                <div\n                    class=\"img-col col-12 col-md-6 mt-4 mt-md-0\n       offset-md-1                   \">\n                    <picture>\n                        <source\n                media=\"(max-width: 768px)\"\n                srcset=\"https:\/\/www.dewetron.com\/app\/uploads\/2024\/10\/lease-a-measurement-system-768x486.jpg, https:\/\/www.dewetron.com\/app\/uploads\/2024\/10\/lease-a-measurement-system.jpg 2x\"\n            \/>\n                    <source\n                media=\"(max-width: 900px)\"\n                srcset=\"https:\/\/www.dewetron.com\/app\/uploads\/2024\/10\/lease-a-measurement-system.jpg, https:\/\/www.dewetron.com\/app\/uploads\/2024\/10\/lease-a-measurement-system.jpg 2x\"\n            \/>\n                    <source\n                media=\"(max-width: 900px)\"\n                srcset=\"https:\/\/www.dewetron.com\/app\/uploads\/2024\/10\/lease-a-measurement-system.jpg, https:\/\/www.dewetron.com\/app\/uploads\/2024\/10\/lease-a-measurement-system.jpg 2x\"\n            \/>\n                    <source\n                media=\"(max-width: 900px)\"\n                srcset=\"https:\/\/www.dewetron.com\/app\/uploads\/2024\/10\/lease-a-measurement-system.jpg, https:\/\/www.dewetron.com\/app\/uploads\/2024\/10\/lease-a-measurement-system.jpg 2x\"\n            \/>\n                <img decoding=\"async\"\n        class=\"img-fluid\" size=\"full\"\n        src=\"https:\/\/www.dewetron.com\/app\/uploads\/2024\/10\/lease-a-measurement-system.jpg\"\n        alt=\"\"\n        title=\"\"\n        loading=\"lazy\"\n                    onerror=\"this.src = 'https:\/\/www.dewetron.com\/app\/themes\/dewetron\/public\/images\/fallback.8952c5.jpg'\"\n            >\n<\/picture>\n                <\/div>\n            <\/div>\n        <\/div>\n    <\/div>\n\n\n<div id=\"\" class=\"wp-block-claim-links-gray margin-bottom-none\">\n  <div class=\"container-fluid bg-container py-7 bg-darkgray\">\n    <div class=\"container position-relative\">\n      <div class=\"claim col-12 col-lg-8 offset-lg-2 text-center text-light\">\n                  <h3 class=\"h3 text-uppercase\">SIND SIE AN DER MIETE ODER DEM LEASING EINES DEWETRON-SYSTEMS INTERESSIERT?<\/h3>\n                                  <div class=\"link-button d-flex flex-wrap mt-4 justify-content-center gap-4\">\n                          <a class=\"dewetron-btn\" href=\"https:\/\/www.dewetron.com\/de\/kontakt\/\" target=\"\">\n          \n      <span>KONTAKTIEREN SIE UNS F\u00dcR WEITER INFOS<\/span>\n      <\/a>\n                                              <\/div>\n              <\/div>\n    <\/div>\n    <div class=\"triangle-left\">\n      <svg width=\"473\" height=\"469\" viewBox=\"0 0 473 469\" fill=\"none\" xmlns=\"http:\/\/www.w3.org\/2000\/svg\">\n<path d=\"M323.984 352.833H79.0486L13.0728 467.099V468.52H390.784L323.984 352.833Z\" fill=\"#B0B0AF\"\/>\n<path d=\"M134.967 0L-68 351.55L-2.02418 465.84L-0.810036 466.55L268.545 0H134.967Z\" fill=\"#B0B0AF\"\/>\n<path d=\"M472.154 352.833L275.853 12.8511L209.053 128.515L405.354 468.52L472.154 352.833Z\" fill=\"#B0B0AF\"\/>\n<\/svg>    <\/div>\n    <div class=\"triangle-right\">\n      <svg width=\"462\" height=\"644\" viewBox=\"0 0 462 644\" fill=\"none\" xmlns=\"http:\/\/www.w3.org\/2000\/svg\">\n<path d=\"M538.396 484.622H201.974L111.355 641.569V643.52H630.148L538.396 484.622Z\" fill=\"#B0B0AF\"\/>\n<path d=\"M278.779 0L0 482.86L90.6189 639.839L92.2865 640.814L462.251 0H278.779Z\" fill=\"#B0B0AF\"\/>\n<path d=\"M741.911 484.622L472.288 17.6514L380.537 176.518L650.159 643.52L741.911 484.622Z\" fill=\"#B0B0AF\"\/>\n<\/svg>    <\/div>\n  <\/div>\n<\/div>\n","protected":false},"excerpt":{"rendered":"","protected":false},"author":6,"featured_media":0,"parent":48205,"menu_order":65,"comment_status":"closed","ping_status":"closed","template":"","meta":{"_acf_changed":false,"footnotes":""},"class_list":["post-48209","page","type-page","status-publish","hentry"],"acf":[],"yoast_head":"<!-- This site is optimized with the Yoast SEO Premium plugin v23.9 (Yoast SEO v27.2) - https:\/\/yoast.com\/product\/yoast-seo-premium-wordpress\/ -->\n<title>Mietservice f\u00fcr DEWETRON Messsysteme<\/title>\n<meta name=\"description\" content=\"Mieten oder leasen Sie Ihr ma\u00dfgeschneidertes DEWETRON-Messsystem mit unserem flexiblen Kurz- oder Langzeitmiet- und Leasing-Service.\" \/>\n<meta name=\"robots\" content=\"index, follow, max-snippet:-1, max-image-preview:large, max-video-preview:-1\" \/>\n<link rel=\"canonical\" href=\"https:\/\/www.dewetron.com\/de\/support\/miet-service\/\" \/>\n<meta property=\"og:locale\" content=\"de_DE\" \/>\n<meta property=\"og:type\" content=\"article\" \/>\n<meta property=\"og:title\" content=\"Mietservice\" \/>\n<meta property=\"og:description\" content=\"Mieten oder leasen Sie Ihr ma\u00dfgeschneidertes DEWETRON-Messsystem mit unserem flexiblen Kurz- oder Langzeitmiet- und Leasing-Service.\" \/>\n<meta property=\"og:url\" content=\"https:\/\/www.dewetron.com\/de\/support\/miet-service\/\" \/>\n<meta property=\"og:site_name\" content=\"DEWETRON\" \/>\n<meta property=\"article:publisher\" content=\"https:\/\/www.facebook.com\/dewetron.gmbh\" \/>\n<meta property=\"article:modified_time\" content=\"2025-08-08T10:22:28+00:00\" \/>\n<meta name=\"twitter:card\" content=\"summary_large_image\" \/>\n<meta name=\"twitter:label1\" content=\"Est. reading time\" \/>\n\t<meta name=\"twitter:data1\" content=\"1 minute\" \/>\n<script type=\"application\/ld+json\" class=\"yoast-schema-graph\">{\"@context\":\"https:\/\/schema.org\",\"@graph\":[{\"@type\":\"WebPage\",\"@id\":\"https:\/\/www.dewetron.com\/de\/support\/miet-service\/\",\"url\":\"https:\/\/www.dewetron.com\/de\/support\/miet-service\/\",\"name\":\"Mietservice f\u00fcr DEWETRON Messsysteme\",\"isPartOf\":{\"@id\":\"https:\/\/www.dewetron.com\/de\/#website\"},\"datePublished\":\"2024-09-18T09:19:28+00:00\",\"dateModified\":\"2025-08-08T10:22:28+00:00\",\"description\":\"Mieten oder leasen Sie Ihr ma\u00dfgeschneidertes DEWETRON-Messsystem mit unserem flexiblen Kurz- oder Langzeitmiet- und Leasing-Service.\",\"breadcrumb\":{\"@id\":\"https:\/\/www.dewetron.com\/de\/support\/miet-service\/#breadcrumb\"},\"inLanguage\":\"de-DE\",\"potentialAction\":[{\"@type\":\"ReadAction\",\"target\":[\"https:\/\/www.dewetron.com\/de\/support\/miet-service\/\"]}]},{\"@type\":\"BreadcrumbList\",\"@id\":\"https:\/\/www.dewetron.com\/de\/support\/miet-service\/#breadcrumb\",\"itemListElement\":[{\"@type\":\"ListItem\",\"position\":1,\"name\":\"Home\",\"item\":\"https:\/\/www.dewetron.com\/de\/\"},{\"@type\":\"ListItem\",\"position\":2,\"name\":\"Support\",\"item\":\"https:\/\/www.dewetron.com\/de\/support\/\"},{\"@type\":\"ListItem\",\"position\":3,\"name\":\"Mietservice\"}]},{\"@type\":\"WebSite\",\"@id\":\"https:\/\/www.dewetron.com\/de\/#website\",\"url\":\"https:\/\/www.dewetron.com\/de\/\",\"name\":\"DEWETRON\",\"description\":\"\",\"publisher\":{\"@id\":\"https:\/\/www.dewetron.com\/de\/#organization\"},\"potentialAction\":[{\"@type\":\"SearchAction\",\"target\":{\"@type\":\"EntryPoint\",\"urlTemplate\":\"https:\/\/www.dewetron.com\/de\/?s={search_term_string}\"},\"query-input\":{\"@type\":\"PropertyValueSpecification\",\"valueRequired\":true,\"valueName\":\"search_term_string\"}}],\"inLanguage\":\"de-DE\"},{\"@type\":\"Organization\",\"@id\":\"https:\/\/www.dewetron.com\/de\/#organization\",\"name\":\"DEWETRON\",\"url\":\"https:\/\/www.dewetron.com\/de\/\",\"logo\":{\"@type\":\"ImageObject\",\"inLanguage\":\"de-DE\",\"@id\":\"https:\/\/www.dewetron.com\/de\/#\/schema\/logo\/image\/\",\"url\":\"https:\/\/www.dewetron.com\/app\/uploads\/2024\/08\/DEWETRON-logo-text-and-image.png\",\"contentUrl\":\"https:\/\/www.dewetron.com\/app\/uploads\/2024\/08\/DEWETRON-logo-text-and-image.png\",\"width\":900,\"height\":979,\"caption\":\"DEWETRON\"},\"image\":{\"@id\":\"https:\/\/www.dewetron.com\/de\/#\/schema\/logo\/image\/\"},\"sameAs\":[\"https:\/\/www.facebook.com\/dewetron.gmbh\",\"https:\/\/www.linkedin.com\/company\/dewetron\/\",\"https:\/\/www.instagram.com\/wearedewetron\/\",\"https:\/\/www.youtube.com\/channel\/UCE76NeVVgWF65etH8E1bOog\"]}]}<\/script>\n<!-- \/ Yoast SEO Premium plugin. -->","yoast_head_json":{"title":"Mietservice f\u00fcr DEWETRON Messsysteme","description":"Mieten oder leasen Sie Ihr ma\u00dfgeschneidertes DEWETRON-Messsystem mit unserem flexiblen Kurz- oder Langzeitmiet- und Leasing-Service.","robots":{"index":"index","follow":"follow","max-snippet":"max-snippet:-1","max-image-preview":"max-image-preview:large","max-video-preview":"max-video-preview:-1"},"canonical":"https:\/\/www.dewetron.com\/de\/support\/miet-service\/","og_locale":"de_DE","og_type":"article","og_title":"Mietservice","og_description":"Mieten oder leasen Sie Ihr ma\u00dfgeschneidertes DEWETRON-Messsystem mit unserem flexiblen Kurz- oder Langzeitmiet- und Leasing-Service.","og_url":"https:\/\/www.dewetron.com\/de\/support\/miet-service\/","og_site_name":"DEWETRON","article_publisher":"https:\/\/www.facebook.com\/dewetron.gmbh","article_modified_time":"2025-08-08T10:22:28+00:00","twitter_card":"summary_large_image","twitter_misc":{"Est. reading time":"1 minute"},"schema":{"@context":"https:\/\/schema.org","@graph":[{"@type":"WebPage","@id":"https:\/\/www.dewetron.com\/de\/support\/miet-service\/","url":"https:\/\/www.dewetron.com\/de\/support\/miet-service\/","name":"Mietservice f\u00fcr DEWETRON Messsysteme","isPartOf":{"@id":"https:\/\/www.dewetron.com\/de\/#website"},"datePublished":"2024-09-18T09:19:28+00:00","dateModified":"2025-08-08T10:22:28+00:00","description":"Mieten oder leasen Sie Ihr ma\u00dfgeschneidertes DEWETRON-Messsystem mit unserem flexiblen Kurz- oder Langzeitmiet- und Leasing-Service.","breadcrumb":{"@id":"https:\/\/www.dewetron.com\/de\/support\/miet-service\/#breadcrumb"},"inLanguage":"de-DE","potentialAction":[{"@type":"ReadAction","target":["https:\/\/www.dewetron.com\/de\/support\/miet-service\/"]}]},{"@type":"BreadcrumbList","@id":"https:\/\/www.dewetron.com\/de\/support\/miet-service\/#breadcrumb","itemListElement":[{"@type":"ListItem","position":1,"name":"Home","item":"https:\/\/www.dewetron.com\/de\/"},{"@type":"ListItem","position":2,"name":"Support","item":"https:\/\/www.dewetron.com\/de\/support\/"},{"@type":"ListItem","position":3,"name":"Mietservice"}]},{"@type":"WebSite","@id":"https:\/\/www.dewetron.com\/de\/#website","url":"https:\/\/www.dewetron.com\/de\/","name":"DEWETRON","description":"","publisher":{"@id":"https:\/\/www.dewetron.com\/de\/#organization"},"potentialAction":[{"@type":"SearchAction","target":{"@type":"EntryPoint","urlTemplate":"https:\/\/www.dewetron.com\/de\/?s={search_term_string}"},"query-input":{"@type":"PropertyValueSpecification","valueRequired":true,"valueName":"search_term_string"}}],"inLanguage":"de-DE"},{"@type":"Organization","@id":"https:\/\/www.dewetron.com\/de\/#organization","name":"DEWETRON","url":"https:\/\/www.dewetron.com\/de\/","logo":{"@type":"ImageObject","inLanguage":"de-DE","@id":"https:\/\/www.dewetron.com\/de\/#\/schema\/logo\/image\/","url":"https:\/\/www.dewetron.com\/app\/uploads\/2024\/08\/DEWETRON-logo-text-and-image.png","contentUrl":"https:\/\/www.dewetron.com\/app\/uploads\/2024\/08\/DEWETRON-logo-text-and-image.png","width":900,"height":979,"caption":"DEWETRON"},"image":{"@id":"https:\/\/www.dewetron.com\/de\/#\/schema\/logo\/image\/"},"sameAs":["https:\/\/www.facebook.com\/dewetron.gmbh","https:\/\/www.linkedin.com\/company\/dewetron\/","https:\/\/www.instagram.com\/wearedewetron\/","https:\/\/www.youtube.com\/channel\/UCE76NeVVgWF65etH8E1bOog"]}]}},"_links":{"self":[{"href":"https:\/\/www.dewetron.com\/de\/wp-json\/wp\/v2\/pages\/48209","targetHints":{"allow":["GET"]}}],"collection":[{"href":"https:\/\/www.dewetron.com\/de\/wp-json\/wp\/v2\/pages"}],"about":[{"href":"https:\/\/www.dewetron.com\/de\/wp-json\/wp\/v2\/types\/page"}],"author":[{"embeddable":true,"href":"https:\/\/www.dewetron.com\/de\/wp-json\/wp\/v2\/users\/6"}],"replies":[{"embeddable":true,"href":"https:\/\/www.dewetron.com\/de\/wp-json\/wp\/v2\/comments?post=48209"}],"version-history":[{"count":5,"href":"https:\/\/www.dewetron.com\/de\/wp-json\/wp\/v2\/pages\/48209\/revisions"}],"predecessor-version":[{"id":53489,"href":"https:\/\/www.dewetron.com\/de\/wp-json\/wp\/v2\/pages\/48209\/revisions\/53489"}],"up":[{"embeddable":true,"href":"https:\/\/www.dewetron.com\/de\/wp-json\/wp\/v2\/pages\/48205"}],"wp:attachment":[{"href":"https:\/\/www.dewetron.com\/de\/wp-json\/wp\/v2\/media?parent=48209"}],"curies":[{"name":"wp","href":"https:\/\/api.w.org\/{rel}","templated":true}]}}