{"id":48207,"date":"2024-09-18T09:03:23","date_gmt":"2024-09-18T09:03:23","guid":{"rendered":"https:\/\/www.dewetron.com\/?page_id=48207"},"modified":"2025-08-08T10:16:28","modified_gmt":"2025-08-08T10:16:28","slug":"reparatur-wartung-upgrade","status":"publish","type":"page","link":"https:\/\/www.dewetron.com\/de\/support\/reparatur-wartung-upgrade\/","title":{"rendered":"Reparatur, Wartung &amp; Upgrade"},"content":{"rendered":"<div id=\"\" class=\"wp-block-product-filter-hero margin-bottom-normal\">\n  <div class=\"container-fluid hero-section hero-wrapper p-0\">\n      <div class=\"position-relative\">\n          <!-- Diagonal Background -->\n          <div class=\"diagonal-bg  bg-midblue  d-none d-lg-block\"><\/div>\n        <div class=\"container\">\n          <div class=\"row main-content pt-7 pb-9\">\n            <div class=\"col-lg-6 offset-lg-1 image-content align-content-center download px-3 px-xl-0 px-xxl-0 order-lg-2 mb-5 mb-lg-0\">\n                                  <picture>\n                        <source\n                media=\"(max-width: 768px)\"\n                srcset=\"https:\/\/www.dewetron.com\/app\/uploads\/2024\/10\/support-repair-dewetron2-768x597.jpg, https:\/\/www.dewetron.com\/app\/uploads\/2024\/10\/support-repair-dewetron2.jpg 2x\"\n            \/>\n                    <source\n                media=\"(max-width: 900px)\"\n                srcset=\"https:\/\/www.dewetron.com\/app\/uploads\/2024\/10\/support-repair-dewetron2.jpg, https:\/\/www.dewetron.com\/app\/uploads\/2024\/10\/support-repair-dewetron2.jpg 2x\"\n            \/>\n                    <source\n                media=\"(max-width: 900px)\"\n                srcset=\"https:\/\/www.dewetron.com\/app\/uploads\/2024\/10\/support-repair-dewetron2.jpg, https:\/\/www.dewetron.com\/app\/uploads\/2024\/10\/support-repair-dewetron2.jpg 2x\"\n            \/>\n                    <source\n                media=\"(max-width: 900px)\"\n                srcset=\"https:\/\/www.dewetron.com\/app\/uploads\/2024\/10\/support-repair-dewetron2.jpg, https:\/\/www.dewetron.com\/app\/uploads\/2024\/10\/support-repair-dewetron2.jpg 2x\"\n            \/>\n                <img decoding=\"async\"\n        class=\"img-fluid\" size=\"full\" loading=\"eager\"\n        src=\"https:\/\/www.dewetron.com\/app\/uploads\/2024\/10\/support-repair-dewetron2.jpg\"\n        alt=\"\"\n        title=\"\"\n        loading=\"lazy\"\n                    onerror=\"this.src = 'https:\/\/www.dewetron.com\/app\/themes\/dewetron\/public\/images\/fallback.8952c5.jpg'\"\n            >\n<\/picture>\n                                                        <\/div>\n            <div class=\"col-lg-5 text-content text-light order-lg-1\">\n                  <div class=\"hero-header-text content-wrapper\">\n  <div class=\"content\">\n          <div class=\"kicker mb-2\">\n          DEWETRON SERVICE\n      <\/div>\n              <h3 class=\"h1\">REPARATUR, WARTUNG UND UPGRADE<\/h1>\n              <h1 class=\"h3\">Rundum-Service f\u00fcr Ihr DEWETRON-System<\/h3>\n              <h4 class=\"text mb-5\">\n          <p>Wir bieten umfassende Services, um Ihre Messsysteme in einwandfreiem Zustand zu halten. Ob Wartung, Fehlerbehebung, Reparaturen oder System-Upgrades \u2013 unser Expertenteam liefert Ihnen zeitnah ma\u00dfgeschneiderte L\u00f6sungen.<\/p>\n\n      <\/h4>\n              <div class=\"link-button d-flex flex-wrap\">\n                  <a class=\"dewetron-btn\" href=\"https:\/\/ccc.dewetron.com\/rma\" target=\"_blank\">\n          \n      <span>ZUM RMA-FORMULAR<\/span>\n      <\/a>\n                              <\/div>\n      <\/div>\n<\/div>\n            <\/div>\n          <\/div>\n        <\/div>\n      <\/div>\n  <\/div>\n<\/div>\n\n\n<div\n        id=\"\"\n        class=\"wp-block-image-text-links  variant-2 margin-bottom-normal\n    \"\n    >\n        <div class=\"container\">\n            <div class=\"row  align-items-center \">\n                                <div\n                    class=\"text-col mb-3 mb-md-0 col-12 col-md-5\n         offset-md-1                 \">\n                                            <h2>WARTUNGSSERVICE<\/h2>\n                                                                <p>DEWETRON bietet eine umfassende Hardware- und Softwarewartung, um Ihr System stets in Bestform zu halten. Unsere Services umfassen Reinigung, Austausch von Filtern und L\u00fcftern, Updates f\u00fcr BIOS, Firmware und Treiber, umfassende Systemtests und vieles mehr. So bleibt Ihre Ausr\u00fcstung auf dem neuesten Stand, arbeitet zuverl\u00e4ssig und minimiert Ausfallzeiten.<\/p>\n\n                                                        <\/div>\n                <div\n                    class=\"img-col col-12 col-md-6 mt-4 mt-md-0\n                        \">\n                    <picture>\n                        <source\n                media=\"(max-width: 768px)\"\n                srcset=\"https:\/\/www.dewetron.com\/app\/uploads\/2024\/10\/maintainance-768x486.jpg, https:\/\/www.dewetron.com\/app\/uploads\/2024\/10\/maintainance.jpg 2x\"\n            \/>\n                    <source\n                media=\"(max-width: 900px)\"\n                srcset=\"https:\/\/www.dewetron.com\/app\/uploads\/2024\/10\/maintainance.jpg, https:\/\/www.dewetron.com\/app\/uploads\/2024\/10\/maintainance.jpg 2x\"\n            \/>\n                    <source\n                media=\"(max-width: 900px)\"\n                srcset=\"https:\/\/www.dewetron.com\/app\/uploads\/2024\/10\/maintainance.jpg, https:\/\/www.dewetron.com\/app\/uploads\/2024\/10\/maintainance.jpg 2x\"\n            \/>\n                    <source\n                media=\"(max-width: 900px)\"\n                srcset=\"https:\/\/www.dewetron.com\/app\/uploads\/2024\/10\/maintainance.jpg, https:\/\/www.dewetron.com\/app\/uploads\/2024\/10\/maintainance.jpg 2x\"\n            \/>\n                <img decoding=\"async\"\n        class=\"img-fluid\" size=\"full\"\n        src=\"https:\/\/www.dewetron.com\/app\/uploads\/2024\/10\/maintainance.jpg\"\n        alt=\"\"\n        title=\"\"\n        loading=\"lazy\"\n                    onerror=\"this.src = 'https:\/\/www.dewetron.com\/app\/themes\/dewetron\/public\/images\/fallback.8952c5.jpg'\"\n            >\n<\/picture>\n                <\/div>\n            <\/div>\n        <\/div>\n    <\/div>\n\n\n<div\n        id=\"\"\n        class=\"wp-block-image-text-links  variant-1 margin-bottom-normal\n    \"\n    >\n        <div class=\"container\">\n            <div class=\"row  align-items-center \">\n                                <div\n                    class=\"text-col mb-3 mb-md-0 col-12 col-md-5\n                        \">\n                                            <h2>REPARATURSERVICE<\/h2>\n                                                                <p>Unser Reparaturservice \u00fcberzeugt durch kurze Bearbeitungszeiten und \u00fcbernommene Lieferkosten. Unsere Expert:innen pr\u00fcfen Ihr System gr\u00fcndlich und bringen es schnell wieder in Top-Zustand. Profitieren Sie von fachgerechten Reparaturen und einem reibungslosen Ablauf. Kontaktieren Sie unser Team f\u00fcr weitere Informationen.<\/p>\n\n                                                        <\/div>\n                <div\n                    class=\"img-col col-12 col-md-6 mt-4 mt-md-0\n       offset-md-1                   \">\n                    <picture>\n                        <source\n                media=\"(max-width: 768px)\"\n                srcset=\"https:\/\/www.dewetron.com\/app\/uploads\/2024\/10\/repair-768x486.jpg, https:\/\/www.dewetron.com\/app\/uploads\/2024\/10\/repair.jpg 2x\"\n            \/>\n                    <source\n                media=\"(max-width: 900px)\"\n                srcset=\"https:\/\/www.dewetron.com\/app\/uploads\/2024\/10\/repair.jpg, https:\/\/www.dewetron.com\/app\/uploads\/2024\/10\/repair.jpg 2x\"\n            \/>\n                    <source\n                media=\"(max-width: 900px)\"\n                srcset=\"https:\/\/www.dewetron.com\/app\/uploads\/2024\/10\/repair.jpg, https:\/\/www.dewetron.com\/app\/uploads\/2024\/10\/repair.jpg 2x\"\n            \/>\n                    <source\n                media=\"(max-width: 900px)\"\n                srcset=\"https:\/\/www.dewetron.com\/app\/uploads\/2024\/10\/repair.jpg, https:\/\/www.dewetron.com\/app\/uploads\/2024\/10\/repair.jpg 2x\"\n            \/>\n                <img decoding=\"async\"\n        class=\"img-fluid\" size=\"full\"\n        src=\"https:\/\/www.dewetron.com\/app\/uploads\/2024\/10\/repair.jpg\"\n        alt=\"\"\n        title=\"\"\n        loading=\"lazy\"\n                    onerror=\"this.src = 'https:\/\/www.dewetron.com\/app\/themes\/dewetron\/public\/images\/fallback.8952c5.jpg'\"\n            >\n<\/picture>\n                <\/div>\n            <\/div>\n        <\/div>\n    <\/div>\n\n\n<div\n        id=\"rma\"\n        class=\"wp-block-image-text-links  variant-1 margin-bottom-normal\n   text-light light    bg-midblue \"\n    >\n        <div class=\"container\">\n            <div class=\"row  align-items-center \">\n                                <div\n                    class=\"text-col mb-3 mb-md-0 col-12 col-md-5\n                        \">\n                                            <h2>SIE M\u00d6CHTEN IHR GER\u00c4T EINSENDEN?<\/h2>\n                                                                <p>M\u00fcssen Sie Ihr DEWETRON-System zur Reparatur schicken? Kein Problem! F\u00fcllen Sie einfach ein kurzes Formular aus und versehen Sie Ihr Paket mit unserer RMA-Nummer. So k\u00f6nnen wir den Service sofort starten, ohne zus\u00e4tzliche Informationen von Ihnen anzufordern.<\/p>\n\n                                                                <div class=\"mt-md-5\">\n                            <div class=\"links d-flex flex-row flex-wrap\">\n                                                                    <a class=\"btn dewetron-btn dewetron-btn\" href=\"https:\/\/ccc.dewetron.com\/rma\" target=\"_blank\">\n          \n      <span>RMA-PROZESS STARTEN<\/span>\n      <\/a>\n                                                                                            <\/div>\n                        <\/div>\n                                    <\/div>\n                <div\n                    class=\"img-col col-12 col-md-6 mt-4 mt-md-0\n       offset-md-1                   \">\n                    <picture>\n                        <source\n                media=\"(max-width: 768px)\"\n                srcset=\"https:\/\/www.dewetron.com\/app\/uploads\/2024\/10\/icon-rma-768x341.png, https:\/\/www.dewetron.com\/app\/uploads\/2024\/10\/icon-rma.png 2x\"\n            \/>\n                    <source\n                media=\"(max-width: 938px)\"\n                srcset=\"https:\/\/www.dewetron.com\/app\/uploads\/2024\/10\/icon-rma.png, https:\/\/www.dewetron.com\/app\/uploads\/2024\/10\/icon-rma.png 2x\"\n            \/>\n                    <source\n                media=\"(max-width: 938px)\"\n                srcset=\"https:\/\/www.dewetron.com\/app\/uploads\/2024\/10\/icon-rma.png, https:\/\/www.dewetron.com\/app\/uploads\/2024\/10\/icon-rma.png 2x\"\n            \/>\n                    <source\n                media=\"(max-width: 938px)\"\n                srcset=\"https:\/\/www.dewetron.com\/app\/uploads\/2024\/10\/icon-rma.png, https:\/\/www.dewetron.com\/app\/uploads\/2024\/10\/icon-rma.png 2x\"\n            \/>\n                <img decoding=\"async\"\n        class=\"img-fluid\" size=\"full\"\n        src=\"https:\/\/www.dewetron.com\/app\/uploads\/2024\/10\/icon-rma.png\"\n        alt=\"\"\n        title=\"\"\n        loading=\"lazy\"\n                    onerror=\"this.src = 'https:\/\/www.dewetron.com\/app\/themes\/dewetron\/public\/images\/fallback.8952c5.jpg'\"\n            >\n<\/picture>\n                <\/div>\n            <\/div>\n        <\/div>\n    <\/div>\n\n\n<div\n        id=\"\"\n        class=\"wp-block-image-text-links  variant-1 margin-bottom-normal\n    \"\n    >\n        <div class=\"container\">\n            <div class=\"row  align-items-center \">\n                                <div\n                    class=\"text-col mb-3 mb-md-0 col-12 col-md-5\n                        \">\n                                            <h2>UPGRADE-SERVICE<br \/>\r\n<\/h2>\n                                                                <p>Halten Sie Ihre Ausr\u00fcstung mit unserem Upgrade-Service auf dem neuesten Stand der Technik. Wir aktualisieren die Computerkomponenten, konfigurieren Ihr System und senden es einsatzbereit zur\u00fcck. Regelm\u00e4\u00dfige Upgrades verl\u00e4ngern die Lebensdauer Ihrer Systeme und sch\u00fctzen Ihre Investition.<\/p>\n\n                                                        <\/div>\n                <div\n                    class=\"img-col col-12 col-md-6 mt-4 mt-md-0\n       offset-md-1                   \">\n                    <picture>\n                        <source\n                media=\"(max-width: 768px)\"\n                srcset=\"https:\/\/www.dewetron.com\/app\/uploads\/2024\/10\/upgrade-768x486.jpg, https:\/\/www.dewetron.com\/app\/uploads\/2024\/10\/upgrade.jpg 2x\"\n            \/>\n                    <source\n                media=\"(max-width: 900px)\"\n                srcset=\"https:\/\/www.dewetron.com\/app\/uploads\/2024\/10\/upgrade.jpg, https:\/\/www.dewetron.com\/app\/uploads\/2024\/10\/upgrade.jpg 2x\"\n            \/>\n                    <source\n                media=\"(max-width: 900px)\"\n                srcset=\"https:\/\/www.dewetron.com\/app\/uploads\/2024\/10\/upgrade.jpg, https:\/\/www.dewetron.com\/app\/uploads\/2024\/10\/upgrade.jpg 2x\"\n            \/>\n                    <source\n                media=\"(max-width: 900px)\"\n                srcset=\"https:\/\/www.dewetron.com\/app\/uploads\/2024\/10\/upgrade.jpg, https:\/\/www.dewetron.com\/app\/uploads\/2024\/10\/upgrade.jpg 2x\"\n            \/>\n                <img decoding=\"async\"\n        class=\"img-fluid\" size=\"full\"\n        src=\"https:\/\/www.dewetron.com\/app\/uploads\/2024\/10\/upgrade.jpg\"\n        alt=\"\"\n        title=\"\"\n        loading=\"lazy\"\n                    onerror=\"this.src = 'https:\/\/www.dewetron.com\/app\/themes\/dewetron\/public\/images\/fallback.8952c5.jpg'\"\n            >\n<\/picture>\n                <\/div>\n            <\/div>\n        <\/div>\n    <\/div>\n\n\n<div id=\"\" class=\"wp-block-claim-links-gray margin-bottom-none\">\n  <div class=\"container-fluid bg-container py-7 bg-darkgray\">\n    <div class=\"container position-relative\">\n      <div class=\"claim col-12 col-lg-8 offset-lg-2 text-center text-light\">\n                  <h3 class=\"h3 text-uppercase\">SIE M\u00d6CHTEN WEITERE INFORMATIONEN ERHALTEN ODER BEN\u00d6TIGEN UNSERE WARTUNGS-, UPGRADE- UND REPARATURDIENSTE?<\/h3>\n                                  <div class=\"link-button d-flex flex-wrap mt-4 justify-content-center gap-4\">\n                          <a class=\"dewetron-btn\" href=\"https:\/\/www.dewetron.com\/de\/kontakt\/\" target=\"\">\n          \n      <span>KONTAKTIEREN SIE UNSERE EXPERTEN<\/span>\n      <\/a>\n                                      <a class=\"dewetron-btn\" href=\"https:\/\/www.dewetron.com\/about-us\/legal\/legal-repair-policy-usa\/\" target=\"\">\n          \n      <span>REPARATURPOLITIK USA<\/span>\n      <\/a>\n                                      <a class=\"dewetron-btn\" href=\"https:\/\/www.dewetron.com\/\/de\/ueber-uns\/rechtliches\/repair-policy\/\" target=\"\">\n          \n      <span>REPARATURPOLITIK<\/span>\n      <\/a>\n                      <\/div>\n              <\/div>\n    <\/div>\n    <div class=\"triangle-left\">\n      <svg width=\"473\" height=\"469\" viewBox=\"0 0 473 469\" fill=\"none\" xmlns=\"http:\/\/www.w3.org\/2000\/svg\">\n<path d=\"M323.984 352.833H79.0486L13.0728 467.099V468.52H390.784L323.984 352.833Z\" fill=\"#B0B0AF\"\/>\n<path d=\"M134.967 0L-68 351.55L-2.02418 465.84L-0.810036 466.55L268.545 0H134.967Z\" fill=\"#B0B0AF\"\/>\n<path d=\"M472.154 352.833L275.853 12.8511L209.053 128.515L405.354 468.52L472.154 352.833Z\" fill=\"#B0B0AF\"\/>\n<\/svg>    <\/div>\n    <div class=\"triangle-right\">\n      <svg width=\"462\" height=\"644\" viewBox=\"0 0 462 644\" fill=\"none\" xmlns=\"http:\/\/www.w3.org\/2000\/svg\">\n<path d=\"M538.396 484.622H201.974L111.355 641.569V643.52H630.148L538.396 484.622Z\" fill=\"#B0B0AF\"\/>\n<path d=\"M278.779 0L0 482.86L90.6189 639.839L92.2865 640.814L462.251 0H278.779Z\" fill=\"#B0B0AF\"\/>\n<path d=\"M741.911 484.622L472.288 17.6514L380.537 176.518L650.159 643.52L741.911 484.622Z\" fill=\"#B0B0AF\"\/>\n<\/svg>    <\/div>\n  <\/div>\n<\/div>\n","protected":false},"excerpt":{"rendered":"","protected":false},"author":6,"featured_media":0,"parent":48205,"menu_order":75,"comment_status":"closed","ping_status":"closed","template":"","meta":{"_acf_changed":false,"footnotes":""},"class_list":["post-48207","page","type-page","status-publish","hentry"],"acf":[],"yoast_head":"<!-- This site is optimized with the Yoast SEO Premium plugin v23.9 (Yoast SEO v27.2) - https:\/\/yoast.com\/product\/yoast-seo-premium-wordpress\/ -->\n<title>Reparatur, Wartung und Upgrade-Service| DEWETRON<\/title>\n<meta name=\"description\" content=\"Mit unseren Full-Service-L\u00f6sungen f\u00fcr Reparatur, Wartung und Upgrade funktioniert Ihr DEWETRON-Messsysteme stets reibungslos.\" \/>\n<meta name=\"robots\" content=\"index, follow, max-snippet:-1, max-image-preview:large, max-video-preview:-1\" \/>\n<link rel=\"canonical\" href=\"https:\/\/www.dewetron.com\/de\/support\/reparatur-wartung-upgrade\/\" \/>\n<meta property=\"og:locale\" content=\"de_DE\" \/>\n<meta property=\"og:type\" content=\"article\" \/>\n<meta property=\"og:title\" content=\"Reparatur, Wartung &amp; Upgrade\" \/>\n<meta property=\"og:description\" content=\"Mit unseren Full-Service-L\u00f6sungen f\u00fcr Reparatur, Wartung und Upgrade funktioniert Ihr DEWETRON-Messsysteme stets reibungslos.\" \/>\n<meta property=\"og:url\" content=\"https:\/\/www.dewetron.com\/de\/support\/reparatur-wartung-upgrade\/\" \/>\n<meta property=\"og:site_name\" content=\"DEWETRON\" \/>\n<meta property=\"article:publisher\" content=\"https:\/\/www.facebook.com\/dewetron.gmbh\" \/>\n<meta property=\"article:modified_time\" content=\"2025-08-08T10:16:28+00:00\" \/>\n<meta name=\"twitter:card\" content=\"summary_large_image\" \/>\n<meta name=\"twitter:label1\" content=\"Est. reading time\" \/>\n\t<meta name=\"twitter:data1\" content=\"1 minute\" \/>\n<script type=\"application\/ld+json\" class=\"yoast-schema-graph\">{\"@context\":\"https:\/\/schema.org\",\"@graph\":[{\"@type\":\"WebPage\",\"@id\":\"https:\/\/www.dewetron.com\/de\/support\/reparatur-wartung-upgrade\/\",\"url\":\"https:\/\/www.dewetron.com\/de\/support\/reparatur-wartung-upgrade\/\",\"name\":\"Reparatur, Wartung und Upgrade-Service| DEWETRON\",\"isPartOf\":{\"@id\":\"https:\/\/www.dewetron.com\/de\/#website\"},\"datePublished\":\"2024-09-18T09:03:23+00:00\",\"dateModified\":\"2025-08-08T10:16:28+00:00\",\"description\":\"Mit unseren Full-Service-L\u00f6sungen f\u00fcr Reparatur, Wartung und Upgrade funktioniert Ihr DEWETRON-Messsysteme stets reibungslos.\",\"breadcrumb\":{\"@id\":\"https:\/\/www.dewetron.com\/de\/support\/reparatur-wartung-upgrade\/#breadcrumb\"},\"inLanguage\":\"de-DE\",\"potentialAction\":[{\"@type\":\"ReadAction\",\"target\":[\"https:\/\/www.dewetron.com\/de\/support\/reparatur-wartung-upgrade\/\"]}]},{\"@type\":\"BreadcrumbList\",\"@id\":\"https:\/\/www.dewetron.com\/de\/support\/reparatur-wartung-upgrade\/#breadcrumb\",\"itemListElement\":[{\"@type\":\"ListItem\",\"position\":1,\"name\":\"Home\",\"item\":\"https:\/\/www.dewetron.com\/de\/\"},{\"@type\":\"ListItem\",\"position\":2,\"name\":\"Support\",\"item\":\"https:\/\/www.dewetron.com\/de\/support\/\"},{\"@type\":\"ListItem\",\"position\":3,\"name\":\"Reparatur, Wartung &amp; Upgrade\"}]},{\"@type\":\"WebSite\",\"@id\":\"https:\/\/www.dewetron.com\/de\/#website\",\"url\":\"https:\/\/www.dewetron.com\/de\/\",\"name\":\"DEWETRON\",\"description\":\"\",\"publisher\":{\"@id\":\"https:\/\/www.dewetron.com\/de\/#organization\"},\"potentialAction\":[{\"@type\":\"SearchAction\",\"target\":{\"@type\":\"EntryPoint\",\"urlTemplate\":\"https:\/\/www.dewetron.com\/de\/?s={search_term_string}\"},\"query-input\":{\"@type\":\"PropertyValueSpecification\",\"valueRequired\":true,\"valueName\":\"search_term_string\"}}],\"inLanguage\":\"de-DE\"},{\"@type\":\"Organization\",\"@id\":\"https:\/\/www.dewetron.com\/de\/#organization\",\"name\":\"DEWETRON\",\"url\":\"https:\/\/www.dewetron.com\/de\/\",\"logo\":{\"@type\":\"ImageObject\",\"inLanguage\":\"de-DE\",\"@id\":\"https:\/\/www.dewetron.com\/de\/#\/schema\/logo\/image\/\",\"url\":\"https:\/\/www.dewetron.com\/app\/uploads\/2024\/08\/DEWETRON-logo-text-and-image.png\",\"contentUrl\":\"https:\/\/www.dewetron.com\/app\/uploads\/2024\/08\/DEWETRON-logo-text-and-image.png\",\"width\":900,\"height\":979,\"caption\":\"DEWETRON\"},\"image\":{\"@id\":\"https:\/\/www.dewetron.com\/de\/#\/schema\/logo\/image\/\"},\"sameAs\":[\"https:\/\/www.facebook.com\/dewetron.gmbh\",\"https:\/\/www.linkedin.com\/company\/dewetron\/\",\"https:\/\/www.instagram.com\/wearedewetron\/\",\"https:\/\/www.youtube.com\/channel\/UCE76NeVVgWF65etH8E1bOog\"]}]}<\/script>\n<!-- \/ Yoast SEO Premium plugin. -->","yoast_head_json":{"title":"Reparatur, Wartung und Upgrade-Service| DEWETRON","description":"Mit unseren Full-Service-L\u00f6sungen f\u00fcr Reparatur, Wartung und Upgrade funktioniert Ihr DEWETRON-Messsysteme stets reibungslos.","robots":{"index":"index","follow":"follow","max-snippet":"max-snippet:-1","max-image-preview":"max-image-preview:large","max-video-preview":"max-video-preview:-1"},"canonical":"https:\/\/www.dewetron.com\/de\/support\/reparatur-wartung-upgrade\/","og_locale":"de_DE","og_type":"article","og_title":"Reparatur, Wartung &amp; Upgrade","og_description":"Mit unseren Full-Service-L\u00f6sungen f\u00fcr Reparatur, Wartung und Upgrade funktioniert Ihr DEWETRON-Messsysteme stets reibungslos.","og_url":"https:\/\/www.dewetron.com\/de\/support\/reparatur-wartung-upgrade\/","og_site_name":"DEWETRON","article_publisher":"https:\/\/www.facebook.com\/dewetron.gmbh","article_modified_time":"2025-08-08T10:16:28+00:00","twitter_card":"summary_large_image","twitter_misc":{"Est. reading time":"1 minute"},"schema":{"@context":"https:\/\/schema.org","@graph":[{"@type":"WebPage","@id":"https:\/\/www.dewetron.com\/de\/support\/reparatur-wartung-upgrade\/","url":"https:\/\/www.dewetron.com\/de\/support\/reparatur-wartung-upgrade\/","name":"Reparatur, Wartung und Upgrade-Service| DEWETRON","isPartOf":{"@id":"https:\/\/www.dewetron.com\/de\/#website"},"datePublished":"2024-09-18T09:03:23+00:00","dateModified":"2025-08-08T10:16:28+00:00","description":"Mit unseren Full-Service-L\u00f6sungen f\u00fcr Reparatur, Wartung und Upgrade funktioniert Ihr DEWETRON-Messsysteme stets reibungslos.","breadcrumb":{"@id":"https:\/\/www.dewetron.com\/de\/support\/reparatur-wartung-upgrade\/#breadcrumb"},"inLanguage":"de-DE","potentialAction":[{"@type":"ReadAction","target":["https:\/\/www.dewetron.com\/de\/support\/reparatur-wartung-upgrade\/"]}]},{"@type":"BreadcrumbList","@id":"https:\/\/www.dewetron.com\/de\/support\/reparatur-wartung-upgrade\/#breadcrumb","itemListElement":[{"@type":"ListItem","position":1,"name":"Home","item":"https:\/\/www.dewetron.com\/de\/"},{"@type":"ListItem","position":2,"name":"Support","item":"https:\/\/www.dewetron.com\/de\/support\/"},{"@type":"ListItem","position":3,"name":"Reparatur, Wartung &amp; Upgrade"}]},{"@type":"WebSite","@id":"https:\/\/www.dewetron.com\/de\/#website","url":"https:\/\/www.dewetron.com\/de\/","name":"DEWETRON","description":"","publisher":{"@id":"https:\/\/www.dewetron.com\/de\/#organization"},"potentialAction":[{"@type":"SearchAction","target":{"@type":"EntryPoint","urlTemplate":"https:\/\/www.dewetron.com\/de\/?s={search_term_string}"},"query-input":{"@type":"PropertyValueSpecification","valueRequired":true,"valueName":"search_term_string"}}],"inLanguage":"de-DE"},{"@type":"Organization","@id":"https:\/\/www.dewetron.com\/de\/#organization","name":"DEWETRON","url":"https:\/\/www.dewetron.com\/de\/","logo":{"@type":"ImageObject","inLanguage":"de-DE","@id":"https:\/\/www.dewetron.com\/de\/#\/schema\/logo\/image\/","url":"https:\/\/www.dewetron.com\/app\/uploads\/2024\/08\/DEWETRON-logo-text-and-image.png","contentUrl":"https:\/\/www.dewetron.com\/app\/uploads\/2024\/08\/DEWETRON-logo-text-and-image.png","width":900,"height":979,"caption":"DEWETRON"},"image":{"@id":"https:\/\/www.dewetron.com\/de\/#\/schema\/logo\/image\/"},"sameAs":["https:\/\/www.facebook.com\/dewetron.gmbh","https:\/\/www.linkedin.com\/company\/dewetron\/","https:\/\/www.instagram.com\/wearedewetron\/","https:\/\/www.youtube.com\/channel\/UCE76NeVVgWF65etH8E1bOog"]}]}},"_links":{"self":[{"href":"https:\/\/www.dewetron.com\/de\/wp-json\/wp\/v2\/pages\/48207","targetHints":{"allow":["GET"]}}],"collection":[{"href":"https:\/\/www.dewetron.com\/de\/wp-json\/wp\/v2\/pages"}],"about":[{"href":"https:\/\/www.dewetron.com\/de\/wp-json\/wp\/v2\/types\/page"}],"author":[{"embeddable":true,"href":"https:\/\/www.dewetron.com\/de\/wp-json\/wp\/v2\/users\/6"}],"replies":[{"embeddable":true,"href":"https:\/\/www.dewetron.com\/de\/wp-json\/wp\/v2\/comments?post=48207"}],"version-history":[{"count":8,"href":"https:\/\/www.dewetron.com\/de\/wp-json\/wp\/v2\/pages\/48207\/revisions"}],"predecessor-version":[{"id":53504,"href":"https:\/\/www.dewetron.com\/de\/wp-json\/wp\/v2\/pages\/48207\/revisions\/53504"}],"up":[{"embeddable":true,"href":"https:\/\/www.dewetron.com\/de\/wp-json\/wp\/v2\/pages\/48205"}],"wp:attachment":[{"href":"https:\/\/www.dewetron.com\/de\/wp-json\/wp\/v2\/media?parent=48207"}],"curies":[{"name":"wp","href":"https:\/\/api.w.org\/{rel}","templated":true}]}}